{"id":3206,"date":"2022-11-07T14:23:39","date_gmt":"2022-11-07T12:23:39","guid":{"rendered":"https:\/\/aplast.ro\/?page_id=3206"},"modified":"2022-11-07T14:23:39","modified_gmt":"2022-11-07T12:23:39","slug":"nota-informativa-per-il-cliente","status":"publish","type":"page","link":"https:\/\/aplast.ro\/it\/nota-informativa-per-il-cliente\/","title":{"rendered":"Nota informativa per il cliente"},"content":{"rendered":"<p><strong>AVVISO in materia di protezione dei dati personali<\/strong><\/p>\n<p><strong>CLIENTI INDIVIDUALI<\/strong><\/p>\n<p><strong>\u00a0<\/strong><\/p>\n<p><strong>\u00a0<\/strong><\/p>\n<p><strong>APLAST INDUSTRIA DEL LEGNO SRL. (&#8220;APLAST<\/strong>&#8220;) comprende l&#8217;importanza dei tuoi dati personali, motivo per cui ci impegniamo a garantire la liceit\u00e0 del loro trattamento da parte nostra.<\/p>\n<ol>\n<li><strong> Trattamento dei Dati Personali<\/strong><\/li>\n<\/ol>\n<p>APLAST e i suoi partner contrattuali tratteranno i dati personali forniti in conformit\u00e0 a quanto previsto dal Regolamento UE 679\/2016 in materia di protezione dei dati personali (GDPR) per finalit\u00e0 di gestione ed esecuzione del contratto\/ordine, gestione dei rapporti commerciali con il cliente, nonch\u00e9 altre finalit\u00e0 al fine di adempiere agli obblighi contrattuali che la societ\u00e0 ha nei confronti dei propri clienti.<\/p>\n<ol start=\"2\">\n<li><strong> Accesso ai Dati Personali<\/strong><\/li>\n<\/ol>\n<p>L&#8217;accesso ai Suoi dati sar\u00e0 limitato al personale autorizzato, secondo le finalit\u00e0 previste al punto 1, nonch\u00e9 al personale che amministra i sistemi informatici. L&#8217;azienda rispetta i requisiti del GDPR mantenendo aggiornati i dati, conservando e distruggendo in modo sicuro i dati, raccogliendo la quantit\u00e0 minima di Dati Personali necessaria alle finalit\u00e0 del trattamento e proteggendo i dati da perdita, uso inappropriato, divulgazione o accesso non autorizzato. L&#8217;azienda adotta misure tecniche adeguate per proteggere i dati personali.<\/p>\n<ol start=\"3\">\n<li><strong> Finalit\u00e0 della raccolta dei dati<\/strong><\/li>\n<\/ol>\n<p>Quando ci fornisci dati personali, questi possono essere raccolti per telefono, e-mail, faccia a faccia o sul sito Web www.aplast.ro. APLAST pu\u00f2 utilizzarli per i seguenti scopi dichiarati, se non diversamente specificato:<\/p>\n<ul>\n<li>per elaborare i servizi da Lei richiesti o acquistati telefonicamente, nel sistema on line o presso la sede aziendale e per fornirLe ulteriori informazioni in merito a tali servizi;<\/li>\n<li>elaborazione delle richieste di offerta;<\/li>\n<li>fornire i prodotti\/servizi da Lei richiesti\/acquistati;<\/li>\n<li>per garantire che la pagina web sia pertinente alle vostre esigenze;<\/li>\n<li>fatturazione dei servizi da Lei ordinati;<\/li>\n<li>trasmissione dei dati personali ai partner contrattuali di APLAST;<\/li>\n<li>invio di offerte, messaggi pubblicitari e di marketing;<\/li>\n<li>Predisposizione di vari report per lo svolgimento dell&#8217;attivit\u00e0 APLAST.<\/li>\n<\/ul>\n<p>&nbsp;<\/p>\n<p>APLAST pu\u00f2 comunicare i dati personali a terzi ove ci\u00f2 sia imposto dalla legge o nei casi di buona fede ove tali azioni siano necessarie per ottemperare a disposizioni di legge; proteggere e difendere i diritti di propriet\u00e0 di APLAST e del sito web www.aplast.ro; agire in circostanze di emergenza per proteggere la sicurezza personale dei dipendenti, utenti di prodotti o servizi.<\/p>\n<p>Quando ad APLAST viene richiesto di fornire dati personali o ci \u00e8 consentito farlo, verranno comunicati solo i dati necessari al rigoroso adempimento dell&#8217;oggetto.<\/p>\n<p>I dati personali potranno essere comunicati, senza il suo consenso, in caso di contenzioso\/contenzioso in materia di frode, ad enti autorizzati.<\/p>\n<p><strong>\u00a0<\/strong><\/p>\n<ol start=\"5\">\n<li><strong> Utilizzo dei dati raccolti.<\/strong><\/li>\n<\/ol>\n<p>APLAST pu\u00f2 utilizzare i dati risultanti dal trattamento per le seguenti finalit\u00e0:<\/p>\n<ul>\n<li>pubblicare, promuovere, offrire i servizi offerti da APLAST;<\/li>\n<li>ottenere informazioni per propri scopi;<\/li>\n<li>creazione di report\/analisi;<\/li>\n<\/ul>\n<ol start=\"6\">\n<li><strong> Per quanto tempo APLAST conserver\u00e0 queste informazioni?<\/strong><\/li>\n<\/ol>\n<p>APLAST conserver\u00e0 queste informazioni in un ambiente sicuro e protetto per l&#8217;intero periodo della sua attivit\u00e0, purch\u00e9 riteniamo che le informazioni possano aiutarci a capire meglio come possiamo servirti e rispettare i tuoi desideri, salvo nel caso in cui ce lo richiedi , per motivi legittimi, di interrompere il trattamento dei tuoi dati. Al di l\u00e0 di questa considerazione, la normativa vigente potrebbe richiederci di conservare le informazioni per un certo periodo di tempo.<\/p>\n<ol start=\"7\">\n<li><strong> I tuoi diritti<\/strong><\/li>\n<\/ol>\n<p>Relativamente al trattamento dei Dati Personali, Lei ha i seguenti diritti: accesso e rettifica, cancellazione o limitazione del trattamento dei dati raccolti, diritto all&#8217;informazione, diritto di opporsi al trattamento dei Suoi dati per finalit\u00e0 di marketing.<\/p>\n<p>Puoi esercitare questi diritti nei seguenti modi: inviando una e-mail all&#8217;indirizzo resurseumane@aplast.com o inviando una richiesta scritta all&#8217;indirizzo APLAST WOOD INDUSTRY SRL., Comune Ceptura de Jos, Cladirea Aplast, contea di Prohova. La societ\u00e0 comunicher\u00e0 le informazioni richieste entro 30 giorni dalla data di ricezione della richiesta.<\/p>\n<ol start=\"8\">\n<li><strong> Trasferimento dati<\/strong><\/li>\n<\/ol>\n<p>La societ\u00e0 pu\u00f2 trasferire i tuoi dati personali ad altri fornitori al fine di adempiere alle finalit\u00e0 previste al punto 1.<\/p>\n<p>Accordo con il cliente:<\/p>\n<p>\u25a1 Acconsento al trattamento dei miei dati personali sopra menzionati<\/p>\n<p>\u25a1 Non acconsento al trattamento dei miei dati personali sopra menzionati<\/p>\n<p>&nbsp;<\/p>\n<p>Nome e Cognome:_________________ Data:_______________ Firma:_____________________<\/p>\n<p>&nbsp;<\/p>\n<p>&nbsp;<\/p>\n<p><strong>\u00a0<\/strong><\/p>\n<p><strong>\u00a0<\/strong><\/p>\n","protected":false},"excerpt":{"rendered":"<p>AVVISO in materia di protezione dei dati personali CLIENTI INDIVIDUALI \u00a0 \u00a0 APLAST INDUSTRIA DEL LEGNO SRL. (&#8220;APLAST&#8220;) comprende l&#8217;importanza dei tuoi dati personali, motivo per cui ci impegniamo a garantire la liceit\u00e0 del loro trattamento da parte nostra. Trattamento dei Dati Personali APLAST e i suoi partner contrattuali tratteranno i dati personali forniti in [&hellip;]<\/p>\n","protected":false},"author":3,"featured_media":0,"parent":0,"menu_order":89,"comment_status":"closed","ping_status":"closed","template":"","meta":{"footnotes":""},"yoast_head":"<!-- This site is optimized with the Yoast SEO plugin v19.9 - https:\/\/yoast.com\/wordpress\/plugins\/seo\/ -->\n<title>Nota informativa per il cliente | Aplast<\/title>\n<meta name=\"robots\" content=\"noindex, follow\" \/>\n<meta property=\"og:locale\" content=\"it_IT\" \/>\n<meta property=\"og:type\" content=\"article\" \/>\n<meta property=\"og:title\" content=\"Nota informativa per il cliente | Aplast\" \/>\n<meta property=\"og:description\" content=\"AVVISO in materia di protezione dei dati personali CLIENTI INDIVIDUALI \u00a0 \u00a0 APLAST INDUSTRIA DEL LEGNO SRL. (&#8220;APLAST&#8220;) comprende l&#8217;importanza dei tuoi dati personali, motivo per cui ci impegniamo a garantire la liceit\u00e0 del loro trattamento da parte nostra. Trattamento dei Dati Personali APLAST e i suoi partner contrattuali tratteranno i dati personali forniti in [&hellip;]\" \/>\n<meta property=\"og:url\" content=\"https:\/\/aplast.ro\/it\/nota-informativa-per-il-cliente\/\" \/>\n<meta property=\"og:site_name\" content=\"Aplast\" \/>\n<meta name=\"twitter:card\" content=\"summary_large_image\" \/>\n<script type=\"application\/ld+json\" class=\"yoast-schema-graph\">{\"@context\":\"https:\/\/schema.org\",\"@graph\":[{\"@type\":\"WebPage\",\"@id\":\"https:\/\/aplast.ro\/it\/nota-informativa-per-il-cliente\/\",\"url\":\"https:\/\/aplast.ro\/it\/nota-informativa-per-il-cliente\/\",\"name\":\"Nota informativa per il cliente | Aplast\",\"isPartOf\":{\"@id\":\"https:\/\/aplast.ro\/#website\"},\"datePublished\":\"2022-11-07T12:23:39+00:00\",\"dateModified\":\"2022-11-07T12:23:39+00:00\",\"breadcrumb\":{\"@id\":\"https:\/\/aplast.ro\/it\/nota-informativa-per-il-cliente\/#breadcrumb\"},\"inLanguage\":\"it-IT\",\"potentialAction\":[{\"@type\":\"ReadAction\",\"target\":[\"https:\/\/aplast.ro\/it\/nota-informativa-per-il-cliente\/\"]}]},{\"@type\":\"BreadcrumbList\",\"@id\":\"https:\/\/aplast.ro\/it\/nota-informativa-per-il-cliente\/#breadcrumb\",\"itemListElement\":[{\"@type\":\"ListItem\",\"position\":1,\"name\":\"Home\",\"item\":\"https:\/\/aplast.ro\/it\/\"},{\"@type\":\"ListItem\",\"position\":2,\"name\":\"Nota informativa per il cliente\"}]},{\"@type\":\"WebSite\",\"@id\":\"https:\/\/aplast.ro\/#website\",\"url\":\"https:\/\/aplast.ro\/\",\"name\":\"Aplast\",\"description\":\"Ferestre \u0219i U\u0219i PVC &amp; Termopan\",\"publisher\":{\"@id\":\"https:\/\/aplast.ro\/#organization\"},\"potentialAction\":[{\"@type\":\"SearchAction\",\"target\":{\"@type\":\"EntryPoint\",\"urlTemplate\":\"https:\/\/aplast.ro\/?s={search_term_string}\"},\"query-input\":\"required name=search_term_string\"}],\"inLanguage\":\"it-IT\"},{\"@type\":\"Organization\",\"@id\":\"https:\/\/aplast.ro\/#organization\",\"name\":\"Aplast\",\"url\":\"https:\/\/aplast.ro\/\",\"logo\":{\"@type\":\"ImageObject\",\"inLanguage\":\"it-IT\",\"@id\":\"https:\/\/aplast.ro\/#\/schema\/logo\/image\/\",\"url\":\"https:\/\/aplast.ro\/wp-content\/uploads\/2023\/08\/logo-aplast.png\",\"contentUrl\":\"https:\/\/aplast.ro\/wp-content\/uploads\/2023\/08\/logo-aplast.png\",\"width\":213,\"height\":100,\"caption\":\"Aplast\"},\"image\":{\"@id\":\"https:\/\/aplast.ro\/#\/schema\/logo\/image\/\"}}]}<\/script>\n<!-- \/ Yoast SEO plugin. -->","yoast_head_json":{"title":"Nota informativa per il cliente | Aplast","robots":{"index":"noindex","follow":"follow"},"og_locale":"it_IT","og_type":"article","og_title":"Nota informativa per il cliente | Aplast","og_description":"AVVISO in materia di protezione dei dati personali CLIENTI INDIVIDUALI \u00a0 \u00a0 APLAST INDUSTRIA DEL LEGNO SRL. (&#8220;APLAST&#8220;) comprende l&#8217;importanza dei tuoi dati personali, motivo per cui ci impegniamo a garantire la liceit\u00e0 del loro trattamento da parte nostra. Trattamento dei Dati Personali APLAST e i suoi partner contrattuali tratteranno i dati personali forniti in [&hellip;]","og_url":"https:\/\/aplast.ro\/it\/nota-informativa-per-il-cliente\/","og_site_name":"Aplast","twitter_card":"summary_large_image","schema":{"@context":"https:\/\/schema.org","@graph":[{"@type":"WebPage","@id":"https:\/\/aplast.ro\/it\/nota-informativa-per-il-cliente\/","url":"https:\/\/aplast.ro\/it\/nota-informativa-per-il-cliente\/","name":"Nota informativa per il cliente | Aplast","isPartOf":{"@id":"https:\/\/aplast.ro\/#website"},"datePublished":"2022-11-07T12:23:39+00:00","dateModified":"2022-11-07T12:23:39+00:00","breadcrumb":{"@id":"https:\/\/aplast.ro\/it\/nota-informativa-per-il-cliente\/#breadcrumb"},"inLanguage":"it-IT","potentialAction":[{"@type":"ReadAction","target":["https:\/\/aplast.ro\/it\/nota-informativa-per-il-cliente\/"]}]},{"@type":"BreadcrumbList","@id":"https:\/\/aplast.ro\/it\/nota-informativa-per-il-cliente\/#breadcrumb","itemListElement":[{"@type":"ListItem","position":1,"name":"Home","item":"https:\/\/aplast.ro\/it\/"},{"@type":"ListItem","position":2,"name":"Nota informativa per il cliente"}]},{"@type":"WebSite","@id":"https:\/\/aplast.ro\/#website","url":"https:\/\/aplast.ro\/","name":"Aplast","description":"Ferestre \u0219i U\u0219i PVC &amp; Termopan","publisher":{"@id":"https:\/\/aplast.ro\/#organization"},"potentialAction":[{"@type":"SearchAction","target":{"@type":"EntryPoint","urlTemplate":"https:\/\/aplast.ro\/?s={search_term_string}"},"query-input":"required name=search_term_string"}],"inLanguage":"it-IT"},{"@type":"Organization","@id":"https:\/\/aplast.ro\/#organization","name":"Aplast","url":"https:\/\/aplast.ro\/","logo":{"@type":"ImageObject","inLanguage":"it-IT","@id":"https:\/\/aplast.ro\/#\/schema\/logo\/image\/","url":"https:\/\/aplast.ro\/wp-content\/uploads\/2023\/08\/logo-aplast.png","contentUrl":"https:\/\/aplast.ro\/wp-content\/uploads\/2023\/08\/logo-aplast.png","width":213,"height":100,"caption":"Aplast"},"image":{"@id":"https:\/\/aplast.ro\/#\/schema\/logo\/image\/"}}]}},"_links":{"self":[{"href":"https:\/\/aplast.ro\/it\/wp-json\/wp\/v2\/pages\/3206"}],"collection":[{"href":"https:\/\/aplast.ro\/it\/wp-json\/wp\/v2\/pages"}],"about":[{"href":"https:\/\/aplast.ro\/it\/wp-json\/wp\/v2\/types\/page"}],"author":[{"embeddable":true,"href":"https:\/\/aplast.ro\/it\/wp-json\/wp\/v2\/users\/3"}],"replies":[{"embeddable":true,"href":"https:\/\/aplast.ro\/it\/wp-json\/wp\/v2\/comments?post=3206"}],"version-history":[{"count":1,"href":"https:\/\/aplast.ro\/it\/wp-json\/wp\/v2\/pages\/3206\/revisions"}],"predecessor-version":[{"id":3209,"href":"https:\/\/aplast.ro\/it\/wp-json\/wp\/v2\/pages\/3206\/revisions\/3209"}],"wp:attachment":[{"href":"https:\/\/aplast.ro\/it\/wp-json\/wp\/v2\/media?parent=3206"}],"curies":[{"name":"wp","href":"https:\/\/api.w.org\/{rel}","templated":true}]}}