{"id":2321,"date":"2021-04-15T16:14:02","date_gmt":"2021-04-15T13:14:02","guid":{"rendered":"http:\/\/dev.quart.ro\/aplast\/?page_id=2321"},"modified":"2024-08-21T22:34:57","modified_gmt":"2024-08-21T19:34:57","slug":"gestione-dei-cookie","status":"publish","type":"page","link":"https:\/\/aplast.ro\/it\/gestione-dei-cookie\/","title":{"rendered":"Gestione dei Cookie"},"content":{"rendered":"<p class=\"p1\">1. Il sito www.aplast.ro utilizza cookies, che garantiscono il corretto funzionamento del sito, ma anche cookies utilizzati sia per fornire informazioni il pi\u00f9 possibile rilevanti per gli utenti, sia per adattare i servizi alle loro esigenze, secondo le informazioni fornite in questa politica.<\/p>\n<p class=\"p1\">Questa policy fa riferimento ai cookie utilizzati, a seconda dei casi, nei siti web e nelle applicazioni gestite dal &#8220;&#8221; Aplast Wood Industry SRL&#8221; <span class=\"Apple-converted-space\">\u00a0 \u00a0 <\/span>. I cookie vengono utilizzati per le seguenti finalit\u00e0:<\/p>\n<p class=\"p1\">&#8211; funzionamento del sito<\/p>\n<p class=\"p1\">&#8211; analisi del comportamento dei visitatori del sito<\/p>\n<p class=\"p1\">&#8211; per pubblicit\u00e0.<\/p>\n<p class=\"p1\">Questa politica \u00e8 integrata dalla politica &#8220;&#8221; Aplast Wood Industry SRL&#8221; <span class=\"Apple-converted-space\">\u00a0 \u00a0 <\/span>in materia di protezione dei dati personali e dai Termini e condizioni del sito, che invitiamo a leggere, comprese le informazioni utili aggiuntive, incluso il responsabile del &#8221; Aplast Wood Industry SRL&#8221;<span class=\"Apple-converted-space\">\u00a0 \u00a0 \u00a0 <\/span>per la protezione dei dati personali, tutte le finalit\u00e0 del trattamento dei dati da parte del &#8220;&#8221; Aplast Wood Industry SRL&#8221;, i tuoi diritti, nonch\u00e9 le loro eccezioni e limiti.<\/p>\n<p class=\"p1\">La corretta protezione dei dati personali \u00e8 un obiettivo importante per il &#8221; Aplast Wood Industry SRL&#8221;. Il nostro desiderio \u00e8 essere il pi\u00f9 trasparenti possibile sull&#8217;approccio in questo settore. Per qualsiasi domanda, contattaci a office@aplast.ro.<\/p>\n<p class=\"p1\"><b>2. Cosa sono i cookie?<\/b><\/p>\n<p class=\"p1\">Un cookie \u00e8 un piccolo file, composto da lettere e numeri, che verr\u00e0 memorizzato su un computer, terminale mobile o altra apparecchiatura di un utente che accede a Internet. Il cookie viene installato su richiesta del terminale dell&#8217;utente ad un server appartenente al Aplast&#8221;<span class=\"Apple-converted-space\">\u00a0 \u00a0 <\/span>.<\/p>\n<p class=\"p1\">La legge stabilisce che possiamo memorizzare i cookie sul dispositivo dell&#8217;utente se sono strettamente necessari per il funzionamento di questo sito. Per tutti gli altri tipi di cookie \u00e8 necessaria l&#8217;autorizzazione degli utenti. Pertanto, puoi, in qualsiasi momento, modificare o revocare il tuo consenso disabilitando la casella dei cookie sul nostro sito web.<\/p>\n<p class=\"p1\"><b>3. A cosa servono i cookie?<\/b><\/p>\n<p class=\"p1\">Questi file consentono principalmente di riconoscere il terminale dell&#8217;utente e presentare il contenuto in modo pertinente, adattato alle preferenze dell&#8217;utente. I cookie forniscono agli utenti una piacevole esperienza di navigazione e supportano gli sforzi di &#8221; Aplast&#8221; per fornire servizi pi\u00f9 user-friendly, ad esempio: &#8211; preferenze per la privacy online, carrello della spesa o pubblicit\u00e0 pertinente. Sono inoltre utilizzati nella preparazione di statistiche aggregate anonime che ci aiutano a capire come un utente trae vantaggio dalle nostre pagine web, permettendoci di migliorarne la struttura e il contenuto, senza che l&#8217;utente possa essere identificato personalmente.<\/p>\n<p class=\"p1\"><b>4. Quali cookie utilizziamo?<\/b><\/p>\n<p class=\"p1\">Utilizziamo due tipi di cookie: per sessione e fissi. I cookie per sessione sono file temporanei che rimangono nel terminale dell&#8217;utente fino alla fine della sessione o fino alla chiusura dell&#8217;applicazione. I cookie fissi rimangono sul terminale dell&#8217;utente per un periodo determinato dai parametri dei cookie o fino a quando non vengono cancellati manualmente dall&#8217;utente.<\/p>\n<p class=\"p1\">Abbiamo classificato i nostri cookie nelle seguenti categorie, per evidenziare la necessit\u00e0 della loro esistenza:<\/p>\n<p class=\"p1\">1. Strettamente necessari (funzionali) &#8211; I cookie necessari aiutano a rendere fruibile un sito attivando le funzioni di base, come la navigazione della pagina e l&#8217;accesso alle aree protette del sito. Il sito non pu\u00f2 funzionare in parametri ottimali senza questi cookie.<\/p>\n<p class=\"p1\">2. Preferenze &#8211; I cookie preferiti consentono a un sito di conservare informazioni che cambiano in base a come il sito si comporta o appare, come la lingua o la regione preferita.<\/p>\n<p class=\"p1\">3. Statistiche &#8211; I cookie statistici aiutano i proprietari del sito a capire come i visitatori interagiscono con i siti raccogliendo e riportando informazioni in forma anonima.<\/p>\n<p class=\"p1\">4. Marketing &#8211; I cookie di marketing vengono utilizzati per tracciare gli utenti da un sito all&#8217;altro. L&#8217;intenzione \u00e8 quella di mostrare annunci pertinenti e coinvolgenti ai singoli utenti, in modo che siano pi\u00f9 preziosi per gli inserzionisti e le terze parti coinvolte nella pubblicit\u00e0. Utilizziamo quindi queste informazioni per visualizzare annunci e pagine di interesse, per individuare il modo in cui comunichiamo o per personalizzare il contenuto delle comunicazioni che inviamo. Se preferisce, l&#8217;utente pu\u00f2 rinunciarvi. L&#8217;individualizzazione del contenuto significa che include informazioni che riflettono l&#8217;interesse dell&#8217;utente per il contenuto delle nostre pagine o offerte o promozioni che potrebbero essere di interesse e per migliorare il modo in cui rispondiamo alle sue esigenze.<\/p>\n<p class=\"p1\"><b>5. Come vengono utilizzati i cookie da questo sito?<\/b><\/p>\n<p class=\"p1\">I cookie e \/ o tecnologie simili strettamente necessari sono essenziali per il corretto funzionamento del sito, essendo impostati sul tuo dispositivo quando accedi al sito o in seguito alle azioni compiute sul sito, a seconda dei casi. Puoi impostare il tuo browser in modo da bloccare i cookie, ma in questo caso alcune sezioni del sito non funzioneranno correttamente.<\/p>\n<p class=\"p1\">Utilizziamo i cookie per monitorare gli acquisti dei clienti e quali azioni hanno intrapreso sul sito. I cookie consentono inoltre all&#8217;utente di accedere a servizi come il tracciamento dell&#8217;ordine effettuato, il controllo del proprio account o la ricezione di ulteriori vantaggi.<\/p>\n<p class=\"p1\">I nostri cookie non conservano dati personali come nome o coordinate bancarie. Consentono solo di trovare informazioni che ci aiutano a collegare i dati di navigazione effettuati ai dati personali dell&#8217;utente quando sceglie di registrarsi a un servizio. Per questo, in alcune situazioni utilizziamo cookie persistenti. Prendiamo sul serio la protezione dei tuoi dati personali: monitoriamo e miglioriamo sempre il modo in cui possiamo proteggerli. Ogni volta che l&#8217;utente accede al sito, vedr\u00e0 il seguente messaggio:<\/p>\n<p class=\"p1\">,, <b>Questo sito utilizza i cookie. Utilizziamo i cookie per personalizzare i contenuti e gli annunci, per fornire funzionalit\u00e0 di social network e per analizzare il traffico. Se scegli di continuare a utilizzare il nostro sito Web, accetti la politica di utilizzo dei cookie. Il suo consenso si applica alle seguenti aree: &#8220;aplast.ro&#8221;.<\/b><\/p>\n<p class=\"p1\"><b>6. I cookie contengono dati personali?<\/b><\/p>\n<p class=\"p1\">I cookie non richiedono l&#8217;utilizzo di informazioni personali e, in molti casi, non identificano personalmente gli utenti di Internet. Tuttavia, ci sono situazioni in cui i dati personali possono essere raccolti attraverso l&#8217;uso di cookie per facilitare determinate funzionalit\u00e0 per l&#8217;utente o per offrire all&#8217;utente un&#8217;esperienza pi\u00f9 adatta alle sue preferenze. Tali dati sono crittografati in un modo che ne impedisce l&#8217;accesso a persone non autorizzate.<\/p>\n<p class=\"p1\"><b>7. Blocca i cookie<\/b><\/p>\n<p class=\"p1\">Se l&#8217;utente desidera bloccare i cookie, alcune funzionalit\u00e0 del sito verranno disabilitate e ci\u00f2 potrebbe generare alcuni malfunzionamenti o errori nell&#8217;utilizzo del nostro sito. Ad esempio, il blocco dei cookie potrebbe impedire:<\/p>\n<p class=\"p1\">&#8211; acquisti online<\/p>\n<p class=\"p1\">&#8211; autenticazione nell&#8217;account utente<\/p>\n<p class=\"p1\">La maggior parte dei browser \u00e8 impostata per accettare i cookie per impostazione predefinita, ma \u00e8 possibile modificare le impostazioni per bloccare alcuni o tutti i cookie.<\/p>\n<p class=\"p1\">La decisione di conservare o eliminare i cookie spetta a ciascun utente. Prima di intraprendere qualsiasi azione al riguardo, ti consigliamo di considerare alcune cose:<\/p>\n<p class=\"p1\">Lo scopo dei cookie \u00e8 migliorare l&#8217;esperienza di navigazione degli utenti e aiutarci, attraverso i dati statistici raccolti a seguito delle visite al sito web www.aplast.ros\u0103 miglioriamo i prodotti e servizi che offriamo. Questi file non rappresentano una minaccia per la sicurezza dei dati degli utenti. Non accederanno n\u00e9 trasmetteranno alcuna informazione memorizzata sul disco rigido del proprio computer o telefono.<\/p>\n<p class=\"p1\">La loro dimensione \u00e8 trascurabile, senza alterare le prestazioni del computer o del telefono su cui sono memorizzati. L&#8217;eventuale cancellazione di questi file potrebbe generare difficolt\u00e0 nella navigazione nel sito web www.aplast.ro, limitando le possibilit\u00e0 degli utenti di visualizzare il contenuto. Si consiglia agli utenti di non eliminare questi file perch\u00e9 l&#8217;eliminazione, la disabilitazione o il rifiuto di registrarli sul proprio computer o telefono influir\u00e0 implicitamente sul modo in cui si naviga in Internet, limitando le prestazioni dei siti Web visitati.<\/p>\n<p class=\"p1\">Gli utenti devono anche essere consapevoli che l&#8217;eliminazione dei cookie significa che gli annunci pubblicitari non saranno pi\u00f9 adattati ai loro interessi. Per effettuare un acquisto online o per conoscere i prodotti \/ servizi \u201caplast \u201d \u00e8 necessario attivare i cookies nel browser internet. \u00c8 possibile accedere a queste impostazioni, di regola, nella sezione &#8220;opzioni&#8221; o nel menu &#8220;preferenze&#8221; del browser.<\/p>\n<p class=\"p1\"><b>8. Amministrazione delle preferenze di posizionamento dei cookie<\/b><\/p>\n<p class=\"p1\">In generale, un&#8217;applicazione utilizzata per accedere alle pagine web consente di salvare di default sul terminale cookie e \/ o tecnologie simili. Questi vengono memorizzati per i periodi descritti nella tabella seguente. Queste impostazioni possono essere modificate in modo che l&#8217;amministrazione automatica dei cookie venga bloccata dal browser web o l&#8217;utente sia informato ogni volta che i cookie vengono inviati al suo terminale.<\/p>\n<p class=\"p1\">Informazioni dettagliate sulle possibilit\u00e0 e le modalit\u00e0 di gestione dei cookie sono disponibili nell&#8217;area delle impostazioni dell&#8217;applicazione (browser web). Limitare l&#8217;uso dei cookie pu\u00f2 influire su alcune funzionalit\u00e0 del sito web.<\/p>\n<p class=\"p1\"><b>9. Perch\u00e9 i cookie sono importanti per Internet?<\/b><\/p>\n<p class=\"p1\">I cookie e \/ o tecnologie simili sono un punto focale del funzionamento efficiente di Internet, contribuendo a generare un&#8217;esperienza di navigazione amichevole adattata alle preferenze e agli interessi di ciascun utente. Il rifiuto o la disabilitazione dei cookie pu\u00f2 comportare l&#8217;impossibilit\u00e0 di utilizzare alcuni siti o parti di siti.<\/p>\n<p class=\"p1\">Disabilitare i cookie non significa che l&#8217;utente non ricever\u00e0 pi\u00f9, a norma di legge, pubblicit\u00e0 online &#8211; ma solo che non potr\u00e0 pi\u00f9 tenere conto delle sue preferenze e interessi, evidenziati dal comportamento di navigazione.<\/p>\n<p class=\"p1\">Esempi di usi importanti dei cookie (che non richiedono a un utente di autenticarsi tramite un account):<\/p>\n<p class=\"p1\">\u2022 Contenuti e servizi adattati alle preferenze dell&#8217;utente &#8211; categorie di prodotti e servizi.<\/p>\n<p class=\"p1\">\u2022 Offerte adattate agli interessi degli utenti<\/p>\n<p class=\"p1\">\u2022 Ricordare le password<\/p>\n<p class=\"p1\">\u2022 Conservazione dei filtri di protezione dei minori sui contenuti Internet (opzioni della modalit\u00e0 famiglia, funzioni di ricerca sicura).<\/p>\n<p class=\"p1\">\u2022 Limita la frequenza di pubblicazione degli annunci: limita il numero di impressioni di un annuncio per un particolare utente su un sito.<\/p>\n<p class=\"p1\">\u2022 Fornire pubblicit\u00e0 pertinente per l&#8217;utente.<\/p>\n<p class=\"p1\">\u2022 Misurazione, ottimizzazione e adattamento delle funzionalit\u00e0 di analisi &#8211; come la conferma di un certo livello di traffico su un sito web, il tipo di contenuto visualizzato e il modo in cui un utente raggiunge un sito web (ad es. Tramite motori di ricerca, direttamente, da altri siti web, ecc.). I siti web effettuano queste analisi riguardo al loro utilizzo per migliorare i propri servizi a vantaggio degli utenti.<\/p>\n<p class=\"p1\"><b>10. Problemi di sicurezza e privacy<\/b><\/p>\n<p class=\"p1\">In generale, i browser hanno impostazioni sulla privacy integrate che forniscono diversi livelli di accettazione dei cookie, il periodo di validit\u00e0 e la cancellazione automatica dopo che l&#8217;utente ha visitato un determinato sito.<\/p>\n<p class=\"p1\">Altri problemi di sicurezza relativi ai cookie:<\/p>\n<p class=\"p1\">\u2022 Personalizzare le impostazioni del browser per i cookie in modo da riflettere un livello confortevole di sicurezza per gli utenti dell&#8217;uso dei cookie.<\/p>\n<p class=\"p1\">\u2022 Se l&#8217;utente \u00e8 l&#8217;unica persona che utilizza il computer, pu\u00f2 impostare, se lo desidera, date di scadenza lunghe per la memorizzazione della cronologia di navigazione e dei dati di accesso personali.<\/p>\n<p class=\"p1\">\u2022 Se due o pi\u00f9 persone utilizzano lo stesso computer, \u00e8 possibile impostare il browser in modo che cancelli i dati di navigazione individuali ogni volta che il browser viene chiuso. Questo \u00e8 un modo per accedere ai siti che inseriscono cookie e per cancellare eventuali informazioni sulla visita al termine della sessione di navigazione.<\/p>\n<p class=\"p1\"><b>11. Link utili e informazioni aggiuntive<\/b><\/p>\n<p class=\"p1\">La tabella seguente descrive ogni cookie utilizzato nel sito web, compreso il suo ruolo. Non utilizzeremo questi cookie in alcun modo diverso da quelli indicati nella presente Cookie Policy.<\/p>\n","protected":false},"excerpt":{"rendered":"<p>1. Il sito www.aplast.ro utilizza cookies, che garantiscono il corretto funzionamento del sito, ma anche cookies utilizzati sia per fornire informazioni il pi\u00f9 possibile rilevanti per gli utenti, sia per adattare i servizi alle loro esigenze, secondo le informazioni fornite in questa politica. Questa policy fa riferimento ai cookie utilizzati, a seconda dei casi, nei [&hellip;]<\/p>\n","protected":false},"author":2,"featured_media":1422,"parent":0,"menu_order":99,"comment_status":"closed","ping_status":"closed","template":"","meta":{"footnotes":""},"yoast_head":"<!-- This site is optimized with the Yoast SEO plugin v19.9 - https:\/\/yoast.com\/wordpress\/plugins\/seo\/ -->\n<title>Gestione dei Cookie | Aplast<\/title>\n<meta name=\"robots\" content=\"noindex, follow\" \/>\n<meta property=\"og:locale\" content=\"it_IT\" \/>\n<meta property=\"og:type\" content=\"article\" \/>\n<meta property=\"og:title\" content=\"Gestione dei Cookie | Aplast\" \/>\n<meta property=\"og:description\" content=\"1. Il sito www.aplast.ro utilizza cookies, che garantiscono il corretto funzionamento del sito, ma anche cookies utilizzati sia per fornire informazioni il pi\u00f9 possibile rilevanti per gli utenti, sia per adattare i servizi alle loro esigenze, secondo le informazioni fornite in questa politica. Questa policy fa riferimento ai cookie utilizzati, a seconda dei casi, nei [&hellip;]\" \/>\n<meta property=\"og:url\" content=\"https:\/\/aplast.ro\/it\/gestione-dei-cookie\/\" \/>\n<meta property=\"og:site_name\" content=\"Aplast\" \/>\n<meta property=\"article:modified_time\" content=\"2024-08-21T19:34:57+00:00\" \/>\n<meta property=\"og:image\" content=\"https:\/\/aplast.ro\/wp-content\/uploads\/2020\/08\/gdpr.jpg\" \/>\n\t<meta property=\"og:image:width\" content=\"1920\" \/>\n\t<meta property=\"og:image:height\" content=\"400\" \/>\n\t<meta property=\"og:image:type\" content=\"image\/jpeg\" \/>\n<meta name=\"twitter:card\" content=\"summary_large_image\" \/>\n<meta name=\"twitter:label1\" content=\"Tempo di lettura stimato\" \/>\n\t<meta name=\"twitter:data1\" content=\"8 minuti\" \/>\n<script type=\"application\/ld+json\" class=\"yoast-schema-graph\">{\"@context\":\"https:\/\/schema.org\",\"@graph\":[{\"@type\":\"WebPage\",\"@id\":\"https:\/\/aplast.ro\/it\/gestione-dei-cookie\/\",\"url\":\"https:\/\/aplast.ro\/it\/gestione-dei-cookie\/\",\"name\":\"Gestione dei Cookie | Aplast\",\"isPartOf\":{\"@id\":\"https:\/\/aplast.ro\/#website\"},\"datePublished\":\"2021-04-15T13:14:02+00:00\",\"dateModified\":\"2024-08-21T19:34:57+00:00\",\"breadcrumb\":{\"@id\":\"https:\/\/aplast.ro\/it\/gestione-dei-cookie\/#breadcrumb\"},\"inLanguage\":\"it-IT\",\"potentialAction\":[{\"@type\":\"ReadAction\",\"target\":[\"https:\/\/aplast.ro\/it\/gestione-dei-cookie\/\"]}]},{\"@type\":\"BreadcrumbList\",\"@id\":\"https:\/\/aplast.ro\/it\/gestione-dei-cookie\/#breadcrumb\",\"itemListElement\":[{\"@type\":\"ListItem\",\"position\":1,\"name\":\"Home\",\"item\":\"https:\/\/aplast.ro\/it\/\"},{\"@type\":\"ListItem\",\"position\":2,\"name\":\"Gestione dei Cookie\"}]},{\"@type\":\"WebSite\",\"@id\":\"https:\/\/aplast.ro\/#website\",\"url\":\"https:\/\/aplast.ro\/\",\"name\":\"Aplast\",\"description\":\"Ferestre \u0219i U\u0219i PVC &amp; Termopan\",\"publisher\":{\"@id\":\"https:\/\/aplast.ro\/#organization\"},\"potentialAction\":[{\"@type\":\"SearchAction\",\"target\":{\"@type\":\"EntryPoint\",\"urlTemplate\":\"https:\/\/aplast.ro\/?s={search_term_string}\"},\"query-input\":\"required name=search_term_string\"}],\"inLanguage\":\"it-IT\"},{\"@type\":\"Organization\",\"@id\":\"https:\/\/aplast.ro\/#organization\",\"name\":\"Aplast\",\"url\":\"https:\/\/aplast.ro\/\",\"logo\":{\"@type\":\"ImageObject\",\"inLanguage\":\"it-IT\",\"@id\":\"https:\/\/aplast.ro\/#\/schema\/logo\/image\/\",\"url\":\"https:\/\/aplast.ro\/wp-content\/uploads\/2023\/08\/logo-aplast.png\",\"contentUrl\":\"https:\/\/aplast.ro\/wp-content\/uploads\/2023\/08\/logo-aplast.png\",\"width\":213,\"height\":100,\"caption\":\"Aplast\"},\"image\":{\"@id\":\"https:\/\/aplast.ro\/#\/schema\/logo\/image\/\"}}]}<\/script>\n<!-- \/ Yoast SEO plugin. -->","yoast_head_json":{"title":"Gestione dei Cookie | Aplast","robots":{"index":"noindex","follow":"follow"},"og_locale":"it_IT","og_type":"article","og_title":"Gestione dei Cookie | Aplast","og_description":"1. Il sito www.aplast.ro utilizza cookies, che garantiscono il corretto funzionamento del sito, ma anche cookies utilizzati sia per fornire informazioni il pi\u00f9 possibile rilevanti per gli utenti, sia per adattare i servizi alle loro esigenze, secondo le informazioni fornite in questa politica. Questa policy fa riferimento ai cookie utilizzati, a seconda dei casi, nei [&hellip;]","og_url":"https:\/\/aplast.ro\/it\/gestione-dei-cookie\/","og_site_name":"Aplast","article_modified_time":"2024-08-21T19:34:57+00:00","og_image":[{"width":1920,"height":400,"url":"https:\/\/aplast.ro\/wp-content\/uploads\/2020\/08\/gdpr.jpg","type":"image\/jpeg"}],"twitter_card":"summary_large_image","twitter_misc":{"Tempo di lettura stimato":"8 minuti"},"schema":{"@context":"https:\/\/schema.org","@graph":[{"@type":"WebPage","@id":"https:\/\/aplast.ro\/it\/gestione-dei-cookie\/","url":"https:\/\/aplast.ro\/it\/gestione-dei-cookie\/","name":"Gestione dei Cookie | Aplast","isPartOf":{"@id":"https:\/\/aplast.ro\/#website"},"datePublished":"2021-04-15T13:14:02+00:00","dateModified":"2024-08-21T19:34:57+00:00","breadcrumb":{"@id":"https:\/\/aplast.ro\/it\/gestione-dei-cookie\/#breadcrumb"},"inLanguage":"it-IT","potentialAction":[{"@type":"ReadAction","target":["https:\/\/aplast.ro\/it\/gestione-dei-cookie\/"]}]},{"@type":"BreadcrumbList","@id":"https:\/\/aplast.ro\/it\/gestione-dei-cookie\/#breadcrumb","itemListElement":[{"@type":"ListItem","position":1,"name":"Home","item":"https:\/\/aplast.ro\/it\/"},{"@type":"ListItem","position":2,"name":"Gestione dei Cookie"}]},{"@type":"WebSite","@id":"https:\/\/aplast.ro\/#website","url":"https:\/\/aplast.ro\/","name":"Aplast","description":"Ferestre \u0219i U\u0219i PVC &amp; Termopan","publisher":{"@id":"https:\/\/aplast.ro\/#organization"},"potentialAction":[{"@type":"SearchAction","target":{"@type":"EntryPoint","urlTemplate":"https:\/\/aplast.ro\/?s={search_term_string}"},"query-input":"required name=search_term_string"}],"inLanguage":"it-IT"},{"@type":"Organization","@id":"https:\/\/aplast.ro\/#organization","name":"Aplast","url":"https:\/\/aplast.ro\/","logo":{"@type":"ImageObject","inLanguage":"it-IT","@id":"https:\/\/aplast.ro\/#\/schema\/logo\/image\/","url":"https:\/\/aplast.ro\/wp-content\/uploads\/2023\/08\/logo-aplast.png","contentUrl":"https:\/\/aplast.ro\/wp-content\/uploads\/2023\/08\/logo-aplast.png","width":213,"height":100,"caption":"Aplast"},"image":{"@id":"https:\/\/aplast.ro\/#\/schema\/logo\/image\/"}}]}},"_links":{"self":[{"href":"https:\/\/aplast.ro\/it\/wp-json\/wp\/v2\/pages\/2321"}],"collection":[{"href":"https:\/\/aplast.ro\/it\/wp-json\/wp\/v2\/pages"}],"about":[{"href":"https:\/\/aplast.ro\/it\/wp-json\/wp\/v2\/types\/page"}],"author":[{"embeddable":true,"href":"https:\/\/aplast.ro\/it\/wp-json\/wp\/v2\/users\/2"}],"replies":[{"embeddable":true,"href":"https:\/\/aplast.ro\/it\/wp-json\/wp\/v2\/comments?post=2321"}],"version-history":[{"count":3,"href":"https:\/\/aplast.ro\/it\/wp-json\/wp\/v2\/pages\/2321\/revisions"}],"predecessor-version":[{"id":3313,"href":"https:\/\/aplast.ro\/it\/wp-json\/wp\/v2\/pages\/2321\/revisions\/3313"}],"wp:featuredmedia":[{"embeddable":true,"href":"https:\/\/aplast.ro\/it\/wp-json\/wp\/v2\/media\/1422"}],"wp:attachment":[{"href":"https:\/\/aplast.ro\/it\/wp-json\/wp\/v2\/media?parent=2321"}],"curies":[{"name":"wp","href":"https:\/\/api.w.org\/{rel}","templated":true}]}}