{"id":2319,"date":"2021-04-15T16:12:47","date_gmt":"2021-04-15T13:12:47","guid":{"rendered":"http:\/\/dev.quart.ro\/aplast\/?page_id=2319"},"modified":"2024-08-21T22:40:15","modified_gmt":"2024-08-21T19:40:15","slug":"politica-sulla-gdpr","status":"publish","type":"page","link":"https:\/\/aplast.ro\/it\/politica-sulla-gdpr\/","title":{"rendered":"Politica sulla GDPR"},"content":{"rendered":"<p><strong>INTRO:<\/strong><\/p>\n<p>A partire dal 25 maggio 2018 si applica il <a href=\"http:\/\/www.dataprotection.ro\/servlet\/ViewDocument?id=1262\">Regolamento (UE) 2016\/679 relativo alla protezione delle persone fisiche con riguardo al trattamento dei dati personali, nonch\u00e9 alla libera circolazione di tali dati e che abroga la direttiva 95\/46\/CE (Regolamento generale sulla protezione dei dati) di seguito denominato &#8220;Regolamento GDPR&#8221;.<\/a><\/p>\n<p>Si prega di fare riferimento alle informazioni contenute in questo documento in quanto esprimono la politica di Aplast Wood Industry\u00a0 SRL sul trattamento dei dati personali.<\/p>\n<p>All&#8217;interno di Aplast Wood Industry\u00a0 SRL\u00a0 trattiamo i dati personali esclusivamente nell&#8217;ambito delle disposizioni di legge sulla protezione dei dati personali.<\/p>\n<p><strong>DEFINIZIONI:<\/strong><\/p>\n<ul>\n<li><strong>Titolare del trattamento <\/strong>= Il responsabile del trattamento dei dati ai sensi del Regolamento GDPR \u00e8 Aplast Wood Industry\u00a0 SRL, con sede legale in Sat Ceptura de Jos, comune di Ceptura, Cladirea Aplast, contea di Prahova, iscritta al Registro del Commercio di Prahova con il n. J29\/2033\/18.07.2022, codice fiscale RO26856598, di seguito denominata &#8220;il Titolare&#8221; o &#8220;Aplast Wood Industry\u00a0 SRL&#8221;.<\/li>\n<li><strong>Dati di contatto del Responsabile della protezione dei dati <\/strong>(DPO) = Indirizzo al quale possono essere inviate le richieste di informazioni sul trattamento dei dati personali: in Sat Ceptura de Jos, comune di Ceptura, Cladirea Aplast Wood Industry\u00a0 SRL , contea di Prahova, &#8211; all&#8217;attenzione del DATA PROTECTION OFFICER o all&#8217;indirizzo e-mail: resurseumane@aplast.com<\/li>\n<\/ul>\n<p>Soggetto interessato ai fini del Regolamento GDPR = persona fisica identificata o identificabile (che pu\u00f2 essere identificata, direttamente o indirettamente, in particolare mediante riferimento a un identificativo: nome, numero di identificazione, dati relativi all&#8217;ubicazione, un identificativo online, o a uno o pi\u00f9 elementi caratteristici della sua identit\u00e0 fisica, fisiologica, genetica, psichica, economica, culturale o sociale). L&#8217;interessato pu\u00f2 essere il richiedente di un servizio offerto dall&#8217;Operatore, cos\u00ec come qualsiasi altra persona fisica i cui dati personali sono trasmessi all&#8217;Operatore (ad esempio, un cliente o un potenziale cliente, un candidato per un&#8217;offerta di lavoro specifica, un utente del sito web dell&#8217;Operatore, ecc.)<\/p>\n<p>Categorie di dati trattati = I dati personali (nome, cognome, data di nascita, indirizzo, CNP, serie e numero di carta CI\/ID, numero di telefono e indirizzo e-mail, ecc.) vengono da noi trattati solo quando l&#8217;utente inserisce questi dati in una sezione del sito web o ce li invia per e-mail.<\/p>\n<p>Per trattamento di dati personali si intende qualsiasi operazione o insieme di operazioni eseguite su dati personali o su insiemi di dati personali, con o senza l&#8217;ausilio di processi automatizzati, quali la raccolta, la registrazione, l&#8217;organizzazione, la strutturazione, la conservazione, l&#8217;adattamento o la modifica, l&#8217;estrazione, la consultazione, l&#8217;uso, la comunicazione mediante trasmissione, diffusione o qualsiasi altra forma di messa a disposizione, il raffronto o l&#8217;interconnessione, la limitazione, la cancellazione o la distruzione.<\/p>\n<ol>\n<li><strong> FINALIT\u00c0 E BASE GIURIDICA DEL TRATTAMENTO DEI VOSTRI DATI:<\/strong><\/li>\n<\/ol>\n<p>Ai sensi del Regolamento (UE) 2016\/679 e della normativa correlata, le finalit\u00e0 per le quali trattiamo i vostri dati personali sono strettamente connesse al rapporto tra APLAST e l&#8217;interessato. Le informazioni che ci fornite sono trattate con la massima riservatezza ed esclusivamente per gli scopi per cui sono state raccolte.<\/p>\n<p>Per i dettagli sulle finalit\u00e0 per le quali trattiamo i dati e sulla base giuridica, si veda di seguito:<\/p>\n<p><strong>1.1. Gestione dei contratti e dei rapporti con i clienti:<\/strong><\/p>\n<ol>\n<li><em> Accesso al sito web:<\/em><\/li>\n<\/ol>\n<p>Ogni volta che un utente accede a una pagina della nostra offerta e ogni volta che viene aperto un file, i dati di accesso vengono salvati da noi e in parte da terzi sotto forma di file di protocollo. Ogni serie di dati comprende: la pagina web da cui si accede al nostro sito, l&#8217;indirizzo IP, la data e l&#8217;ora dell&#8217;accesso, la richiesta del cliente, il codice di risposta http, la quantit\u00e0 di dati trasferiti, le informazioni sul browser e sul sistema operativo utilizzati.<\/p>\n<ol>\n<li><em> Posizione geografica:<\/em><\/li>\n<\/ol>\n<p>Tramite la localizzazione geografica, utilizzando l&#8217;indirizzo IP, \u00e8 tecnicamente possibile stimare la posizione dell&#8217;utente di Internet. Per poter visualizzare direttamente le offerte e gli articoli del negozio Aplast Wood Industry\u00a0 SRL pi\u00f9 vicino, l&#8217;indirizzo IP viene memorizzato e utilizzato ai fini della localizzazione geografica. Al termine della sessione in corso, l&#8217;indirizzo IP non viene memorizzato ai fini della localizzazione geografica.<\/p>\n<p>Nota: Alcuni dati sul traffico (come gli indirizzi IP o altri identificatori dei dispositivi con i quali accedete al nostro sito) possono, in determinate circostanze, essere dati personali e noi li tratteremo come tali.<\/p>\n<ol>\n<li><em> Dati dell&#8217;account del cliente nelle applicazioni Aplast Wood Industry\u00a0 SRL :<\/em><\/li>\n<\/ol>\n<p>Quando si crea un nuovo account cliente nelle applicazioni Aplast, i dati vengono salvati nel database Aplast Wood Industry\u00a0 SRL . \u00c8 possibile richiedere la cancellazione dei propri dati e del proprio account cliente in qualsiasi momento. In caso di richiesta di offerta sul nostro sito web, i dati saranno trattati ai fini del buon esito del processo di vendita.<\/p>\n<ol>\n<li><em> Dati per effettuare un ordine:<\/em><\/li>\n<\/ol>\n<p>I dati personali memorizzati saranno utilizzati per l&#8217;esecuzione dei contratti e l&#8217;elaborazione delle vostre richieste. Dopo la conclusione del contratto o la vostra richiesta, i vostri dati vengono salvati tenendo conto dei periodi di conservazione previsti dalla legislazione fiscale e commerciale e, se del caso, per un periodo necessario a proteggere i diritti dell&#8217;Operatore.<\/p>\n<p>\u27a2 BASE GIURIDICA: il legittimo interesse dell&#8217;Operatore a evitare le frodi online e a garantire la funzionalit\u00e0 generale del sito web, l&#8217;esecuzione di un contratto e il consenso dell&#8217;interessato, a seconda dei casi.<\/p>\n<p><strong>Attivit\u00e0 di reclutamento:<\/strong><\/p>\n<p>Per inviare rapidamente la propria candidatura a una delle posizioni disponibili in Aplast Wood Industry\u00a0 SRL , \u00e8 possibile utilizzare la sezione online appositamente creata.<\/p>\n<p>I vostri dati e documenti saranno utilizzati esclusivamente per l&#8217;elaborazione della vostra candidatura, ovvero per individuare una posizione adeguata disponibile all&#8217;interno di APLAST. Essi sono memorizzati nel nostro database, sono protetti contro l&#8217;accesso non autorizzato e trattati in conformit\u00e0 con la legislazione vigente in materia di trattamento dei dati personali.<\/p>\n<p>\u27a2 QUESTIONE GIURIDICA: consenso dell&#8217;interessato.<\/p>\n<ol start=\"2\">\n<li><strong> I VOSTRI DIRITTI. IN QUALIT\u00c0 DI SOGGETTO INTERESSATO AL TRATTAMENTO DEI DATI PERSONALI FORNITI:<\/strong><\/li>\n<\/ol>\n<p>Diritti dell&#8217;interessato e modalit\u00e0 di esercizio degli stessi<\/p>\n<p>Ai sensi del Regolamento GDPR, in qualit\u00e0 di soggetto interessato, l&#8217;utente gode di una serie di diritti, in particolare:<\/p>\n<ol>\n<li><strong>Diritto all&#8217;informazione e all&#8217;accesso <\/strong>ai dati personali: il diritto di ottenere la conferma che sia o meno in corso un trattamento di dati personali che vi riguardano e, in tal caso, l&#8217;accesso a tali dati.<\/li>\n<li><strong>Diritto di rettifica<\/strong>: il diritto di richiedere all&#8217;Operatore e di ottenere, senza indebito ritardo, la rettifica dei dati personali inesatti che vi riguardano e\/o di ottenere il completamento dei dati personali che sono incompleti, con la menzione che nel caso di un conto online potete apportare queste modifiche personalmente nella sezione di modifica dei dati del conto.<\/li>\n<li><strong>Diritto alla cancellazione dei dati <\/strong>(&#8220;diritto all&#8217;oblio&#8221;): il diritto di ottenere la cancellazione dei dati personali che vi riguardano senza ritardi ingiustificati se ricorrono determinati motivi indicati nel regolamento GDPR.<\/li>\n<li><strong>Diritto alla limitazione del trattamento<\/strong>: il diritto di ottenere la limitazione del trattamento in determinati casi.<\/li>\n<li><strong>Diritto alla portabilit\u00e0 dei dati<\/strong>: il diritto di ricevere i dati personali che vi riguardano e di trasmetterli a un altro responsabile del trattamento.<\/li>\n<li><strong>Diritto di opposizione: il <\/strong>diritto di opporsi in qualsiasi momento al trattamento dei dati personali che vi riguardano, ai sensi del Regolamento GDPR.<\/li>\n<li>Il diritto di non essere oggetto di una decisione basata esclusivamente sul trattamento automatizzato, compresa la profilazione, che produca effetti giuridici nei vostri confronti o che vi riguardi in modo analogo in misura significativa.<\/li>\n<li>Il diritto di presentare un reclamo all&#8217;Autorit\u00e0 nazionale di controllo per il trattamento dei dati personali (ANSPDCP) se si ritiene che i propri dati non siano stati trattati in conformit\u00e0 alla legge.<\/li>\n<\/ol>\n<p>\u27a2 Come si possono esercitare questi diritti?<\/p>\n<p>Per esercitare i diritti di cui sopra, si prega di inviare una richiesta scritta, datata e firmata all&#8217;indirizzo e-mail: resurseumane@aplast.com, o all&#8217;indirizzo postale: Comuna Ceptura de Jos, Cladirea Aplast Wood Industry\u00a0 SRL , Prahova County all&#8217;attenzione del Responsabile della protezione dei dati.<\/p>\n<p>\u27a2 In quanto tempo rispondiamo alle vostre richieste?<\/p>\n<p>Entro un mese al massimo, calcolato a partire dal ricevimento della richiesta, vi saranno fornite informazioni sull&#8217;azione intrapresa o, se del caso, sui motivi per cui l&#8217;azione richiesta non pu\u00f2 essere intrapresa.<\/p>\n<p>Nota: Si noti che per soddisfare una richiesta di accesso ai dati personali adotteremo tutte le misure ragionevoli per verificare l&#8217;identit\u00e0 dell&#8217;interessato.<\/p>\n<p>Inoltre, ai sensi del Regolamento GDPR, i tempi di risposta di cui sopra possono essere estesi fino a due mesi se necessario, tenendo conto della complessit\u00e0 e del numero di richieste, e vi informeremo in merito, se necessario.<\/p>\n<ol start=\"3\">\n<li><strong> I DESTINATARI O LE CATEGORIE DI DESTINATARI DEI DATI PERSONALI:<\/strong><\/li>\n<\/ol>\n<p>I destinatari che trattano i dati personali all&#8217;interno dell&#8217;Unione Europea sono tenuti a rispettare le stesse disposizioni di legge, garantendo lo stesso livello di protezione del Titolare.<\/p>\n<p>3.1. Trasmissione dei dati per l&#8217;elaborazione dell&#8217;ordine<\/p>\n<p>I dati personali memorizzati da APLAST sono trasmessi ai nostri collaboratori ai fini del completamento\/consegna dell&#8217;ordine. Ad esempio, i vostri dati saranno trasmessi a societ\u00e0 di trasporto o corriere, se optate per la consegna del vostro ordine con trasporto.<\/p>\n<p>3.2. Rinvio alle istituzioni pubbliche, ai tribunali e alle autorit\u00e0 competenti per le indagini sui reati.<\/p>\n<p>In casi particolari, quando richiesto dalla legge, APLAST pu\u00f2 fornire alle istituzioni competenti informazioni sui dati personali.<\/p>\n<p><strong>Trasmissione a terzi<\/strong><\/p>\n<p>Per offrirvi un&#8217;esperienza online sempre pi\u00f9 piacevole, lavoriamo costantemente per migliorare\/manutenere il software che utilizziamo.<\/p>\n<p><strong>Trasmissione di dati a organizzazioni non UE<\/strong><\/p>\n<p>Eccezionalmente, i vostri dati possono essere trasferiti o consultati anche da entit\u00e0 al di fuori dell&#8217;Unione Europea, compresi i paesi ai quali l&#8217;UE non riconosce un livello adeguato di protezione dei dati personali. Queste situazioni si verificano in particolare quando si tratta di utilizzare piattaforme\/programmi\/strumenti online per l&#8217;elaborazione degli ordini, la promozione o le relative infrastrutture IT. Ad esempio, nel caso dell&#8217;utilizzo dell&#8217;infrastruttura di Amazon Web Services o delle applicazioni fornite da Google o Microsoft, sebbene l&#8217;infrastruttura in quanto tale sia situata nell&#8217;Unione Europea, \u00e8 possibile accedervi da parte delle organizzazioni madri nel paese di origine. In tutte queste situazioni, Aplast Wood Industry\u00a0 SRL\u00a0adotter\u00e0 le misure necessarie per garantire la protezione dei vostri dati, come ad esempio clausole contrattuali standard emesse da organismi europei o certificazioni pertinenti in materia e riconosciute nell&#8217;Unione Europea.<\/p>\n<ol start=\"4\">\n<li><strong> BASE GIURIDICA<\/strong><\/li>\n<\/ol>\n<p>Per maggiori dettagli \u00e8 possibile consultare la base giuridica:<\/p>\n<p>Regolamento (UE) 2016\/679 relativo alla protezione delle persone fisiche con riguardo al trattamento dei dati personali, nonch\u00e9 alla libera circolazione di tali dati e che abroga la direttiva 95\/46\/CE (Regolamento generale sulla protezione dei dati) (accessibile all&#8217;indirizzo <a href=\"https:\/\/www.dataprotection.ro\/servlet\/ViewDocument?id=1262\">Regulation_nr_679_2016<\/a> ).<\/p>\n<p>Legge n. 506\/2004 sul trattamento dei dati personali e la tutela della privacy nel settore delle comunicazioni elettroniche.<\/p>\n<p>L&#8217;alta direzione si impegna a garantire il rispetto di questa politica sulla privacy da parte di tutti i dipendenti, attuando procedure interne specifiche per le norme sulla protezione dei dati personali, in conformit\u00e0 con la base giuridica del loro trattamento.<\/p>\n<p>&nbsp;<\/p>\n","protected":false},"excerpt":{"rendered":"<p>INTRO: A partire dal 25 maggio 2018 si applica il Regolamento (UE) 2016\/679 relativo alla protezione delle persone fisiche con riguardo al trattamento dei dati personali, nonch\u00e9 alla libera circolazione di tali dati e che abroga la direttiva 95\/46\/CE (Regolamento generale sulla protezione dei dati) di seguito denominato &#8220;Regolamento GDPR&#8221;. Si prega di fare riferimento [&hellip;]<\/p>\n","protected":false},"author":2,"featured_media":1414,"parent":0,"menu_order":105,"comment_status":"closed","ping_status":"closed","template":"","meta":{"footnotes":""},"yoast_head":"<!-- This site is optimized with the Yoast SEO plugin v19.9 - https:\/\/yoast.com\/wordpress\/plugins\/seo\/ -->\n<title>Politica sulla GDPR | Aplast<\/title>\n<meta name=\"robots\" content=\"noindex, follow\" \/>\n<meta property=\"og:locale\" content=\"it_IT\" \/>\n<meta property=\"og:type\" content=\"article\" \/>\n<meta property=\"og:title\" content=\"Politica sulla GDPR | Aplast\" \/>\n<meta property=\"og:description\" content=\"INTRO: A partire dal 25 maggio 2018 si applica il Regolamento (UE) 2016\/679 relativo alla protezione delle persone fisiche con riguardo al trattamento dei dati personali, nonch\u00e9 alla libera circolazione di tali dati e che abroga la direttiva 95\/46\/CE (Regolamento generale sulla protezione dei dati) di seguito denominato &#8220;Regolamento GDPR&#8221;. Si prega di fare riferimento [&hellip;]\" \/>\n<meta property=\"og:url\" content=\"https:\/\/aplast.ro\/it\/politica-sulla-gdpr\/\" \/>\n<meta property=\"og:site_name\" content=\"Aplast\" \/>\n<meta property=\"article:modified_time\" content=\"2024-08-21T19:40:15+00:00\" \/>\n<meta property=\"og:image\" content=\"https:\/\/aplast.ro\/wp-content\/uploads\/2020\/08\/conf.jpg\" \/>\n\t<meta property=\"og:image:width\" content=\"1920\" \/>\n\t<meta property=\"og:image:height\" content=\"400\" \/>\n\t<meta property=\"og:image:type\" content=\"image\/jpeg\" \/>\n<meta name=\"twitter:card\" content=\"summary_large_image\" \/>\n<meta name=\"twitter:label1\" content=\"Tempo di lettura stimato\" \/>\n\t<meta name=\"twitter:data1\" content=\"8 minuti\" \/>\n<script type=\"application\/ld+json\" class=\"yoast-schema-graph\">{\"@context\":\"https:\/\/schema.org\",\"@graph\":[{\"@type\":\"WebPage\",\"@id\":\"https:\/\/aplast.ro\/it\/politica-sulla-gdpr\/\",\"url\":\"https:\/\/aplast.ro\/it\/politica-sulla-gdpr\/\",\"name\":\"Politica sulla GDPR | Aplast\",\"isPartOf\":{\"@id\":\"https:\/\/aplast.ro\/#website\"},\"datePublished\":\"2021-04-15T13:12:47+00:00\",\"dateModified\":\"2024-08-21T19:40:15+00:00\",\"breadcrumb\":{\"@id\":\"https:\/\/aplast.ro\/it\/politica-sulla-gdpr\/#breadcrumb\"},\"inLanguage\":\"it-IT\",\"potentialAction\":[{\"@type\":\"ReadAction\",\"target\":[\"https:\/\/aplast.ro\/it\/politica-sulla-gdpr\/\"]}]},{\"@type\":\"BreadcrumbList\",\"@id\":\"https:\/\/aplast.ro\/it\/politica-sulla-gdpr\/#breadcrumb\",\"itemListElement\":[{\"@type\":\"ListItem\",\"position\":1,\"name\":\"Home\",\"item\":\"https:\/\/aplast.ro\/it\/\"},{\"@type\":\"ListItem\",\"position\":2,\"name\":\"Politica sulla GDPR\"}]},{\"@type\":\"WebSite\",\"@id\":\"https:\/\/aplast.ro\/#website\",\"url\":\"https:\/\/aplast.ro\/\",\"name\":\"Aplast\",\"description\":\"Ferestre \u0219i U\u0219i PVC &amp; Termopan\",\"publisher\":{\"@id\":\"https:\/\/aplast.ro\/#organization\"},\"potentialAction\":[{\"@type\":\"SearchAction\",\"target\":{\"@type\":\"EntryPoint\",\"urlTemplate\":\"https:\/\/aplast.ro\/?s={search_term_string}\"},\"query-input\":\"required name=search_term_string\"}],\"inLanguage\":\"it-IT\"},{\"@type\":\"Organization\",\"@id\":\"https:\/\/aplast.ro\/#organization\",\"name\":\"Aplast\",\"url\":\"https:\/\/aplast.ro\/\",\"logo\":{\"@type\":\"ImageObject\",\"inLanguage\":\"it-IT\",\"@id\":\"https:\/\/aplast.ro\/#\/schema\/logo\/image\/\",\"url\":\"https:\/\/aplast.ro\/wp-content\/uploads\/2023\/08\/logo-aplast.png\",\"contentUrl\":\"https:\/\/aplast.ro\/wp-content\/uploads\/2023\/08\/logo-aplast.png\",\"width\":213,\"height\":100,\"caption\":\"Aplast\"},\"image\":{\"@id\":\"https:\/\/aplast.ro\/#\/schema\/logo\/image\/\"}}]}<\/script>\n<!-- \/ Yoast SEO plugin. -->","yoast_head_json":{"title":"Politica sulla GDPR | Aplast","robots":{"index":"noindex","follow":"follow"},"og_locale":"it_IT","og_type":"article","og_title":"Politica sulla GDPR | Aplast","og_description":"INTRO: A partire dal 25 maggio 2018 si applica il Regolamento (UE) 2016\/679 relativo alla protezione delle persone fisiche con riguardo al trattamento dei dati personali, nonch\u00e9 alla libera circolazione di tali dati e che abroga la direttiva 95\/46\/CE (Regolamento generale sulla protezione dei dati) di seguito denominato &#8220;Regolamento GDPR&#8221;. Si prega di fare riferimento [&hellip;]","og_url":"https:\/\/aplast.ro\/it\/politica-sulla-gdpr\/","og_site_name":"Aplast","article_modified_time":"2024-08-21T19:40:15+00:00","og_image":[{"width":1920,"height":400,"url":"https:\/\/aplast.ro\/wp-content\/uploads\/2020\/08\/conf.jpg","type":"image\/jpeg"}],"twitter_card":"summary_large_image","twitter_misc":{"Tempo di lettura stimato":"8 minuti"},"schema":{"@context":"https:\/\/schema.org","@graph":[{"@type":"WebPage","@id":"https:\/\/aplast.ro\/it\/politica-sulla-gdpr\/","url":"https:\/\/aplast.ro\/it\/politica-sulla-gdpr\/","name":"Politica sulla GDPR | Aplast","isPartOf":{"@id":"https:\/\/aplast.ro\/#website"},"datePublished":"2021-04-15T13:12:47+00:00","dateModified":"2024-08-21T19:40:15+00:00","breadcrumb":{"@id":"https:\/\/aplast.ro\/it\/politica-sulla-gdpr\/#breadcrumb"},"inLanguage":"it-IT","potentialAction":[{"@type":"ReadAction","target":["https:\/\/aplast.ro\/it\/politica-sulla-gdpr\/"]}]},{"@type":"BreadcrumbList","@id":"https:\/\/aplast.ro\/it\/politica-sulla-gdpr\/#breadcrumb","itemListElement":[{"@type":"ListItem","position":1,"name":"Home","item":"https:\/\/aplast.ro\/it\/"},{"@type":"ListItem","position":2,"name":"Politica sulla GDPR"}]},{"@type":"WebSite","@id":"https:\/\/aplast.ro\/#website","url":"https:\/\/aplast.ro\/","name":"Aplast","description":"Ferestre \u0219i U\u0219i PVC &amp; Termopan","publisher":{"@id":"https:\/\/aplast.ro\/#organization"},"potentialAction":[{"@type":"SearchAction","target":{"@type":"EntryPoint","urlTemplate":"https:\/\/aplast.ro\/?s={search_term_string}"},"query-input":"required name=search_term_string"}],"inLanguage":"it-IT"},{"@type":"Organization","@id":"https:\/\/aplast.ro\/#organization","name":"Aplast","url":"https:\/\/aplast.ro\/","logo":{"@type":"ImageObject","inLanguage":"it-IT","@id":"https:\/\/aplast.ro\/#\/schema\/logo\/image\/","url":"https:\/\/aplast.ro\/wp-content\/uploads\/2023\/08\/logo-aplast.png","contentUrl":"https:\/\/aplast.ro\/wp-content\/uploads\/2023\/08\/logo-aplast.png","width":213,"height":100,"caption":"Aplast"},"image":{"@id":"https:\/\/aplast.ro\/#\/schema\/logo\/image\/"}}]}},"_links":{"self":[{"href":"https:\/\/aplast.ro\/it\/wp-json\/wp\/v2\/pages\/2319"}],"collection":[{"href":"https:\/\/aplast.ro\/it\/wp-json\/wp\/v2\/pages"}],"about":[{"href":"https:\/\/aplast.ro\/it\/wp-json\/wp\/v2\/types\/page"}],"author":[{"embeddable":true,"href":"https:\/\/aplast.ro\/it\/wp-json\/wp\/v2\/users\/2"}],"replies":[{"embeddable":true,"href":"https:\/\/aplast.ro\/it\/wp-json\/wp\/v2\/comments?post=2319"}],"version-history":[{"count":5,"href":"https:\/\/aplast.ro\/it\/wp-json\/wp\/v2\/pages\/2319\/revisions"}],"predecessor-version":[{"id":3319,"href":"https:\/\/aplast.ro\/it\/wp-json\/wp\/v2\/pages\/2319\/revisions\/3319"}],"wp:featuredmedia":[{"embeddable":true,"href":"https:\/\/aplast.ro\/it\/wp-json\/wp\/v2\/media\/1414"}],"wp:attachment":[{"href":"https:\/\/aplast.ro\/it\/wp-json\/wp\/v2\/media?parent=2319"}],"curies":[{"name":"wp","href":"https:\/\/api.w.org\/{rel}","templated":true}]}}