{"id":3191,"date":"2022-11-04T13:31:23","date_gmt":"2022-11-04T11:31:23","guid":{"rendered":"https:\/\/aplast.ro\/?page_id=3191"},"modified":"2022-11-04T13:31:23","modified_gmt":"2022-11-04T11:31:23","slug":"note-dinformation-clients-individuels","status":"publish","type":"page","link":"https:\/\/aplast.ro\/fr\/note-dinformation-clients-individuels\/","title":{"rendered":"NOTE D&rsquo;INFORMATION CLIENTS INDIVIDUELS"},"content":{"rendered":"<p><strong>APLAST WOOD INDUSTRY SRL (\u00ab\u00a0APLAST\u00a0\u00bb) <\/strong>comprend l&rsquo;importance de vos donn\u00e9es personnelles, c&rsquo;est pourquoi nous nous engageons \u00e0 assurer la l\u00e9galit\u00e9 de leur traitement par nos soins.<\/p>\n<ol>\n<li><strong>Traitement des donn\u00e9es personnelles<\/strong><\/li>\n<\/ol>\n<p>APLAST et ses partenaires contractuels traiteront les donn\u00e9es personnelles fournies conform\u00e9ment aux dispositions du R\u00e8glement UE 679\/2016 sur la protection des donn\u00e9es personnelles (GDPR) aux fins de l&rsquo;administration et de l&rsquo;ex\u00e9cution du contrat\/commande, de la gestion de la relation commerciale avec le client, ainsi qu&rsquo;\u00e0 d&rsquo;autres fins afin de remplir les obligations contractuelles que la soci\u00e9t\u00e9 a vis-\u00e0-vis de ses clients.<\/p>\n<ol start=\"2\">\n<li><strong>Acc\u00e8s aux donn\u00e9es personnelles<\/strong><\/li>\n<\/ol>\n<p>L&rsquo;acc\u00e8s \u00e0 vos donn\u00e9es sera limit\u00e9 au personnel autoris\u00e9, conform\u00e9ment aux objectifs \u00e9nonc\u00e9s au paragraphe 1, et au personnel charg\u00e9 de l&rsquo;administration des syst\u00e8mes informatiques. L&rsquo;entreprise se conforme aux exigences du GDPR en tenant les donn\u00e9es \u00e0 jour, en stockant et en d\u00e9truisant les donn\u00e9es en toute s\u00e9curit\u00e9, en collectant la quantit\u00e9 minimale de donn\u00e9es personnelles n\u00e9cessaires aux fins du traitement et en prot\u00e9geant les donn\u00e9es contre la perte, l&rsquo;utilisation abusive, la divulgation ou l&rsquo;acc\u00e8s non autoris\u00e9. L&rsquo;entreprise met en \u0153uvre des mesures techniques appropri\u00e9es pour prot\u00e9ger les donn\u00e9es personnelles.<\/p>\n<ol start=\"3\">\n<li><strong>Objectif de la collecte de donn\u00e9es<\/strong><\/li>\n<\/ol>\n<p>Lorsque vous nous fournissez des donn\u00e9es personnelles, celles-ci peuvent \u00eatre recueillies par t\u00e9l\u00e9phone, par courrier \u00e9lectronique, en face \u00e0 face ou sur le site web www.aplast.ro.\u00a0 APLAST peut les utiliser aux fins suivantes, sauf indication contraire :<\/p>\n<ul>\n<li>pour traiter les services que vous avez demand\u00e9s ou achet\u00e9s par t\u00e9l\u00e9phone, en ligne ou dans les locaux de l&rsquo;entreprise et pour vous fournir des informations suppl\u00e9mentaires sur ces services ;<\/li>\n<li>le traitement des demandes de devis ;<\/li>\n<li>fournir les produits\/services que vous avez demand\u00e9s\/achet\u00e9s ;<\/li>\n<li>pour s&rsquo;assurer que le site web r\u00e9pond \u00e0 vos besoins ;<\/li>\n<li>la facturation des services que vous avez command\u00e9s ;<\/li>\n<li>la transmission de donn\u00e9es personnelles aux partenaires contractuels d&rsquo;APLAST ;<\/li>\n<li>pour transmettre des offres, des publicit\u00e9s et des messages de marketing ;<\/li>\n<li>Pr\u00e9paration de divers rapports afin de mener \u00e0 bien les activit\u00e9s d&rsquo;APLAST.<\/li>\n<\/ul>\n<p>&nbsp;<\/p>\n<p>APLAST peut divulguer des donn\u00e9es personnelles \u00e0 des tiers si la loi l&rsquo;exige ou en cas de bonne foi lorsque de telles actions sont n\u00e9cessaires pour se conformer aux exigences l\u00e9gales ; prot\u00e9ger et d\u00e9fendre les droits de propri\u00e9t\u00e9 d&rsquo;APLAST et du site www.aplast.ro ; agir dans des circonstances d&rsquo;urgence pour prot\u00e9ger la s\u00e9curit\u00e9 personnelle des employ\u00e9s, des utilisateurs de produits ou de services.<\/p>\n<p>Lorsqu&rsquo;il est demand\u00e9 ou autoris\u00e9 \u00e0 APLAST de fournir des donn\u00e9es personnelles, seules les donn\u00e9es n\u00e9cessaires \u00e0 la stricte r\u00e9alisation de l&rsquo;objectif seront divulgu\u00e9es.<\/p>\n<p>Les donn\u00e9es personnelles peuvent \u00eatre divulgu\u00e9es sans votre consentement en cas de litige \/ contentieux de la fraude aux institutions appropri\u00e9es.<\/p>\n<p>&nbsp;<\/p>\n<ol start=\"5\">\n<li><strong>Utilisation des donn\u00e9es collect\u00e9es.<\/strong><\/li>\n<\/ol>\n<p>APLAST peut utiliser les donn\u00e9es r\u00e9sultant du traitement aux fins suivantes :<\/p>\n<ul>\n<li>publicit\u00e9, promotion, offre de services propos\u00e9s par APLAST ;<\/li>\n<li>de faire des informations pour ses propres besoins ;<\/li>\n<li>rapports\/analyse ;<\/li>\n<\/ul>\n<ol start=\"6\">\n<li><strong>Combien de temps APLAST conservera-t-elle ces informations ?<\/strong><\/li>\n<\/ol>\n<p>APLAST conservera ces informations dans un environnement s\u00e9curis\u00e9 et prot\u00e9g\u00e9 pendant toute la dur\u00e9e de son activit\u00e9, aussi longtemps que nous consid\u00e9rerons que ces informations peuvent nous aider \u00e0 mieux comprendre comment nous pouvons vous servir et respecter vos souhaits, sauf si vous nous demandez, pour des motifs l\u00e9gitimes et justifi\u00e9s, de cesser de traiter vos donn\u00e9es. Au-del\u00e0 de cette consid\u00e9ration, la loi applicable peut nous obliger \u00e0 conserver les informations pendant une certaine p\u00e9riode.<\/p>\n<ol start=\"7\">\n<li><strong>Vos droits<\/strong><\/li>\n<\/ol>\n<p>En ce qui concerne le traitement des donn\u00e9es \u00e0 caract\u00e8re personnel, vous disposez des droits suivants : droit d&rsquo;acc\u00e8s et de rectification, d&rsquo;effacement ou de limitation du traitement des donn\u00e9es collect\u00e9es, droit \u00e0 l&rsquo;information, droit d&rsquo;opposition au traitement de vos donn\u00e9es \u00e0 des fins de marketing.<\/p>\n<p>Vous pouvez exercer ces droits de la mani\u00e8re suivante : en envoyant un courriel \u00e0 <strong><em>resurseumane@aplast.com <\/em><\/strong>ou en envoyant une demande \u00e9crite \u00e0 APLAST WOOD INDUSTRY SRL, Comuna Ceptura de Jos, Cladirea Aplast, jud. Prohova.\u00a0 L&rsquo;entreprise communiquera les informations demand\u00e9es dans les 30 jours suivant la date de r\u00e9ception de la demande.<\/p>\n<ol start=\"8\">\n<li><strong>Transfert de donn\u00e9es<\/strong><\/li>\n<\/ol>\n<p>La soci\u00e9t\u00e9 peut transf\u00e9rer vos donn\u00e9es personnelles \u00e0 d&rsquo;autres fournisseurs afin de r\u00e9aliser les objectifs \u00e9nonc\u00e9s au point 1.<\/p>\n<p><strong>Accord du client :<\/strong><\/p>\n<p><strong>\u25a1 <\/strong>J&rsquo;accepte le traitement de mes donn\u00e9es personnelles mentionn\u00e9es ci-dessus.<\/p>\n<p><strong>\u25a1 <\/strong>Je ne consens pas au traitement de mes donn\u00e9es personnelles mentionn\u00e9es ci-dessus.<\/p>\n<p>&nbsp;<\/p>\n<p>Nom complet:_________________ Date:_______________ Signature:_______________________<\/p>\n","protected":false},"excerpt":{"rendered":"<p>APLAST WOOD INDUSTRY SRL (\u00ab\u00a0APLAST\u00a0\u00bb) comprend l&rsquo;importance de vos donn\u00e9es personnelles, c&rsquo;est pourquoi nous nous engageons \u00e0 assurer la l\u00e9galit\u00e9 de leur traitement par nos soins. Traitement des donn\u00e9es personnelles APLAST et ses partenaires contractuels traiteront les donn\u00e9es personnelles fournies conform\u00e9ment aux dispositions du R\u00e8glement UE 679\/2016 sur la protection des donn\u00e9es personnelles (GDPR) aux [&hellip;]<\/p>\n","protected":false},"author":3,"featured_media":0,"parent":0,"menu_order":90,"comment_status":"closed","ping_status":"closed","template":"","meta":{"footnotes":""},"yoast_head":"<!-- This site is optimized with the Yoast SEO plugin v19.9 - https:\/\/yoast.com\/wordpress\/plugins\/seo\/ -->\n<title>NOTE D&#039;INFORMATION CLIENTS INDIVIDUELS | Aplast<\/title>\n<meta name=\"robots\" content=\"noindex, follow\" \/>\n<meta property=\"og:locale\" content=\"fr_FR\" \/>\n<meta property=\"og:type\" content=\"article\" \/>\n<meta property=\"og:title\" content=\"NOTE D&#039;INFORMATION CLIENTS INDIVIDUELS | Aplast\" \/>\n<meta property=\"og:description\" content=\"APLAST WOOD INDUSTRY SRL (\u00ab\u00a0APLAST\u00a0\u00bb) comprend l&rsquo;importance de vos donn\u00e9es personnelles, c&rsquo;est pourquoi nous nous engageons \u00e0 assurer la l\u00e9galit\u00e9 de leur traitement par nos soins. Traitement des donn\u00e9es personnelles APLAST et ses partenaires contractuels traiteront les donn\u00e9es personnelles fournies conform\u00e9ment aux dispositions du R\u00e8glement UE 679\/2016 sur la protection des donn\u00e9es personnelles (GDPR) aux [&hellip;]\" \/>\n<meta property=\"og:url\" content=\"https:\/\/aplast.ro\/fr\/note-dinformation-clients-individuels\/\" \/>\n<meta property=\"og:site_name\" content=\"Aplast\" \/>\n<meta name=\"twitter:card\" content=\"summary_large_image\" \/>\n<meta name=\"twitter:label1\" content=\"Dur\u00e9e de lecture estim\u00e9e\" \/>\n\t<meta name=\"twitter:data1\" content=\"4 minutes\" \/>\n<script type=\"application\/ld+json\" class=\"yoast-schema-graph\">{\"@context\":\"https:\/\/schema.org\",\"@graph\":[{\"@type\":\"WebPage\",\"@id\":\"https:\/\/aplast.ro\/fr\/note-dinformation-clients-individuels\/\",\"url\":\"https:\/\/aplast.ro\/fr\/note-dinformation-clients-individuels\/\",\"name\":\"NOTE D'INFORMATION CLIENTS INDIVIDUELS | Aplast\",\"isPartOf\":{\"@id\":\"https:\/\/aplast.ro\/#website\"},\"datePublished\":\"2022-11-04T11:31:23+00:00\",\"dateModified\":\"2022-11-04T11:31:23+00:00\",\"breadcrumb\":{\"@id\":\"https:\/\/aplast.ro\/fr\/note-dinformation-clients-individuels\/#breadcrumb\"},\"inLanguage\":\"fr-FR\",\"potentialAction\":[{\"@type\":\"ReadAction\",\"target\":[\"https:\/\/aplast.ro\/fr\/note-dinformation-clients-individuels\/\"]}]},{\"@type\":\"BreadcrumbList\",\"@id\":\"https:\/\/aplast.ro\/fr\/note-dinformation-clients-individuels\/#breadcrumb\",\"itemListElement\":[{\"@type\":\"ListItem\",\"position\":1,\"name\":\"Home\",\"item\":\"https:\/\/aplast.ro\/fr\/\"},{\"@type\":\"ListItem\",\"position\":2,\"name\":\"NOTE D&#8217;INFORMATION CLIENTS INDIVIDUELS\"}]},{\"@type\":\"WebSite\",\"@id\":\"https:\/\/aplast.ro\/#website\",\"url\":\"https:\/\/aplast.ro\/\",\"name\":\"Aplast\",\"description\":\"Ferestre \u0219i U\u0219i PVC &amp; Termopan\",\"publisher\":{\"@id\":\"https:\/\/aplast.ro\/#organization\"},\"potentialAction\":[{\"@type\":\"SearchAction\",\"target\":{\"@type\":\"EntryPoint\",\"urlTemplate\":\"https:\/\/aplast.ro\/?s={search_term_string}\"},\"query-input\":\"required name=search_term_string\"}],\"inLanguage\":\"fr-FR\"},{\"@type\":\"Organization\",\"@id\":\"https:\/\/aplast.ro\/#organization\",\"name\":\"Aplast\",\"url\":\"https:\/\/aplast.ro\/\",\"logo\":{\"@type\":\"ImageObject\",\"inLanguage\":\"fr-FR\",\"@id\":\"https:\/\/aplast.ro\/#\/schema\/logo\/image\/\",\"url\":\"https:\/\/aplast.ro\/wp-content\/uploads\/2023\/08\/logo-aplast.png\",\"contentUrl\":\"https:\/\/aplast.ro\/wp-content\/uploads\/2023\/08\/logo-aplast.png\",\"width\":213,\"height\":100,\"caption\":\"Aplast\"},\"image\":{\"@id\":\"https:\/\/aplast.ro\/#\/schema\/logo\/image\/\"}}]}<\/script>\n<!-- \/ Yoast SEO plugin. -->","yoast_head_json":{"title":"NOTE D'INFORMATION CLIENTS INDIVIDUELS | Aplast","robots":{"index":"noindex","follow":"follow"},"og_locale":"fr_FR","og_type":"article","og_title":"NOTE D'INFORMATION CLIENTS INDIVIDUELS | Aplast","og_description":"APLAST WOOD INDUSTRY SRL (\u00ab\u00a0APLAST\u00a0\u00bb) comprend l&rsquo;importance de vos donn\u00e9es personnelles, c&rsquo;est pourquoi nous nous engageons \u00e0 assurer la l\u00e9galit\u00e9 de leur traitement par nos soins. Traitement des donn\u00e9es personnelles APLAST et ses partenaires contractuels traiteront les donn\u00e9es personnelles fournies conform\u00e9ment aux dispositions du R\u00e8glement UE 679\/2016 sur la protection des donn\u00e9es personnelles (GDPR) aux [&hellip;]","og_url":"https:\/\/aplast.ro\/fr\/note-dinformation-clients-individuels\/","og_site_name":"Aplast","twitter_card":"summary_large_image","twitter_misc":{"Dur\u00e9e de lecture estim\u00e9e":"4 minutes"},"schema":{"@context":"https:\/\/schema.org","@graph":[{"@type":"WebPage","@id":"https:\/\/aplast.ro\/fr\/note-dinformation-clients-individuels\/","url":"https:\/\/aplast.ro\/fr\/note-dinformation-clients-individuels\/","name":"NOTE D'INFORMATION CLIENTS INDIVIDUELS | Aplast","isPartOf":{"@id":"https:\/\/aplast.ro\/#website"},"datePublished":"2022-11-04T11:31:23+00:00","dateModified":"2022-11-04T11:31:23+00:00","breadcrumb":{"@id":"https:\/\/aplast.ro\/fr\/note-dinformation-clients-individuels\/#breadcrumb"},"inLanguage":"fr-FR","potentialAction":[{"@type":"ReadAction","target":["https:\/\/aplast.ro\/fr\/note-dinformation-clients-individuels\/"]}]},{"@type":"BreadcrumbList","@id":"https:\/\/aplast.ro\/fr\/note-dinformation-clients-individuels\/#breadcrumb","itemListElement":[{"@type":"ListItem","position":1,"name":"Home","item":"https:\/\/aplast.ro\/fr\/"},{"@type":"ListItem","position":2,"name":"NOTE D&#8217;INFORMATION CLIENTS INDIVIDUELS"}]},{"@type":"WebSite","@id":"https:\/\/aplast.ro\/#website","url":"https:\/\/aplast.ro\/","name":"Aplast","description":"Ferestre \u0219i U\u0219i PVC &amp; Termopan","publisher":{"@id":"https:\/\/aplast.ro\/#organization"},"potentialAction":[{"@type":"SearchAction","target":{"@type":"EntryPoint","urlTemplate":"https:\/\/aplast.ro\/?s={search_term_string}"},"query-input":"required name=search_term_string"}],"inLanguage":"fr-FR"},{"@type":"Organization","@id":"https:\/\/aplast.ro\/#organization","name":"Aplast","url":"https:\/\/aplast.ro\/","logo":{"@type":"ImageObject","inLanguage":"fr-FR","@id":"https:\/\/aplast.ro\/#\/schema\/logo\/image\/","url":"https:\/\/aplast.ro\/wp-content\/uploads\/2023\/08\/logo-aplast.png","contentUrl":"https:\/\/aplast.ro\/wp-content\/uploads\/2023\/08\/logo-aplast.png","width":213,"height":100,"caption":"Aplast"},"image":{"@id":"https:\/\/aplast.ro\/#\/schema\/logo\/image\/"}}]}},"_links":{"self":[{"href":"https:\/\/aplast.ro\/fr\/wp-json\/wp\/v2\/pages\/3191"}],"collection":[{"href":"https:\/\/aplast.ro\/fr\/wp-json\/wp\/v2\/pages"}],"about":[{"href":"https:\/\/aplast.ro\/fr\/wp-json\/wp\/v2\/types\/page"}],"author":[{"embeddable":true,"href":"https:\/\/aplast.ro\/fr\/wp-json\/wp\/v2\/users\/3"}],"replies":[{"embeddable":true,"href":"https:\/\/aplast.ro\/fr\/wp-json\/wp\/v2\/comments?post=3191"}],"version-history":[{"count":1,"href":"https:\/\/aplast.ro\/fr\/wp-json\/wp\/v2\/pages\/3191\/revisions"}],"predecessor-version":[{"id":3195,"href":"https:\/\/aplast.ro\/fr\/wp-json\/wp\/v2\/pages\/3191\/revisions\/3195"}],"wp:attachment":[{"href":"https:\/\/aplast.ro\/fr\/wp-json\/wp\/v2\/media?parent=3191"}],"curies":[{"name":"wp","href":"https:\/\/api.w.org\/{rel}","templated":true}]}}