{"id":2316,"date":"2021-04-15T16:09:54","date_gmt":"2021-04-15T13:09:54","guid":{"rendered":"http:\/\/dev.quart.ro\/aplast\/?page_id=2316"},"modified":"2026-03-20T10:49:47","modified_gmt":"2026-03-20T08:49:47","slug":"politique-de-gdpr","status":"publish","type":"page","link":"https:\/\/aplast.ro\/fr\/politique-de-gdpr\/","title":{"rendered":"Politique de GDPR"},"content":{"rendered":"<p><strong>INTRO :<\/strong><\/p>\n<p>\u00c0 compter du 25 mai 2018, le <a href=\"http:\/\/www.dataprotection.ro\/servlet\/ViewDocument?id=1262\">r\u00e8glement (UE) 2016\/679 relatif \u00e0 la protection des personnes physiques \u00e0 l&rsquo;\u00e9gard du traitement des donn\u00e9es \u00e0 caract\u00e8re personnel et \u00e0 la libre circulation de ces donn\u00e9es, et abrogeant la directive 95\/46\/CE (r\u00e8glement g\u00e9n\u00e9ral sur la protection des donn\u00e9es) ci-apr\u00e8s d\u00e9nomm\u00e9 \u00a0\u00bb r\u00e8glement GDPR \u00ab\u00a0<\/a> s&rsquo;applique<a href=\"http:\/\/www.dataprotection.ro\/servlet\/ViewDocument?id=1262\">.<\/a><\/p>\n<p>Veuillez vous r\u00e9f\u00e9rer aux informations contenues dans ce document car elles expriment la politique Aplast Wood Industry SRL en mati\u00e8re de traitement des donn\u00e9es personnelles.<\/p>\n<p>Au sein Aplast Wood Industry SRL, nous traitons les donn\u00e9es personnelles exclusivement dans le cadre des dispositions l\u00e9gales sur la protection des donn\u00e9es personnelles.<\/p>\n<p><strong>D\u00c9FINITIONS :<\/strong><\/p>\n<ul>\n<li><strong>Responsable du traitement <\/strong>= Le responsable du traitement des donn\u00e9es au sens du r\u00e8glement GDPR est Aplast Wood Industry SRL, dont le si\u00e8ge social est situ\u00e9 \u00e0 Sat Ceptura de Jos, commune Ceptura, Cladirea Aplast Wood Industry, d\u00e9partement de Prahova, inscrit au registre du commerce de Prahova sous le num\u00e9ro J29\/2033\/18.07.2022, code fiscal RO26856598, ci-apr\u00e8s d\u00e9nomm\u00e9 \u00a0\u00bb le responsable du traitement \u00a0\u00bb ou \u00a0\u00bb Aplast Wood Industry\u00a0\u00bb.<\/li>\n<li><strong>Coordonn\u00e9es du d\u00e9l\u00e9gu\u00e9 \u00e0 la protection des donn\u00e9es <\/strong>(DPD) = Adresse \u00e0 laquelle les demandes d&rsquo;information sur le traitement des donn\u00e9es \u00e0 caract\u00e8re personnel peuvent \u00eatre envoy\u00e9es : \u00e0 Sat Ceptura de Jos, commune Ceptura, Cladirea Aplast, d\u00e9partement de Prahova, &#8211; \u00e0 l&rsquo;attention du DPD ou \u00e0 l&rsquo;adresse \u00e9lectronique : resurseumane@aplast.com.<\/li>\n<li>Personne concern\u00e9e aux fins du R\u00e8glement GDPR = personne physique identifi\u00e9e ou identifiable (qui peut \u00eatre identifi\u00e9e, directement ou indirectement, notamment par r\u00e9f\u00e9rence \u00e0 un identifiant : nom, num\u00e9ro d&rsquo;identification, donn\u00e9es de localisation, un identifiant en ligne, ou \u00e0 un ou plusieurs facteurs sp\u00e9cifiques \u00e0 son identit\u00e9 physique, physiologique, g\u00e9n\u00e9tique, mentale, \u00e9conomique, culturelle ou sociale). La personne concern\u00e9e peut \u00eatre le demandeur d&rsquo;un service propos\u00e9 par l&rsquo;Op\u00e9rateur, ainsi que toute autre personne physique dont les donn\u00e9es personnelles sont transmises \u00e0 l&rsquo;Op\u00e9rateur (par exemple, un client ou un client potentiel, un candidat \u00e0 une offre d&#8217;emploi sp\u00e9cifique, un utilisateur du site web de l&rsquo;Op\u00e9rateur, etc.)<\/li>\n<li>Cat\u00e9gories de donn\u00e9es trait\u00e9es = Les donn\u00e9es personnelles (pr\u00e9nom, nom, date de naissance, adresse, num\u00e9ro de carte CNP, s\u00e9rie et CI\/ID, num\u00e9ro de t\u00e9l\u00e9phone et adresse e-mail, etc.) ne sont trait\u00e9es par nous que lorsque vous saisissez ces donn\u00e9es dans une rubrique du site web ou que vous nous les envoyez par e-mail.<\/li>\n<li>Le traitement des donn\u00e9es \u00e0 caract\u00e8re personnel d\u00e9signe toute op\u00e9ration ou ensemble d&rsquo;op\u00e9rations effectu\u00e9es sur des donn\u00e9es \u00e0 caract\u00e8re personnel ou sur des ensembles de donn\u00e9es \u00e0 caract\u00e8re personnel, par des moyens automatis\u00e9s ou non, telles que la collecte, l&rsquo;enregistrement, l&rsquo;organisation, la structuration, la conservation, l&rsquo;adaptation ou la modification, l&rsquo;extraction, la consultation, l&rsquo;utilisation, la divulgation par transmission, la diffusion ou toute autre forme de mise \u00e0 disposition, le rapprochement ou la combinaison, la restriction, l&rsquo;effacement ou la destruction.<\/li>\n<\/ul>\n<ol>\n<li><strong> LES FINALIT\u00c9S ET LA BASE JURIDIQUE DU TRAITEMENT DE VOS DONN\u00c9ES :<\/strong><\/li>\n<\/ol>\n<p>Conform\u00e9ment au r\u00e8glement (UE) 2016\/679 et \u00e0 la l\u00e9gislation connexe, les finalit\u00e9s pour lesquelles nous traitons vos donn\u00e9es personnelles sont strictement li\u00e9es \u00e0 la relation entre APLAST et la personne concern\u00e9e. Les informations que vous nous fournissez sont trait\u00e9es avec la plus grande confidentialit\u00e9 et exclusivement aux fins pour lesquelles elles ont \u00e9t\u00e9 collect\u00e9es.<\/p>\n<p>Veuillez voir ci-dessous les d\u00e9tails des objectifs pour lesquels nous traitons les donn\u00e9es et la base juridique :<\/p>\n<p><strong>1.1. la gestion des contrats et des relations avec les clients :<\/strong><\/p>\n<ol>\n<li><em> Acc\u00e9der au site web :<\/em><\/li>\n<\/ol>\n<p>Chaque fois qu&rsquo;un utilisateur acc\u00e8de \u00e0 une page de notre offre et chaque fois qu&rsquo;un fichier est ouvert, les donn\u00e9es d&rsquo;acc\u00e8s sont enregistr\u00e9es par nous et partiellement par des tiers sous forme de fichiers de protocole. Chaque ensemble de donn\u00e9es comprend : la page web \u00e0 partir de laquelle vous acc\u00e9dez \u00e0 notre site, l&rsquo;adresse IP, la date et l&rsquo;heure d&rsquo;acc\u00e8s, la demande du client, le code de r\u00e9ponse http, la quantit\u00e9 de donn\u00e9es transf\u00e9r\u00e9es, des informations sur le navigateur et le syst\u00e8me d&rsquo;exploitation utilis\u00e9s.<\/p>\n<ol>\n<li><em> Situation g\u00e9ographique :<\/em><\/li>\n<\/ol>\n<p>Gr\u00e2ce \u00e0 la localisation g\u00e9ographique, en utilisant l&rsquo;adresse IP, il est techniquement possible d&rsquo;estimer la localisation de l&rsquo;internaute. Afin de pouvoir consulter directement les offres et les articles du magasin APLAST le plus proche, l&rsquo;adresse IP est enregistr\u00e9e et utilis\u00e9e \u00e0 des fins de localisation g\u00e9ographique. Apr\u00e8s la fin de la session en cours, l&rsquo;adresse IP n&rsquo;est pas stock\u00e9e chez nous \u00e0 des fins de localisation g\u00e9ographique.<\/p>\n<p>Note : Certaines donn\u00e9es de trafic (telles que les adresses IP ou d&rsquo;autres identifiants des appareils avec lesquels vous acc\u00e9dez \u00e0 notre site) peuvent, dans certaines circonstances, constituer des donn\u00e9es personnelles et nous les traiterons comme telles.<\/p>\n<ol>\n<li><em> Les donn\u00e9es du compte client dans les applications Aplast Wood Industry SRL:<\/em><\/li>\n<\/ol>\n<p>Lors de la cr\u00e9ation d&rsquo;un nouveau compte client dans les applications Aplast Wood Industry SRL, vos donn\u00e9es seront enregistr\u00e9es dans la base de donn\u00e9es APLAST. Vous pouvez demander \u00e0 tout moment la suppression de vos donn\u00e9es et de votre compte client. Si vous faites une demande d&rsquo;offre sur notre site web, les donn\u00e9es seront trait\u00e9es dans le but de mener \u00e0 bien le processus de vente.<\/p>\n<ol>\n<li><em> Donn\u00e9es pour passer une commande :<\/em><\/li>\n<\/ol>\n<p>Les donn\u00e9es personnelles stock\u00e9es seront utilis\u00e9es dans le but d&rsquo;ex\u00e9cuter les contrats et de traiter vos demandes. Apr\u00e8s la conclusion du contrat ou votre demande, vos donn\u00e9es sont sauvegard\u00e9es en tenant compte des d\u00e9lais de conservation selon la l\u00e9gislation fiscale et commerciale et le cas \u00e9ch\u00e9ant pour une p\u00e9riode n\u00e9cessaire \u00e0 la protection des droits de l&rsquo;Op\u00e9rateur.<\/p>\n<p>\u27a2 BASE JURIDIQUE : l&rsquo;int\u00e9r\u00eat l\u00e9gitime de l&rsquo;Op\u00e9rateur \u00e0 \u00e9viter la fraude en ligne et \u00e0 assurer la fonctionnalit\u00e9 g\u00e9n\u00e9rale du site web, l&rsquo;ex\u00e9cution d&rsquo;un contrat et le consentement de la personne concern\u00e9e, le cas \u00e9ch\u00e9ant.<\/p>\n<p><strong>Activit\u00e9s de recrutement :<\/strong><\/p>\n<ul>\n<li>Afin de soumettre rapidement votre candidature \u00e0 l&rsquo;un des postes disponibles au sein d&rsquo;APLAST, vous pouvez utiliser notre section en ligne cr\u00e9\u00e9e \u00e0 cet effet.<\/li>\n<li>Vos donn\u00e9es et documents seront utilis\u00e9s exclusivement pour le traitement de votre candidature, c&rsquo;est-\u00e0-dire pour identifier un poste appropri\u00e9 disponible au sein Aplast Wood Industry SRL. Elles sont stock\u00e9es dans notre base de donn\u00e9es, sont prot\u00e9g\u00e9es contre tout acc\u00e8s non autoris\u00e9 et trait\u00e9es conform\u00e9ment \u00e0 la l\u00e9gislation en vigueur sur le traitement des donn\u00e9es personnelles.<\/li>\n<\/ul>\n<p>\u27a2 QUESTION JURIDIQUE : consentement de la personne concern\u00e9e.<\/p>\n<ol start=\"2\">\n<li><strong> VOS DROITS. EN TANT QUE PERSONNE CONCERN\u00c9E PAR LE TRAITEMENT DES DONN\u00c9ES \u00c0 CARACT\u00c8RE PERSONNEL FOURNIES :<\/strong><\/li>\n<\/ol>\n<p>Droits de la personne concern\u00e9e et modalit\u00e9s d&rsquo;exercice de ces droits<\/p>\n<p>Selon le r\u00e8glement GDPR, en tant que personne concern\u00e9e, vous b\u00e9n\u00e9ficiez d&rsquo;une combinaison de droits, \u00e0 savoir :<\/p>\n<ol>\n<li><strong>Droit d&rsquo;information et d&rsquo;acc\u00e8s <\/strong>aux donn\u00e9es \u00e0 caract\u00e8re personnel : le droit d&rsquo;obtenir la confirmation que des donn\u00e9es \u00e0 caract\u00e8re personnel vous concernant sont ou ne sont pas trait\u00e9es et, le cas \u00e9ch\u00e9ant, l&rsquo;acc\u00e8s \u00e0 ces donn\u00e9es.<\/li>\n<li><strong>Droit de rectification <\/strong>: le droit de demander \u00e0 l&rsquo;Exploitant et d&rsquo;obtenir, sans retard injustifi\u00e9, la rectification des donn\u00e9es personnelles inexactes vous concernant et\/ou d&rsquo;obtenir que les donn\u00e9es personnelles qui sont incompl\u00e8tes soient compl\u00e9t\u00e9es, avec la mention que dans le cas d&rsquo;un compte en ligne, vous pouvez effectuer ces modifications personnellement dans la section d&rsquo;\u00e9dition des donn\u00e9es du compte.<\/li>\n<li><strong>Droit \u00e0 l&rsquo;effacement des donn\u00e9es <\/strong>(\u00a0\u00bb droit \u00e0 l&rsquo;oubli \u00ab\u00a0) : le droit d&rsquo;obtenir l&rsquo;effacement des donn\u00e9es personnelles vous concernant sans retard excessif si certains motifs mentionn\u00e9s dans le r\u00e8glement GDPR s&rsquo;appliquent.<\/li>\n<li><strong>Droit \u00e0 la limitation du traitement <\/strong>: le droit d&rsquo;obtenir la limitation du traitement dans certains cas.<\/li>\n<li><strong>Droit \u00e0 la portabilit\u00e9 des donn\u00e9es <\/strong>: le droit de recevoir les donn\u00e9es personnelles vous concernant et de les transmettre \u00e0 un autre responsable du traitement.<\/li>\n<li><strong>Droit d&rsquo;opposition : le <\/strong>droit de s&rsquo;opposer \u00e0 tout moment au traitement des donn\u00e9es personnelles vous concernant, conform\u00e9ment au r\u00e8glement GDPR.<\/li>\n<li>Le droit de ne pas faire l&rsquo;objet d&rsquo;une d\u00e9cision fond\u00e9e uniquement sur un traitement automatis\u00e9, y compris le profilage, qui produit des effets juridiques vous concernant ou vous affecte de mani\u00e8re significative.<\/li>\n<li>Le droit d&rsquo;introduire une plainte aupr\u00e8s de l&rsquo;Autorit\u00e9 nationale de contr\u00f4le du traitement des donn\u00e9es \u00e0 caract\u00e8re personnel (ANSPDCP) si vous estimez que vos donn\u00e9es n&rsquo;ont pas \u00e9t\u00e9 trait\u00e9es conform\u00e9ment \u00e0 la loi.<\/li>\n<\/ol>\n<p>\u27a2 Comment pouvez-vous exercer ces droits ?<\/p>\n<p>Pour exercer les droits mentionn\u00e9s ci-dessus, veuillez envoyer une demande \u00e9crite, dat\u00e9e et sign\u00e9e \u00e0 l&rsquo;adresse \u00e9lectronique : resurseumane@aplast.com, ou \u00e0 l&rsquo;adresse postale : Comuna Ceptura de Jos, Cladirea Aplast, Prahova County \u00e0 l&rsquo;attention du d\u00e9l\u00e9gu\u00e9 \u00e0 la protection des donn\u00e9es.<\/p>\n<p>\u27a2 Dans quel d\u00e9lai r\u00e9pondons-nous \u00e0 vos demandes ?<\/p>\n<p>Dans un d\u00e9lai maximum d&rsquo;un mois, calcul\u00e9 \u00e0 partir de la r\u00e9ception de votre demande, vous recevrez des informations sur les mesures prises ou, le cas \u00e9ch\u00e9ant, sur les raisons pour lesquelles les mesures demand\u00e9es ne peuvent \u00eatre prises.<\/p>\n<p>Note : Veuillez noter que pour r\u00e9pondre \u00e0 une demande d&rsquo;acc\u00e8s aux donn\u00e9es personnelles, nous prendrons toutes les mesures raisonnables pour v\u00e9rifier l&rsquo;identit\u00e9 de la personne concern\u00e9e.<\/p>\n<p>En outre, conform\u00e9ment au r\u00e8glement GDPR, le d\u00e9lai de r\u00e9ponse susmentionn\u00e9 peut \u00eatre prolong\u00e9 de deux mois au maximum si n\u00e9cessaire, en tenant compte de la complexit\u00e9 et du nombre de demandes, et nous vous en informerons, le cas \u00e9ch\u00e9ant.<\/p>\n<ol start=\"3\">\n<li><strong> LES DESTINATAIRES OU LES CAT\u00c9GORIES DE DESTINATAIRES DES DONN\u00c9ES \u00c0 CARACT\u00c8RE PERSONNEL :<\/strong><\/li>\n<\/ol>\n<p>Les destinataires qui traitent des donn\u00e9es personnelles au sein de l&rsquo;Union europ\u00e9enne sont tenus de se conformer aux m\u00eames dispositions l\u00e9gales, offrant le m\u00eame niveau de protection que le Contr\u00f4leur.<\/p>\n<p>3.1 Transmission des donn\u00e9es \u00e0 des fins de traitement des commandes<\/p>\n<p>Les donn\u00e9es personnelles stock\u00e9es par Aplast Wood Industry SRLsont transmises \u00e0 nos collaborateurs aux fins de l&rsquo;ex\u00e9cution\/livraison des commandes. Par exemple, vos donn\u00e9es seront transmises \u00e0 des entreprises de transport ou de messagerie, si vous optez pour la livraison de votre commande avec transport.<\/p>\n<p>3.2. saisine des institutions publiques, des tribunaux et des autorit\u00e9s comp\u00e9tentes pour enqu\u00eater sur les infractions p\u00e9nales<\/p>\n<p>Dans des cas particuliers, lorsque la loi l&rsquo;exige, Aplast Wood Industry SRLpeut fournir aux institutions comp\u00e9tentes des informations sur les donn\u00e9es personnelles.<\/p>\n<p><strong>Transmission \u00e0 d&rsquo;autres tiers<\/strong><\/p>\n<p>Afin de vous offrir une exp\u00e9rience en ligne des plus agr\u00e9ables, nous travaillons constamment \u00e0 l&rsquo;am\u00e9lioration et \u00e0 la maintenance des logiciels que nous utilisons.<\/p>\n<p><strong>Transmission de donn\u00e9es \u00e0 des organisations non europ\u00e9ennes<\/strong><\/p>\n<p>Exceptionnellement, vos donn\u00e9es peuvent \u00e9galement \u00eatre transf\u00e9r\u00e9es vers des entit\u00e9s situ\u00e9es en dehors de l&rsquo;Union europ\u00e9enne ou \u00eatre consult\u00e9es par celles-ci, y compris dans des pays auxquels l&rsquo;UE ne reconna\u00eet pas un niveau ad\u00e9quat de protection des donn\u00e9es personnelles. Ces situations se pr\u00e9sentent notamment lorsque nous parlons de l&rsquo;utilisation de plateformes\/programmes\/outils en ligne pour le traitement des commandes, la promotion ou l&rsquo;infrastructure informatique connexe. Par exemple, dans le cas de l&rsquo;utilisation de l&rsquo;infrastructure Amazon Web Services ou des applications fournies par Google ou Microsoft, bien que l&rsquo;infrastructure en tant que telle soit situ\u00e9e dans l&rsquo;Union europ\u00e9enne, les organisations m\u00e8res peuvent y acc\u00e9der dans le pays d&rsquo;origine. Dans toutes ces situations, APLAST prendra les mesures n\u00e9cessaires pour assurer la protection de vos donn\u00e9es, telles que des clauses contractuelles types \u00e9mises par des organismes europ\u00e9ens ou des certifications pertinentes en la mati\u00e8re et reconnues au sein de l&rsquo;Union europ\u00e9enne.<\/p>\n<ol start=\"4\">\n<li><strong> BASE JURIDIQUE<\/strong><\/li>\n<\/ol>\n<p>Pour plus de d\u00e9tails, vous pouvez consulter la base juridique :<\/p>\n<ul>\n<li>R\u00e8glement (UE) 2016\/679 relatif \u00e0 la protection des personnes physiques \u00e0 l&rsquo;\u00e9gard du traitement des donn\u00e9es \u00e0 caract\u00e8re personnel et \u00e0 la libre circulation de ces donn\u00e9es, et abrogeant la directive 95\/46\/CE (r\u00e8glement g\u00e9n\u00e9ral sur la protection des donn\u00e9es) (accessible \u00e0 <a href=\"https:\/\/www.dataprotection.ro\/servlet\/ViewDocument?id=1262\">Regulation_nr_679_2016<\/a> ).<\/li>\n<li>Loi n\u00b0 506\/2004 sur le traitement des donn\u00e9es personnelles et la protection de la vie priv\u00e9e dans le secteur des communications \u00e9lectroniques.<\/li>\n<\/ul>\n<p>La direction s&rsquo;engage \u00e0 faire respecter cette politique de confidentialit\u00e9 par tous les employ\u00e9s en mettant en place des proc\u00e9dures internes sp\u00e9cifiques aux r\u00e8gles de protection des donn\u00e9es personnelles, conform\u00e9ment \u00e0 la base juridique de leur traitement.<\/p>\n<p>&nbsp;<\/p>\n","protected":false},"excerpt":{"rendered":"<p>INTRO : \u00c0 compter du 25 mai 2018, le r\u00e8glement (UE) 2016\/679 relatif \u00e0 la protection des personnes physiques \u00e0 l&rsquo;\u00e9gard du traitement des donn\u00e9es \u00e0 caract\u00e8re personnel et \u00e0 la libre circulation de ces donn\u00e9es, et abrogeant la directive 95\/46\/CE (r\u00e8glement g\u00e9n\u00e9ral sur la protection des donn\u00e9es) ci-apr\u00e8s d\u00e9nomm\u00e9 \u00a0\u00bb r\u00e8glement GDPR \u00ab\u00a0 s&rsquo;applique. [&hellip;]<\/p>\n","protected":false},"author":2,"featured_media":1412,"parent":0,"menu_order":103,"comment_status":"closed","ping_status":"closed","template":"","meta":{"footnotes":""},"yoast_head":"<!-- This site is optimized with the Yoast SEO plugin v19.9 - https:\/\/yoast.com\/wordpress\/plugins\/seo\/ -->\n<title>Politique de GDPR | Aplast<\/title>\n<meta name=\"robots\" content=\"noindex, follow\" \/>\n<meta property=\"og:locale\" content=\"fr_FR\" \/>\n<meta property=\"og:type\" content=\"article\" \/>\n<meta property=\"og:title\" content=\"Politique de GDPR | Aplast\" \/>\n<meta property=\"og:description\" content=\"INTRO : \u00c0 compter du 25 mai 2018, le r\u00e8glement (UE) 2016\/679 relatif \u00e0 la protection des personnes physiques \u00e0 l&rsquo;\u00e9gard du traitement des donn\u00e9es \u00e0 caract\u00e8re personnel et \u00e0 la libre circulation de ces donn\u00e9es, et abrogeant la directive 95\/46\/CE (r\u00e8glement g\u00e9n\u00e9ral sur la protection des donn\u00e9es) ci-apr\u00e8s d\u00e9nomm\u00e9 \u00a0\u00bb r\u00e8glement GDPR \u00ab\u00a0 s&rsquo;applique. [&hellip;]\" \/>\n<meta property=\"og:url\" content=\"https:\/\/aplast.ro\/fr\/politique-de-gdpr\/\" \/>\n<meta property=\"og:site_name\" content=\"Aplast\" \/>\n<meta property=\"article:modified_time\" content=\"2026-03-20T08:49:47+00:00\" \/>\n<meta property=\"og:image\" content=\"https:\/\/aplast.ro\/wp-content\/uploads\/2020\/08\/conf.jpg\" \/>\n\t<meta property=\"og:image:width\" content=\"1920\" \/>\n\t<meta property=\"og:image:height\" content=\"400\" \/>\n\t<meta property=\"og:image:type\" content=\"image\/jpeg\" \/>\n<meta name=\"twitter:card\" content=\"summary_large_image\" \/>\n<meta name=\"twitter:label1\" content=\"Dur\u00e9e de lecture estim\u00e9e\" \/>\n\t<meta name=\"twitter:data1\" content=\"9 minutes\" \/>\n<script type=\"application\/ld+json\" class=\"yoast-schema-graph\">{\"@context\":\"https:\/\/schema.org\",\"@graph\":[{\"@type\":\"WebPage\",\"@id\":\"https:\/\/aplast.ro\/fr\/politique-de-gdpr\/\",\"url\":\"https:\/\/aplast.ro\/fr\/politique-de-gdpr\/\",\"name\":\"Politique de GDPR | Aplast\",\"isPartOf\":{\"@id\":\"https:\/\/aplast.ro\/#website\"},\"datePublished\":\"2021-04-15T13:09:54+00:00\",\"dateModified\":\"2026-03-20T08:49:47+00:00\",\"breadcrumb\":{\"@id\":\"https:\/\/aplast.ro\/fr\/politique-de-gdpr\/#breadcrumb\"},\"inLanguage\":\"fr-FR\",\"potentialAction\":[{\"@type\":\"ReadAction\",\"target\":[\"https:\/\/aplast.ro\/fr\/politique-de-gdpr\/\"]}]},{\"@type\":\"BreadcrumbList\",\"@id\":\"https:\/\/aplast.ro\/fr\/politique-de-gdpr\/#breadcrumb\",\"itemListElement\":[{\"@type\":\"ListItem\",\"position\":1,\"name\":\"Home\",\"item\":\"https:\/\/aplast.ro\/fr\/\"},{\"@type\":\"ListItem\",\"position\":2,\"name\":\"Politique de GDPR\"}]},{\"@type\":\"WebSite\",\"@id\":\"https:\/\/aplast.ro\/#website\",\"url\":\"https:\/\/aplast.ro\/\",\"name\":\"Aplast\",\"description\":\"Ferestre \u0219i U\u0219i PVC &amp; Termopan\",\"publisher\":{\"@id\":\"https:\/\/aplast.ro\/#organization\"},\"potentialAction\":[{\"@type\":\"SearchAction\",\"target\":{\"@type\":\"EntryPoint\",\"urlTemplate\":\"https:\/\/aplast.ro\/?s={search_term_string}\"},\"query-input\":\"required name=search_term_string\"}],\"inLanguage\":\"fr-FR\"},{\"@type\":\"Organization\",\"@id\":\"https:\/\/aplast.ro\/#organization\",\"name\":\"Aplast\",\"url\":\"https:\/\/aplast.ro\/\",\"logo\":{\"@type\":\"ImageObject\",\"inLanguage\":\"fr-FR\",\"@id\":\"https:\/\/aplast.ro\/#\/schema\/logo\/image\/\",\"url\":\"https:\/\/aplast.ro\/wp-content\/uploads\/2023\/08\/logo-aplast.png\",\"contentUrl\":\"https:\/\/aplast.ro\/wp-content\/uploads\/2023\/08\/logo-aplast.png\",\"width\":213,\"height\":100,\"caption\":\"Aplast\"},\"image\":{\"@id\":\"https:\/\/aplast.ro\/#\/schema\/logo\/image\/\"}}]}<\/script>\n<!-- \/ Yoast SEO plugin. -->","yoast_head_json":{"title":"Politique de GDPR | Aplast","robots":{"index":"noindex","follow":"follow"},"og_locale":"fr_FR","og_type":"article","og_title":"Politique de GDPR | Aplast","og_description":"INTRO : \u00c0 compter du 25 mai 2018, le r\u00e8glement (UE) 2016\/679 relatif \u00e0 la protection des personnes physiques \u00e0 l&rsquo;\u00e9gard du traitement des donn\u00e9es \u00e0 caract\u00e8re personnel et \u00e0 la libre circulation de ces donn\u00e9es, et abrogeant la directive 95\/46\/CE (r\u00e8glement g\u00e9n\u00e9ral sur la protection des donn\u00e9es) ci-apr\u00e8s d\u00e9nomm\u00e9 \u00a0\u00bb r\u00e8glement GDPR \u00ab\u00a0 s&rsquo;applique. [&hellip;]","og_url":"https:\/\/aplast.ro\/fr\/politique-de-gdpr\/","og_site_name":"Aplast","article_modified_time":"2026-03-20T08:49:47+00:00","og_image":[{"width":1920,"height":400,"url":"https:\/\/aplast.ro\/wp-content\/uploads\/2020\/08\/conf.jpg","type":"image\/jpeg"}],"twitter_card":"summary_large_image","twitter_misc":{"Dur\u00e9e de lecture estim\u00e9e":"9 minutes"},"schema":{"@context":"https:\/\/schema.org","@graph":[{"@type":"WebPage","@id":"https:\/\/aplast.ro\/fr\/politique-de-gdpr\/","url":"https:\/\/aplast.ro\/fr\/politique-de-gdpr\/","name":"Politique de GDPR | Aplast","isPartOf":{"@id":"https:\/\/aplast.ro\/#website"},"datePublished":"2021-04-15T13:09:54+00:00","dateModified":"2026-03-20T08:49:47+00:00","breadcrumb":{"@id":"https:\/\/aplast.ro\/fr\/politique-de-gdpr\/#breadcrumb"},"inLanguage":"fr-FR","potentialAction":[{"@type":"ReadAction","target":["https:\/\/aplast.ro\/fr\/politique-de-gdpr\/"]}]},{"@type":"BreadcrumbList","@id":"https:\/\/aplast.ro\/fr\/politique-de-gdpr\/#breadcrumb","itemListElement":[{"@type":"ListItem","position":1,"name":"Home","item":"https:\/\/aplast.ro\/fr\/"},{"@type":"ListItem","position":2,"name":"Politique de GDPR"}]},{"@type":"WebSite","@id":"https:\/\/aplast.ro\/#website","url":"https:\/\/aplast.ro\/","name":"Aplast","description":"Ferestre \u0219i U\u0219i PVC &amp; Termopan","publisher":{"@id":"https:\/\/aplast.ro\/#organization"},"potentialAction":[{"@type":"SearchAction","target":{"@type":"EntryPoint","urlTemplate":"https:\/\/aplast.ro\/?s={search_term_string}"},"query-input":"required name=search_term_string"}],"inLanguage":"fr-FR"},{"@type":"Organization","@id":"https:\/\/aplast.ro\/#organization","name":"Aplast","url":"https:\/\/aplast.ro\/","logo":{"@type":"ImageObject","inLanguage":"fr-FR","@id":"https:\/\/aplast.ro\/#\/schema\/logo\/image\/","url":"https:\/\/aplast.ro\/wp-content\/uploads\/2023\/08\/logo-aplast.png","contentUrl":"https:\/\/aplast.ro\/wp-content\/uploads\/2023\/08\/logo-aplast.png","width":213,"height":100,"caption":"Aplast"},"image":{"@id":"https:\/\/aplast.ro\/#\/schema\/logo\/image\/"}}]}},"_links":{"self":[{"href":"https:\/\/aplast.ro\/fr\/wp-json\/wp\/v2\/pages\/2316"}],"collection":[{"href":"https:\/\/aplast.ro\/fr\/wp-json\/wp\/v2\/pages"}],"about":[{"href":"https:\/\/aplast.ro\/fr\/wp-json\/wp\/v2\/types\/page"}],"author":[{"embeddable":true,"href":"https:\/\/aplast.ro\/fr\/wp-json\/wp\/v2\/users\/2"}],"replies":[{"embeddable":true,"href":"https:\/\/aplast.ro\/fr\/wp-json\/wp\/v2\/comments?post=2316"}],"version-history":[{"count":5,"href":"https:\/\/aplast.ro\/fr\/wp-json\/wp\/v2\/pages\/2316\/revisions"}],"predecessor-version":[{"id":3317,"href":"https:\/\/aplast.ro\/fr\/wp-json\/wp\/v2\/pages\/2316\/revisions\/3317"}],"wp:featuredmedia":[{"embeddable":true,"href":"https:\/\/aplast.ro\/fr\/wp-json\/wp\/v2\/media\/1412"}],"wp:attachment":[{"href":"https:\/\/aplast.ro\/fr\/wp-json\/wp\/v2\/media?parent=2316"}],"curies":[{"name":"wp","href":"https:\/\/api.w.org\/{rel}","templated":true}]}}