{"id":2314,"date":"2021-04-15T16:06:40","date_gmt":"2021-04-15T13:06:40","guid":{"rendered":"http:\/\/dev.quart.ro\/aplast\/?page_id=2314"},"modified":"2026-03-20T10:49:16","modified_gmt":"2026-03-20T08:49:16","slug":"cookie-policy","status":"publish","type":"page","link":"https:\/\/aplast.ro\/fr\/cookie-policy\/","title":{"rendered":"Politique de cookies"},"content":{"rendered":"<p class=\"p1\">1. Le site www.aplast.ro utilise des cookies, qui assurent le bon fonctionnement du site, mais \u00e9galement des cookies utilis\u00e9s \u00e0 la fois pour fournir des informations aussi pertinentes que possible aux utilisateurs, et pour adapter les services \u00e0 leurs besoins, en fonction des informations fournies dans cette politique.<\/p>\n<p class=\"p1\">Cette politique fait r\u00e9f\u00e9rence aux cookies utilis\u00e9s, le cas \u00e9ch\u00e9ant, dans les sites Web et applications exploit\u00e9s par \u00abAplast Wood Industry SRL\u00bb. Les cookies sont utilis\u00e9s aux fins suivantes:<\/p>\n<p class=\"p1\">&#8211; fonctionnement du site<\/p>\n<p class=\"p1\">&#8211; analyse du comportement des visiteurs du site<\/p>\n<p class=\"p1\">&#8211; Pour faire de la publicit\u00e9.<\/p>\n<p class=\"p1\">Cette politique est compl\u00e9t\u00e9e par la politique de \u00abAplast\u00bb.<span class=\"Apple-converted-space\">\u00a0 <\/span>concernant la protection des donn\u00e9es personnelles et les Conditions G\u00e9n\u00e9rales de Vente du site, que nous vous encourageons \u00e0 lire, y compris les informations utiles compl\u00e9mentaires, y compris la personne responsable du \u00abAplast Wood Industry SRL\u00bb.<span class=\"Apple-converted-space\">\u00a0 <\/span>pour la protection de les donn\u00e9es personnelles, toutes les finalit\u00e9s du traitement des donn\u00e9es par \u00ab\u00abAplast\u00bb.<span class=\"Apple-converted-space\">\u00a0 <\/span>vos droits, ainsi que leurs exceptions et limites.<\/p>\n<p class=\"p1\">Une bonne protection des donn\u00e9es personnelles est un objectif important pour<span class=\"Apple-converted-space\">\u00a0 <\/span>\u00ab\u00abAplast Wood Industry SRL\u00bb. <span class=\"Apple-converted-space\">\u00a0 <\/span>Notre volont\u00e9 est d&rsquo;\u00eatre aussi transparente que possible sur l&rsquo;approche dans ce domaine. Pour toute question, veuillez nous contacter \u00e0 <a href=\"mailto:office@aplast.com\"><span class=\"s1\">office@aplast.ro<\/span><\/a>.<\/p>\n<p class=\"p1\"><b>2. Que sont les cookies?<\/b><\/p>\n<p class=\"p1\">Un cookie est un petit fichier, compos\u00e9 de lettres et de chiffres, qui sera stock\u00e9 sur un ordinateur, un terminal mobile ou un autre \u00e9quipement d&rsquo;un utilisateur acc\u00e9dant \u00e0 Internet. Le cookie est install\u00e9 par la requ\u00eate \u00e9mise par le terminal de l&rsquo;utilisateur \u00e0 un serveur appartenant \u00e0 \u00abAplast Wood Industry SRL\u00bb. <span class=\"Apple-converted-space\">\u00a0<\/span><\/p>\n<p class=\"p1\">La loi stipule que nous pouvons stocker des cookies sur l&rsquo;appareil de l&rsquo;utilisateur s&rsquo;ils sont strictement n\u00e9cessaires au fonctionnement de ce site. Pour tous les autres types de cookies, nous avons besoin de l&rsquo;autorisation des utilisateurs. Par cons\u00e9quent, vous pouvez, \u00e0 tout moment, modifier ou retirer votre consentement en d\u00e9sactivant la bo\u00eete \u00e0 cookies sur notre site Web.<\/p>\n<p class=\"p1\"><b>3. \u00c0 quoi servent les cookies?<\/b><\/p>\n<p class=\"p1\">Ces fichiers permettent principalement de reconna\u00eetre le terminal de l&rsquo;utilisateur et de pr\u00e9senter le contenu de mani\u00e8re pertinente, adapt\u00e9e aux pr\u00e9f\u00e9rences de l&rsquo;utilisateur. Les cookies offrent aux utilisateurs une exp\u00e9rience de navigation agr\u00e9able et soutiennent les efforts de ` Aplast\u00bb.<span class=\"Apple-converted-space\">\u00a0 <\/span>&lsquo; pour fournir des services plus conviviaux, par exemple: &#8211; pr\u00e9f\u00e9rences pour la confidentialit\u00e9 en ligne, le panier d&rsquo;achat ou la publicit\u00e9 pertinente. Ils sont \u00e9galement utilis\u00e9s dans la pr\u00e9paration de statistiques anonymes agr\u00e9g\u00e9es qui nous aident \u00e0 comprendre comment un utilisateur profite de nos pages Web, nous permettant d&rsquo;am\u00e9liorer leur structure et leur contenu, sans permettre \u00e0 l&rsquo;utilisateur d&rsquo;\u00eatre personnellement identifi\u00e9.<\/p>\n<p class=\"p1\">4<b>. Quels cookies utilisons-nous?<\/b><\/p>\n<p class=\"p1\">Nous utilisons deux types de cookies: par session et fixes. Les cookies par session sont des fichiers temporaires qui restent dans le terminal de l&rsquo;utilisateur jusqu&rsquo;\u00e0 la fin de la session ou jusqu&rsquo;\u00e0 la fermeture de l&rsquo;application. Les cookies fixes restent sur le terminal de l&rsquo;utilisateur pendant une p\u00e9riode d\u00e9termin\u00e9e par les param\u00e8tres des cookies ou jusqu&rsquo;\u00e0 ce qu&rsquo;ils soient supprim\u00e9s manuellement par l&rsquo;utilisateur.<\/p>\n<p class=\"p1\">Nous avons class\u00e9 nos cookies dans les cat\u00e9gories suivantes, pour souligner la n\u00e9cessit\u00e9 de leur existence:<\/p>\n<p class=\"p1\">1. <b>Strictement n\u00e9cessaires (fonctionnels)<\/b> &#8211; Les cookies n\u00e9cessaires aident \u00e0 rendre un site utilisable en activant des fonctions de base, telles que la navigation dans les pages et l&rsquo;acc\u00e8s aux zones s\u00e9curis\u00e9es du site. Le site ne peut pas fonctionner dans des param\u00e8tres optimaux sans ces cookies.<\/p>\n<p class=\"p1\">2. <b>Pr\u00e9f\u00e9rences <\/b>&#8211; Les cookies pr\u00e9f\u00e9r\u00e9s permettent \u00e0 un site de conserver des informations qui changent en fonction de la fa\u00e7on dont le site se comporte ou ressemble, comme la langue ou la r\u00e9gion pr\u00e9f\u00e9r\u00e9e.<\/p>\n<p class=\"p1\">3. <b>Statistiques<\/b> &#8211; Les cookies statistiques aident les propri\u00e9taires de sites \u00e0 comprendre comment les visiteurs interagissent avec les sites en collectant et en rapportant des informations de mani\u00e8re anonyme.<\/p>\n<p class=\"p1\">4. <b>Marketing <\/b>&#8211; Les cookies marketing sont utilis\u00e9s pour suivre les utilisateurs d&rsquo;un site \u00e0 un autre. L&rsquo;intention est de montrer des publicit\u00e9s pertinentes et attrayantes aux utilisateurs individuels, afin qu&rsquo;elles soient plus utiles aux annonceurs et aux tiers impliqu\u00e9s dans la publicit\u00e9. Nous utilisons ensuite ces informations pour afficher des publicit\u00e9s et des pages d&rsquo;int\u00e9r\u00eat, pour individualiser la fa\u00e7on dont nous communiquons ou pour individualiser le contenu des communications que nous envoyons. S&rsquo;il le pr\u00e9f\u00e8re, l&rsquo;utilisateur peut y renoncer. L&rsquo;individualisation du contenu signifie qu&rsquo;elle comprend des informations qui refl\u00e8tent l&rsquo;int\u00e9r\u00eat de l&rsquo;utilisateur pour le contenu de nos pages ou des offres ou promotions susceptibles de l&rsquo;int\u00e9resser et d&rsquo;am\u00e9liorer la fa\u00e7on dont nous r\u00e9pondons \u00e0 leurs besoins.<\/p>\n<p class=\"p1\">5. <b>Comment les cookies sont-ils utilis\u00e9s par ce site?<\/b><\/p>\n<p class=\"p1\">Les cookies et \/ ou technologies similaires strictement n\u00e9cessaires sont indispensables au bon fonctionnement du site, \u00e9tant mis en place sur votre appareil lors de l&rsquo;acc\u00e8s au site ou suite aux actions effectu\u00e9es sur le site, selon le cas. Vous pouvez configurer votre navigateur pour bloquer les cookies, mais dans ce cas, certaines sections du site ne fonctionneront pas correctement.<\/p>\n<p class=\"p1\">Nous utilisons des cookies pour surveiller les achats des clients et les actions qu&rsquo;ils ont entreprises sur le site. Les cookies permettent \u00e9galement \u00e0 l&rsquo;utilisateur d&rsquo;acc\u00e9der \u00e0 des services tels que le suivi de la commande pass\u00e9e, la v\u00e9rification de son compte ou l&rsquo;obtention d&rsquo;avantages suppl\u00e9mentaires.<\/p>\n<p class=\"p1\">Nos cookies ne conservent pas de donn\u00e9es personnelles telles que le nom ou les coordonn\u00e9es bancaires. Ils nous permettent uniquement de trouver des informations nous permettant de relier les donn\u00e9es de navigation effectu\u00e9es aux donn\u00e9es personnelles de l&rsquo;utilisateur lorsqu&rsquo;il choisit de s&rsquo;inscrire \u00e0 un service. Pour cela, dans certaines situations, nous utilisons des cookies persistants. Nous prenons la protection de vos donn\u00e9es personnelles au s\u00e9rieux &#8211; nous surveillons et am\u00e9liorons toujours la mani\u00e8re dont nous pouvons les prot\u00e9ger. Chaque fois que l&rsquo;utilisateur acc\u00e8de au site, il voit le message suivant:<\/p>\n<p class=\"p1\"><i>,, Ce site utilise des cookies. Nous utilisons des cookies pour personnaliser le contenu et les publicit\u00e9s, pour fournir des fonctionnalit\u00e9s de r\u00e9seautage social et pour analyser le trafic. Si vous choisissez de continuer \u00e0 utiliser notre site Web, vous acceptez la politique d&rsquo;utilisation des cookies. Votre consentement s&rsquo;applique aux domaines suivants: \u00ab\u00a0Aplast.ro\u00a0\u00bb.<\/i><\/p>\n<p class=\"p1\"><b>6. Les cookies contiennent-ils des donn\u00e9es personnelles?<\/b><\/p>\n<p class=\"p1\">Les cookies ne n\u00e9cessitent pas l&rsquo;utilisation d&rsquo;informations personnelles et, dans de nombreux cas, n&rsquo;identifient pas personnellement les internautes. Cependant, il existe des situations o\u00f9 des donn\u00e9es personnelles peuvent \u00eatre collect\u00e9es via l&rsquo;utilisation de cookies pour faciliter certaines fonctionnalit\u00e9s pour l&rsquo;utilisateur ou pour offrir \u00e0 l&rsquo;utilisateur une exp\u00e9rience plus adapt\u00e9e \u00e0 ses pr\u00e9f\u00e9rences. Ces donn\u00e9es sont crypt\u00e9es de mani\u00e8re \u00e0 emp\u00eacher des personnes non autoris\u00e9es d&rsquo;y acc\u00e9der.<\/p>\n<p class=\"p1\">7<b>. Bloquer les cookies<\/b><\/p>\n<p class=\"p1\">Si l&rsquo;utilisateur souhaite bloquer les cookies, certaines fonctionnalit\u00e9s du site seront d\u00e9sactiv\u00e9es, ce qui peut g\u00e9n\u00e9rer certains dysfonctionnements ou erreurs dans l&rsquo;utilisation de notre site. Par exemple, le blocage des cookies peut emp\u00eacher:<\/p>\n<p class=\"p1\">&#8211; achats en ligne<\/p>\n<p class=\"p1\">&#8211; authentification dans le compte utilisateur<\/p>\n<p class=\"p1\">La plupart des navigateurs sont configur\u00e9s pour accepter les cookies par d\u00e9faut, mais vous pouvez modifier les param\u00e8tres pour bloquer tout ou partie de vos cookies.<\/p>\n<p class=\"p1\">La d\u00e9cision de conserver ou de supprimer les cookies appartient \u00e0 chaque utilisateur. Avant de prendre des mesures \u00e0 cet \u00e9gard, nous vous recommandons de prendre en compte quelques \u00e9l\u00e9ments:<\/p>\n<p class=\"p1\">Le but des cookies est d&rsquo;am\u00e9liorer l&rsquo;exp\u00e9rience de navigation des utilisateurs et de nous aider, gr\u00e2ce aux donn\u00e9es statistiques collect\u00e9es \u00e0 la suite de visites sur le site www.Aplast.ro, nous am\u00e9liorons les produits et services que nous proposons. Ces fichiers ne constituent pas une menace pour la s\u00e9curit\u00e9 des donn\u00e9es des utilisateurs. Ils n&rsquo;acc\u00e9deront ni ne transmettront aucune information stock\u00e9e sur le disque dur de leur ordinateur ou t\u00e9l\u00e9phone.<\/p>\n<p class=\"p1\">Leur taille est n\u00e9gligeable, sans alt\u00e9rer les performances de l&rsquo;ordinateur ou du t\u00e9l\u00e9phone sur lequel ils sont stock\u00e9s. Une \u00e9ventuelle suppression de ces fichiers pourrait g\u00e9n\u00e9rer des difficult\u00e9s de navigation sur le site www.Aplast.ro, limitant les possibilit\u00e9s des utilisateurs de visualiser le contenu. Nous recommandons aux utilisateurs de ne pas supprimer ces fichiers car la suppression, la d\u00e9sactivation ou le refus de les enregistrer sur votre ordinateur ou t\u00e9l\u00e9phone affectera implicitement la fa\u00e7on dont vous naviguez sur Internet, limitant les performances des sites Web que vous visitez.<\/p>\n<p class=\"p1\">Les utilisateurs doivent \u00e9galement \u00eatre conscients que la suppression des cookies signifie que les publicit\u00e9s ne seront plus adapt\u00e9es \u00e0 leurs int\u00e9r\u00eats. Pour effectuer un achat en ligne ou pour conna\u00eetre les produits \/ services \u00abd\u00e9p\u00f4t de fen\u00eatre\u00bb, il est n\u00e9cessaire d&rsquo;activer les cookies dans le navigateur Internet. Ces param\u00e8tres sont g\u00e9n\u00e9ralement accessibles dans la section \u00ab\u00a0options\u00a0\u00bb ou dans le menu \u00ab\u00a0pr\u00e9f\u00e9rences\u00a0\u00bb du navigateur.<\/p>\n<p class=\"p1\"><b>8. Administration des pr\u00e9f\u00e9rences de placement des cookies<\/b><\/p>\n<p class=\"p1\">En g\u00e9n\u00e9ral, une application utilis\u00e9e pour acc\u00e9der aux pages Web vous permet d&rsquo;enregistrer par d\u00e9faut des cookies et \/ ou des technologies similaires sur le terminal. Celles-ci sont conserv\u00e9es pendant les p\u00e9riodes d\u00e9crites dans le tableau ci-dessous. Ces param\u00e8tres peuvent \u00eatre modifi\u00e9s afin que l&rsquo;administration automatique des cookies soit bloqu\u00e9e par le navigateur Web ou que l&rsquo;utilisateur soit inform\u00e9 \u00e0 chaque fois que des cookies sont envoy\u00e9s \u00e0 son terminal.<\/p>\n<p class=\"p1\">Vous trouverez des informations d\u00e9taill\u00e9es sur les possibilit\u00e9s et les moyens de g\u00e9rer les cookies dans la zone de param\u00e9trage de l&rsquo;application (navigateur Web). La limitation de l&rsquo;utilisation des cookies peut affecter certaines fonctionnalit\u00e9s du site.<\/p>\n<p class=\"p1\"><b>9. Pourquoi les cookies sont-ils importants pour Internet?<\/b><\/p>\n<p class=\"p1\">Les cookies et \/ ou technologies similaires sont au c\u0153ur du fonctionnement efficace d&rsquo;Internet, contribuant \u00e0 g\u00e9n\u00e9rer une exp\u00e9rience de navigation conviviale adapt\u00e9e aux pr\u00e9f\u00e9rences et aux int\u00e9r\u00eats de chaque utilisateur. Le refus ou la d\u00e9sactivation des cookies peut rendre certains sites ou parties de sites impossibles \u00e0 utiliser.<\/p>\n<p class=\"p1\">La d\u00e9sactivation des cookies ne signifie pas que l&rsquo;utilisateur ne recevra plus, conform\u00e9ment \u00e0 la loi, de la publicit\u00e9 en ligne &#8211; mais seulement qu&rsquo;il ne pourra plus prendre en compte ses pr\u00e9f\u00e9rences et int\u00e9r\u00eats, mis en \u00e9vidence par son comportement de navigation.<\/p>\n<p class=\"p1\"><b>Exemples d&rsquo;utilisations importantes des cookies (qui ne n\u00e9cessitent pas qu&rsquo;un utilisateur s&rsquo;authentifie via un compte):<\/b><\/p>\n<p class=\"p1\">\u2022 Contenu et services adapt\u00e9s aux pr\u00e9f\u00e9rences des utilisateurs &#8211; cat\u00e9gories de produits et services.<\/p>\n<p class=\"p1\">\u2022 Offres adapt\u00e9es aux int\u00e9r\u00eats des utilisateurs<\/p>\n<p class=\"p1\">\u2022 Se souvenir des mots de passe<\/p>\n<p class=\"p1\">\u2022 Conservation des filtres de protection de l&rsquo;enfance sur le contenu Internet (options du mode famille, fonctions de recherche s\u00e9curis\u00e9e).<\/p>\n<p class=\"p1\">\u2022 Limiter la fr\u00e9quence de diffusion des annonces &#8211; Limitez le nombre d&rsquo;impressions d&rsquo;une annonce pour un utilisateur particulier sur un site.<\/p>\n<p class=\"p1\">\u2022 Fourniture de publicit\u00e9s adapt\u00e9es aux utilisateurs.<\/p>\n<p class=\"p1\">\u2022 Mesurer, optimiser et adapter les fonctionnalit\u00e9s d&rsquo;analyse &#8211; telles que la confirmation d&rsquo;un certain niveau de trafic sur un site Web, le type de contenu affich\u00e9 et la mani\u00e8re dont un utilisateur acc\u00e8de \u00e0 un site Web (par exemple via les moteurs de recherche, directement, \u00e0 partir d&rsquo;autres sites Web, etc.). Les sites Internet effectuent ces analyses quant \u00e0 leur utilisation pour am\u00e9liorer leurs services au profit des utilisateurs.<\/p>\n<p class=\"p1\"><b>10. Probl\u00e8mes de s\u00e9curit\u00e9 et de confidentialit\u00e9<\/b><\/p>\n<p class=\"p1\">En g\u00e9n\u00e9ral, les navigateurs ont int\u00e9gr\u00e9 des param\u00e8tres de confidentialit\u00e9 qui fournissent diff\u00e9rents niveaux d&rsquo;acceptation des cookies, la dur\u00e9e de validit\u00e9 et la suppression automatique apr\u00e8s que l&rsquo;utilisateur a visit\u00e9 un site particulier.<\/p>\n<p class=\"p1\">Autres probl\u00e8mes de s\u00e9curit\u00e9 li\u00e9s aux cookies:<\/p>\n<p class=\"p1\">\u2022 Personnaliser les param\u00e8tres du navigateur pour les cookies afin de refl\u00e9ter un niveau de s\u00e9curit\u00e9 confortable pour les utilisateurs de l&rsquo;utilisation des cookies.<\/p>\n<p class=\"p1\">\u2022 Si l&rsquo;utilisateur est la seule personne \u00e0 utiliser l&rsquo;ordinateur, il peut d\u00e9finir, s&rsquo;il le souhaite, des dates d&rsquo;expiration longues pour le stockage de l&rsquo;historique de navigation et des donn\u00e9es d&rsquo;acc\u00e8s personnelles.<\/p>\n<p class=\"p1\">\u2022 Si deux personnes ou plus utilisent le m\u00eame ordinateur, il est possible de configurer le navigateur pour effacer les donn\u00e9es de navigation individuelles chaque fois que le navigateur est ferm\u00e9. C&rsquo;est un moyen d&rsquo;acc\u00e9der aux sites qui placent des cookies et de supprimer toute information de visite \u00e0 la fin de la session de navigation.<\/p>\n<p class=\"p1\"><b>11. Liens utiles et informations suppl\u00e9mentaires<\/b><\/p>\n<p class=\"p1\">Le tableau ci-dessous d\u00e9crit chaque cookie utilis\u00e9 sur le site Web, y compris son r\u00f4le. Nous n&rsquo;utiliserons ces cookies d&rsquo;aucune mani\u00e8re autre que celles indiqu\u00e9es dans cette politique de cookies.<\/p>\n","protected":false},"excerpt":{"rendered":"<p>1. Le site www.aplast.ro utilise des cookies, qui assurent le bon fonctionnement du site, mais \u00e9galement des cookies utilis\u00e9s \u00e0 la fois pour fournir des informations aussi pertinentes que possible aux utilisateurs, et pour adapter les services \u00e0 leurs besoins, en fonction des informations fournies dans cette politique. Cette politique fait r\u00e9f\u00e9rence aux cookies utilis\u00e9s, [&hellip;]<\/p>\n","protected":false},"author":2,"featured_media":1420,"parent":0,"menu_order":102,"comment_status":"closed","ping_status":"closed","template":"","meta":{"footnotes":""},"yoast_head":"<!-- This site is optimized with the Yoast SEO plugin v19.9 - https:\/\/yoast.com\/wordpress\/plugins\/seo\/ -->\n<title>Politique de cookies | Aplast<\/title>\n<meta name=\"robots\" content=\"noindex, follow\" \/>\n<meta property=\"og:locale\" content=\"fr_FR\" \/>\n<meta property=\"og:type\" content=\"article\" \/>\n<meta property=\"og:title\" content=\"Politique de cookies | Aplast\" \/>\n<meta property=\"og:description\" content=\"1. Le site www.aplast.ro utilise des cookies, qui assurent le bon fonctionnement du site, mais \u00e9galement des cookies utilis\u00e9s \u00e0 la fois pour fournir des informations aussi pertinentes que possible aux utilisateurs, et pour adapter les services \u00e0 leurs besoins, en fonction des informations fournies dans cette politique. Cette politique fait r\u00e9f\u00e9rence aux cookies utilis\u00e9s, [&hellip;]\" \/>\n<meta property=\"og:url\" content=\"https:\/\/aplast.ro\/fr\/cookie-policy\/\" \/>\n<meta property=\"og:site_name\" content=\"Aplast\" \/>\n<meta property=\"article:modified_time\" content=\"2026-03-20T08:49:16+00:00\" \/>\n<meta property=\"og:image\" content=\"https:\/\/aplast.ro\/wp-content\/uploads\/2020\/08\/gdpr.jpg\" \/>\n\t<meta property=\"og:image:width\" content=\"1920\" \/>\n\t<meta property=\"og:image:height\" content=\"400\" \/>\n\t<meta property=\"og:image:type\" content=\"image\/jpeg\" \/>\n<meta name=\"twitter:card\" content=\"summary_large_image\" \/>\n<meta name=\"twitter:label1\" content=\"Dur\u00e9e de lecture estim\u00e9e\" \/>\n\t<meta name=\"twitter:data1\" content=\"9 minutes\" \/>\n<script type=\"application\/ld+json\" class=\"yoast-schema-graph\">{\"@context\":\"https:\/\/schema.org\",\"@graph\":[{\"@type\":\"WebPage\",\"@id\":\"https:\/\/aplast.ro\/fr\/cookie-policy\/\",\"url\":\"https:\/\/aplast.ro\/fr\/cookie-policy\/\",\"name\":\"Politique de cookies | Aplast\",\"isPartOf\":{\"@id\":\"https:\/\/aplast.ro\/#website\"},\"datePublished\":\"2021-04-15T13:06:40+00:00\",\"dateModified\":\"2026-03-20T08:49:16+00:00\",\"breadcrumb\":{\"@id\":\"https:\/\/aplast.ro\/fr\/cookie-policy\/#breadcrumb\"},\"inLanguage\":\"fr-FR\",\"potentialAction\":[{\"@type\":\"ReadAction\",\"target\":[\"https:\/\/aplast.ro\/fr\/cookie-policy\/\"]}]},{\"@type\":\"BreadcrumbList\",\"@id\":\"https:\/\/aplast.ro\/fr\/cookie-policy\/#breadcrumb\",\"itemListElement\":[{\"@type\":\"ListItem\",\"position\":1,\"name\":\"Home\",\"item\":\"https:\/\/aplast.ro\/fr\/\"},{\"@type\":\"ListItem\",\"position\":2,\"name\":\"Politique de cookies\"}]},{\"@type\":\"WebSite\",\"@id\":\"https:\/\/aplast.ro\/#website\",\"url\":\"https:\/\/aplast.ro\/\",\"name\":\"Aplast\",\"description\":\"Ferestre \u0219i U\u0219i PVC &amp; Termopan\",\"publisher\":{\"@id\":\"https:\/\/aplast.ro\/#organization\"},\"potentialAction\":[{\"@type\":\"SearchAction\",\"target\":{\"@type\":\"EntryPoint\",\"urlTemplate\":\"https:\/\/aplast.ro\/?s={search_term_string}\"},\"query-input\":\"required name=search_term_string\"}],\"inLanguage\":\"fr-FR\"},{\"@type\":\"Organization\",\"@id\":\"https:\/\/aplast.ro\/#organization\",\"name\":\"Aplast\",\"url\":\"https:\/\/aplast.ro\/\",\"logo\":{\"@type\":\"ImageObject\",\"inLanguage\":\"fr-FR\",\"@id\":\"https:\/\/aplast.ro\/#\/schema\/logo\/image\/\",\"url\":\"https:\/\/aplast.ro\/wp-content\/uploads\/2023\/08\/logo-aplast.png\",\"contentUrl\":\"https:\/\/aplast.ro\/wp-content\/uploads\/2023\/08\/logo-aplast.png\",\"width\":213,\"height\":100,\"caption\":\"Aplast\"},\"image\":{\"@id\":\"https:\/\/aplast.ro\/#\/schema\/logo\/image\/\"}}]}<\/script>\n<!-- \/ Yoast SEO plugin. -->","yoast_head_json":{"title":"Politique de cookies | Aplast","robots":{"index":"noindex","follow":"follow"},"og_locale":"fr_FR","og_type":"article","og_title":"Politique de cookies | Aplast","og_description":"1. Le site www.aplast.ro utilise des cookies, qui assurent le bon fonctionnement du site, mais \u00e9galement des cookies utilis\u00e9s \u00e0 la fois pour fournir des informations aussi pertinentes que possible aux utilisateurs, et pour adapter les services \u00e0 leurs besoins, en fonction des informations fournies dans cette politique. Cette politique fait r\u00e9f\u00e9rence aux cookies utilis\u00e9s, [&hellip;]","og_url":"https:\/\/aplast.ro\/fr\/cookie-policy\/","og_site_name":"Aplast","article_modified_time":"2026-03-20T08:49:16+00:00","og_image":[{"width":1920,"height":400,"url":"https:\/\/aplast.ro\/wp-content\/uploads\/2020\/08\/gdpr.jpg","type":"image\/jpeg"}],"twitter_card":"summary_large_image","twitter_misc":{"Dur\u00e9e de lecture estim\u00e9e":"9 minutes"},"schema":{"@context":"https:\/\/schema.org","@graph":[{"@type":"WebPage","@id":"https:\/\/aplast.ro\/fr\/cookie-policy\/","url":"https:\/\/aplast.ro\/fr\/cookie-policy\/","name":"Politique de cookies | Aplast","isPartOf":{"@id":"https:\/\/aplast.ro\/#website"},"datePublished":"2021-04-15T13:06:40+00:00","dateModified":"2026-03-20T08:49:16+00:00","breadcrumb":{"@id":"https:\/\/aplast.ro\/fr\/cookie-policy\/#breadcrumb"},"inLanguage":"fr-FR","potentialAction":[{"@type":"ReadAction","target":["https:\/\/aplast.ro\/fr\/cookie-policy\/"]}]},{"@type":"BreadcrumbList","@id":"https:\/\/aplast.ro\/fr\/cookie-policy\/#breadcrumb","itemListElement":[{"@type":"ListItem","position":1,"name":"Home","item":"https:\/\/aplast.ro\/fr\/"},{"@type":"ListItem","position":2,"name":"Politique de cookies"}]},{"@type":"WebSite","@id":"https:\/\/aplast.ro\/#website","url":"https:\/\/aplast.ro\/","name":"Aplast","description":"Ferestre \u0219i U\u0219i PVC &amp; Termopan","publisher":{"@id":"https:\/\/aplast.ro\/#organization"},"potentialAction":[{"@type":"SearchAction","target":{"@type":"EntryPoint","urlTemplate":"https:\/\/aplast.ro\/?s={search_term_string}"},"query-input":"required name=search_term_string"}],"inLanguage":"fr-FR"},{"@type":"Organization","@id":"https:\/\/aplast.ro\/#organization","name":"Aplast","url":"https:\/\/aplast.ro\/","logo":{"@type":"ImageObject","inLanguage":"fr-FR","@id":"https:\/\/aplast.ro\/#\/schema\/logo\/image\/","url":"https:\/\/aplast.ro\/wp-content\/uploads\/2023\/08\/logo-aplast.png","contentUrl":"https:\/\/aplast.ro\/wp-content\/uploads\/2023\/08\/logo-aplast.png","width":213,"height":100,"caption":"Aplast"},"image":{"@id":"https:\/\/aplast.ro\/#\/schema\/logo\/image\/"}}]}},"_links":{"self":[{"href":"https:\/\/aplast.ro\/fr\/wp-json\/wp\/v2\/pages\/2314"}],"collection":[{"href":"https:\/\/aplast.ro\/fr\/wp-json\/wp\/v2\/pages"}],"about":[{"href":"https:\/\/aplast.ro\/fr\/wp-json\/wp\/v2\/types\/page"}],"author":[{"embeddable":true,"href":"https:\/\/aplast.ro\/fr\/wp-json\/wp\/v2\/users\/2"}],"replies":[{"embeddable":true,"href":"https:\/\/aplast.ro\/fr\/wp-json\/wp\/v2\/comments?post=2314"}],"version-history":[{"count":4,"href":"https:\/\/aplast.ro\/fr\/wp-json\/wp\/v2\/pages\/2314\/revisions"}],"predecessor-version":[{"id":8540,"href":"https:\/\/aplast.ro\/fr\/wp-json\/wp\/v2\/pages\/2314\/revisions\/8540"}],"wp:featuredmedia":[{"embeddable":true,"href":"https:\/\/aplast.ro\/fr\/wp-json\/wp\/v2\/media\/1420"}],"wp:attachment":[{"href":"https:\/\/aplast.ro\/fr\/wp-json\/wp\/v2\/media?parent=2314"}],"curies":[{"name":"wp","href":"https:\/\/api.w.org\/{rel}","templated":true}]}}