{"id":9217,"date":"2026-04-28T13:12:50","date_gmt":"2026-04-28T10:12:50","guid":{"rendered":"https:\/\/aplast.ro\/?page_id=9217"},"modified":"2026-04-28T13:13:49","modified_gmt":"2026-04-28T10:13:49","slug":"blog","status":"publish","type":"page","link":"https:\/\/aplast.ro\/de\/blog\/","title":{"rendered":"Blog"},"content":{"rendered":"\t\t<div data-elementor-type=\"wp-page\" data-elementor-id=\"9217\" class=\"elementor elementor-9217\">\n\t\t\t\t\t\t\t<div class=\"elementor-element elementor-element-651ae4a e-con-boxed e-flex e-con\" data-id=\"651ae4a\" data-element_type=\"container\" data-settings=\"{&quot;background_background&quot;:&quot;classic&quot;,&quot;content_width&quot;:&quot;boxed&quot;}\">\n\t\t\t\t\t<div class=\"e-con-inner\">\n\t\t\t\t<div class=\"elementor-element elementor-element-764dc18 elementor-widget elementor-widget-heading\" data-id=\"764dc18\" data-element_type=\"widget\" data-widget_type=\"heading.default\">\n\t\t\t\t<div class=\"elementor-widget-container\">\n\t\t\t<style>\/*! elementor - v3.13.2 - 11-05-2023 *\/\n.elementor-heading-title{padding:0;margin:0;line-height:1}.elementor-widget-heading .elementor-heading-title[class*=elementor-size-]>a{color:inherit;font-size:inherit;line-height:inherit}.elementor-widget-heading .elementor-heading-title.elementor-size-small{font-size:15px}.elementor-widget-heading .elementor-heading-title.elementor-size-medium{font-size:19px}.elementor-widget-heading .elementor-heading-title.elementor-size-large{font-size:29px}.elementor-widget-heading .elementor-heading-title.elementor-size-xl{font-size:39px}.elementor-widget-heading .elementor-heading-title.elementor-size-xxl{font-size:59px}<\/style><h1 class=\"elementor-heading-title elementor-size-default\">Aplast Blog: Alles \u00fcber Kunststofffenster, Effizienz und Komfort <\/h1>\t\t<\/div>\n\t\t\t\t<\/div>\n\t\t\t\t<div class=\"elementor-element elementor-element-5863cd1 elementor-widget elementor-widget-text-editor\" data-id=\"5863cd1\" data-element_type=\"widget\" data-widget_type=\"text-editor.default\">\n\t\t\t\t<div class=\"elementor-widget-container\">\n\t\t\t<style>\/*! elementor - v3.13.2 - 11-05-2023 *\/\n.elementor-widget-text-editor.elementor-drop-cap-view-stacked .elementor-drop-cap{background-color:#69727d;color:#fff}.elementor-widget-text-editor.elementor-drop-cap-view-framed .elementor-drop-cap{color:#69727d;border:3px solid;background-color:transparent}.elementor-widget-text-editor:not(.elementor-drop-cap-view-default) .elementor-drop-cap{margin-top:8px}.elementor-widget-text-editor:not(.elementor-drop-cap-view-default) .elementor-drop-cap-letter{width:1em;height:1em}.elementor-widget-text-editor .elementor-drop-cap{float:left;text-align:center;line-height:1;font-size:50px}.elementor-widget-text-editor .elementor-drop-cap-letter{display:inline-block}<\/style>\t\t\t\t<p>Willkommen an dem Ort f\u00fcr intelligente Entscheidungen f\u00fcr Ihr Zuhause. Wir wissen, dass die Wahl der Fenster wie ein komplizierter technischer Prozess wirken kann, voller Koeffizienten, Zahlen und Marketingversprechen. Deshalb haben wir diesen Blog ins Leben gerufen: um die technische Fachsprache in echte Vorteile f\u00fcr Sie zu \u00fcbersetzen.<\/p><p>Was finden Sie in unseren Artikeln? Wir schreiben nicht nur \u00fcber Profile und Glas. Wir schreiben dar\u00fcber, wie Sie ein Haus in ein gesch\u00fctztes Heim verwandeln. Die Informationen, die wir hier teilen, basieren auf jahrelanger Erfahrung in der Entwicklung und Produktion von Kunststofffenstern und Isolierglas. Wir bieten Ihnen: Einkaufsratgeber, Montagegeheimnisse, Tipps zur Energieeffizienz und Komfortl\u00f6sungen.<\/p><p>Egal, ob Sie sich in der Planungsphase eines Neubaus befinden oder eine Wohnung renovieren m\u00f6chten \u2013 unsere Artikel bieten Ihnen die n\u00f6tige Klarheit f\u00fcr eine Investition, auf die Sie auch in 30 Jahren noch stolz sein werden.<\/p>\t\t\t\t\t\t<\/div>\n\t\t\t\t<\/div>\n\t\t\t\t\t<\/div>\n\t\t\t\t<\/div>\n\t\t<div class=\"elementor-element elementor-element-38935aa e-con-boxed e-flex e-con\" data-id=\"38935aa\" data-element_type=\"container\" data-settings=\"{&quot;content_width&quot;:&quot;boxed&quot;}\">\n\t\t\t\t\t<div class=\"e-con-inner\">\n\t\t\t\t<div class=\"elementor-element elementor-element-6d02e2f elementor-grid-2 elementor-grid-tablet-2 elementor-grid-mobile-1 elementor-posts--thumbnail-top elementor-posts__hover-gradient elementor-widget elementor-widget-posts\" data-id=\"6d02e2f\" data-element_type=\"widget\" data-settings=\"{&quot;cards_row_gap&quot;:{&quot;unit&quot;:&quot;px&quot;,&quot;size&quot;:30,&quot;sizes&quot;:[]},&quot;pagination_type&quot;:&quot;load_more_infinite_scroll&quot;,&quot;cards_columns&quot;:&quot;2&quot;,&quot;cards_columns_tablet&quot;:&quot;2&quot;,&quot;cards_columns_mobile&quot;:&quot;1&quot;,&quot;cards_row_gap_tablet&quot;:{&quot;unit&quot;:&quot;px&quot;,&quot;size&quot;:&quot;&quot;,&quot;sizes&quot;:[]},&quot;cards_row_gap_mobile&quot;:{&quot;unit&quot;:&quot;px&quot;,&quot;size&quot;:&quot;&quot;,&quot;sizes&quot;:[]},&quot;load_more_spinner&quot;:{&quot;value&quot;:&quot;fas fa-spinner&quot;,&quot;library&quot;:&quot;fa-solid&quot;}}\" data-widget_type=\"posts.cards\">\n\t\t\t\t<div class=\"elementor-widget-container\">\n\t\t\t<link rel=\"stylesheet\" href=\"https:\/\/aplast.ro\/wp-content\/plugins\/elementor-pro\/assets\/css\/widget-posts.min.css\">\t\t<div class=\"elementor-posts-container elementor-posts elementor-posts--skin-cards elementor-grid\">\n\t\t\t\t<article class=\"elementor-post elementor-grid-item post-9223 post type-post status-publish format-standard has-post-thumbnail hentry category-leitfaden-pvc-fenster tag-pvc-fenster\">\n\t\t\t<div class=\"elementor-post__card\">\n\t\t\t\t<a class=\"elementor-post__thumbnail__link\" href=\"https:\/\/aplast.ro\/de\/leitfaden-wie-sie-die-richtigen-pvc-fenster-fuer-ihr-zuhause-basierend-auf-fassade-und-lage-auswaehlen\/\" ><div class=\"elementor-post__thumbnail\"><img loading=\"lazy\" width=\"1376\" height=\"768\" src=\"https:\/\/aplast.ro\/wp-content\/uploads\/2026\/04\/casa-sustenabila-cu-ferestre-pvc-termopan-aplast.webp\" class=\"attachment-full size-full wp-image-9139\" alt=\"Casa sustenabila cu ferestre pvc termopan Aplast\" decoding=\"async\" srcset=\"https:\/\/aplast.ro\/wp-content\/uploads\/2026\/04\/casa-sustenabila-cu-ferestre-pvc-termopan-aplast.webp 1376w, https:\/\/aplast.ro\/wp-content\/uploads\/2026\/04\/casa-sustenabila-cu-ferestre-pvc-termopan-aplast-300x167.webp 300w, https:\/\/aplast.ro\/wp-content\/uploads\/2026\/04\/casa-sustenabila-cu-ferestre-pvc-termopan-aplast-1024x572.webp 1024w, https:\/\/aplast.ro\/wp-content\/uploads\/2026\/04\/casa-sustenabila-cu-ferestre-pvc-termopan-aplast-768x429.webp 768w, https:\/\/aplast.ro\/wp-content\/uploads\/2026\/04\/casa-sustenabila-cu-ferestre-pvc-termopan-aplast-1200x670.webp 1200w\" sizes=\"(max-width: 1376px) 100vw, 1376px\" \/><\/div><\/a>\n\t\t\t\t<div class=\"elementor-post__badge\">Leitfaden PVC-Fenster<\/div>\n\t\t\t\t<div class=\"elementor-post__text\">\n\t\t\t\t<h2 class=\"elementor-post__title\">\n\t\t\t<a href=\"https:\/\/aplast.ro\/de\/leitfaden-wie-sie-die-richtigen-pvc-fenster-fuer-ihr-zuhause-basierend-auf-fassade-und-lage-auswaehlen\/\" >\n\t\t\t\tLeitfaden: Wie Sie die richtigen PVC-Fenster f\u00fcr Ihr Zuhause basierend auf Fassade und Lage ausw\u00e4hlen\t\t\t<\/a>\n\t\t<\/h2>\n\t\t\n\t\t<a class=\"elementor-post__read-more\" href=\"https:\/\/aplast.ro\/de\/leitfaden-wie-sie-die-richtigen-pvc-fenster-fuer-ihr-zuhause-basierend-auf-fassade-und-lage-auswaehlen\/\" aria-label=\"Read more about Leitfaden: Wie Sie die richtigen PVC-Fenster f\u00fcr Ihr Zuhause basierend auf Fassade und Lage ausw\u00e4hlen\" >\n\t\t\tVezi articolul &gt;\t\t<\/a>\n\n\t\t\t\t<\/div>\n\t\t\t\t<div class=\"elementor-post__meta-data\">\n\t\t\t\t\t<span class=\"elementor-post-date\">\n\t\t\tApril 28, 2026\t\t<\/span>\n\t\t\t\t<\/div>\n\t\t\t\t\t<\/div>\n\t\t<\/article>\n\t\t\t\t<\/div>\n\t\t\t\t\t<span class=\"e-load-more-spinner\">\n\t\t\t\t<i aria-hidden=\"true\" class=\"fas fa-spinner\"><\/i>\t\t\t<\/span>\n\t\t\n\t\t\t\t<\/div>\n\t\t\t\t<\/div>\n\t\t\t\t\t<\/div>\n\t\t\t\t<\/div>\n\t\t\t\t\t\t\t<\/div>\n\t\t","protected":false},"excerpt":{"rendered":"<p>Aplast Blog: Alles \u00fcber Kunststofffenster, Effizienz und Komfort Willkommen an dem Ort f\u00fcr intelligente Entscheidungen f\u00fcr Ihr Zuhause. Wir wissen, dass die Wahl der Fenster<\/p>\n","protected":false},"author":3,"featured_media":0,"parent":0,"menu_order":19,"comment_status":"closed","ping_status":"closed","template":"elementor_header_footer","meta":{"footnotes":""},"yoast_head":"<!-- This site is optimized with the Yoast SEO plugin v19.9 - https:\/\/yoast.com\/wordpress\/plugins\/seo\/ -->\n<title>Blog | Aplast<\/title>\n<meta name=\"description\" content=\"Entdecken Sie den Aplast-Leitfaden f\u00fcr PVC-Fenster. Technische Artikel, Montagetipps und Geheimnisse \u00fcber Glas und Profile, verst\u00e4ndlich erkl\u00e4rt. Lernen Sie, Fenster richtig auszuw\u00e4hlen!\" \/>\n<meta name=\"robots\" content=\"index, follow, max-snippet:-1, max-image-preview:large, max-video-preview:-1\" \/>\n<link rel=\"canonical\" href=\"https:\/\/aplast.ro\/de\/blog\/\" \/>\n<meta property=\"og:locale\" content=\"de_DE\" \/>\n<meta property=\"og:type\" content=\"article\" \/>\n<meta property=\"og:title\" content=\"Blog | Aplast\" \/>\n<meta property=\"og:description\" content=\"Entdecken Sie den Aplast-Leitfaden f\u00fcr PVC-Fenster. Technische Artikel, Montagetipps und Geheimnisse \u00fcber Glas und Profile, verst\u00e4ndlich erkl\u00e4rt. Lernen Sie, Fenster richtig auszuw\u00e4hlen!\" \/>\n<meta property=\"og:url\" content=\"https:\/\/aplast.ro\/de\/blog\/\" \/>\n<meta property=\"og:site_name\" content=\"Aplast\" \/>\n<meta property=\"article:modified_time\" content=\"2026-04-28T10:13:49+00:00\" \/>\n<meta name=\"twitter:card\" content=\"summary_large_image\" \/>\n<meta name=\"twitter:label1\" content=\"Gesch\u00e4tzte Lesezeit\" \/>\n\t<meta name=\"twitter:data1\" content=\"1\u00a0Minute\" \/>\n<script type=\"application\/ld+json\" class=\"yoast-schema-graph\">{\"@context\":\"https:\/\/schema.org\",\"@graph\":[{\"@type\":\"WebPage\",\"@id\":\"https:\/\/aplast.ro\/de\/blog\/\",\"url\":\"https:\/\/aplast.ro\/de\/blog\/\",\"name\":\"Blog | Aplast\",\"isPartOf\":{\"@id\":\"https:\/\/aplast.ro\/#website\"},\"datePublished\":\"2026-04-28T10:12:50+00:00\",\"dateModified\":\"2026-04-28T10:13:49+00:00\",\"description\":\"Entdecken Sie den Aplast-Leitfaden f\u00fcr PVC-Fenster. Technische Artikel, Montagetipps und Geheimnisse \u00fcber Glas und Profile, verst\u00e4ndlich erkl\u00e4rt. Lernen Sie, Fenster richtig auszuw\u00e4hlen!\",\"breadcrumb\":{\"@id\":\"https:\/\/aplast.ro\/de\/blog\/#breadcrumb\"},\"inLanguage\":\"de\",\"potentialAction\":[{\"@type\":\"ReadAction\",\"target\":[\"https:\/\/aplast.ro\/de\/blog\/\"]}]},{\"@type\":\"BreadcrumbList\",\"@id\":\"https:\/\/aplast.ro\/de\/blog\/#breadcrumb\",\"itemListElement\":[{\"@type\":\"ListItem\",\"position\":1,\"name\":\"Home\",\"item\":\"https:\/\/aplast.ro\/de\/\"},{\"@type\":\"ListItem\",\"position\":2,\"name\":\"Blog\"}]},{\"@type\":\"WebSite\",\"@id\":\"https:\/\/aplast.ro\/#website\",\"url\":\"https:\/\/aplast.ro\/\",\"name\":\"Aplast\",\"description\":\"Ferestre \u0219i U\u0219i PVC &amp; Termopan\",\"publisher\":{\"@id\":\"https:\/\/aplast.ro\/#organization\"},\"potentialAction\":[{\"@type\":\"SearchAction\",\"target\":{\"@type\":\"EntryPoint\",\"urlTemplate\":\"https:\/\/aplast.ro\/?s={search_term_string}\"},\"query-input\":\"required name=search_term_string\"}],\"inLanguage\":\"de\"},{\"@type\":\"Organization\",\"@id\":\"https:\/\/aplast.ro\/#organization\",\"name\":\"Aplast\",\"url\":\"https:\/\/aplast.ro\/\",\"logo\":{\"@type\":\"ImageObject\",\"inLanguage\":\"de\",\"@id\":\"https:\/\/aplast.ro\/#\/schema\/logo\/image\/\",\"url\":\"https:\/\/aplast.ro\/wp-content\/uploads\/2023\/08\/logo-aplast.png\",\"contentUrl\":\"https:\/\/aplast.ro\/wp-content\/uploads\/2023\/08\/logo-aplast.png\",\"width\":213,\"height\":100,\"caption\":\"Aplast\"},\"image\":{\"@id\":\"https:\/\/aplast.ro\/#\/schema\/logo\/image\/\"}}]}<\/script>\n<!-- \/ Yoast SEO plugin. -->","yoast_head_json":{"title":"Blog | Aplast","description":"Entdecken Sie den Aplast-Leitfaden f\u00fcr PVC-Fenster. Technische Artikel, Montagetipps und Geheimnisse \u00fcber Glas und Profile, verst\u00e4ndlich erkl\u00e4rt. Lernen Sie, Fenster richtig auszuw\u00e4hlen!","robots":{"index":"index","follow":"follow","max-snippet":"max-snippet:-1","max-image-preview":"max-image-preview:large","max-video-preview":"max-video-preview:-1"},"canonical":"https:\/\/aplast.ro\/de\/blog\/","og_locale":"de_DE","og_type":"article","og_title":"Blog | Aplast","og_description":"Entdecken Sie den Aplast-Leitfaden f\u00fcr PVC-Fenster. Technische Artikel, Montagetipps und Geheimnisse \u00fcber Glas und Profile, verst\u00e4ndlich erkl\u00e4rt. Lernen Sie, Fenster richtig auszuw\u00e4hlen!","og_url":"https:\/\/aplast.ro\/de\/blog\/","og_site_name":"Aplast","article_modified_time":"2026-04-28T10:13:49+00:00","twitter_card":"summary_large_image","twitter_misc":{"Gesch\u00e4tzte Lesezeit":"1\u00a0Minute"},"schema":{"@context":"https:\/\/schema.org","@graph":[{"@type":"WebPage","@id":"https:\/\/aplast.ro\/de\/blog\/","url":"https:\/\/aplast.ro\/de\/blog\/","name":"Blog | Aplast","isPartOf":{"@id":"https:\/\/aplast.ro\/#website"},"datePublished":"2026-04-28T10:12:50+00:00","dateModified":"2026-04-28T10:13:49+00:00","description":"Entdecken Sie den Aplast-Leitfaden f\u00fcr PVC-Fenster. Technische Artikel, Montagetipps und Geheimnisse \u00fcber Glas und Profile, verst\u00e4ndlich erkl\u00e4rt. Lernen Sie, Fenster richtig auszuw\u00e4hlen!","breadcrumb":{"@id":"https:\/\/aplast.ro\/de\/blog\/#breadcrumb"},"inLanguage":"de","potentialAction":[{"@type":"ReadAction","target":["https:\/\/aplast.ro\/de\/blog\/"]}]},{"@type":"BreadcrumbList","@id":"https:\/\/aplast.ro\/de\/blog\/#breadcrumb","itemListElement":[{"@type":"ListItem","position":1,"name":"Home","item":"https:\/\/aplast.ro\/de\/"},{"@type":"ListItem","position":2,"name":"Blog"}]},{"@type":"WebSite","@id":"https:\/\/aplast.ro\/#website","url":"https:\/\/aplast.ro\/","name":"Aplast","description":"Ferestre \u0219i U\u0219i PVC &amp; Termopan","publisher":{"@id":"https:\/\/aplast.ro\/#organization"},"potentialAction":[{"@type":"SearchAction","target":{"@type":"EntryPoint","urlTemplate":"https:\/\/aplast.ro\/?s={search_term_string}"},"query-input":"required name=search_term_string"}],"inLanguage":"de"},{"@type":"Organization","@id":"https:\/\/aplast.ro\/#organization","name":"Aplast","url":"https:\/\/aplast.ro\/","logo":{"@type":"ImageObject","inLanguage":"de","@id":"https:\/\/aplast.ro\/#\/schema\/logo\/image\/","url":"https:\/\/aplast.ro\/wp-content\/uploads\/2023\/08\/logo-aplast.png","contentUrl":"https:\/\/aplast.ro\/wp-content\/uploads\/2023\/08\/logo-aplast.png","width":213,"height":100,"caption":"Aplast"},"image":{"@id":"https:\/\/aplast.ro\/#\/schema\/logo\/image\/"}}]}},"_links":{"self":[{"href":"https:\/\/aplast.ro\/de\/wp-json\/wp\/v2\/pages\/9217"}],"collection":[{"href":"https:\/\/aplast.ro\/de\/wp-json\/wp\/v2\/pages"}],"about":[{"href":"https:\/\/aplast.ro\/de\/wp-json\/wp\/v2\/types\/page"}],"author":[{"embeddable":true,"href":"https:\/\/aplast.ro\/de\/wp-json\/wp\/v2\/users\/3"}],"replies":[{"embeddable":true,"href":"https:\/\/aplast.ro\/de\/wp-json\/wp\/v2\/comments?post=9217"}],"version-history":[{"count":4,"href":"https:\/\/aplast.ro\/de\/wp-json\/wp\/v2\/pages\/9217\/revisions"}],"predecessor-version":[{"id":9221,"href":"https:\/\/aplast.ro\/de\/wp-json\/wp\/v2\/pages\/9217\/revisions\/9221"}],"wp:attachment":[{"href":"https:\/\/aplast.ro\/de\/wp-json\/wp\/v2\/media?parent=9217"}],"curies":[{"name":"wp","href":"https:\/\/api.w.org\/{rel}","templated":true}]}}