{"id":8669,"date":"2026-03-26T10:35:20","date_gmt":"2026-03-26T08:35:20","guid":{"rendered":"https:\/\/aplast.ro\/?page_id=8669"},"modified":"2026-03-26T10:37:24","modified_gmt":"2026-03-26T08:37:24","slug":"downloads","status":"publish","type":"page","link":"https:\/\/aplast.ro\/de\/downloads\/","title":{"rendered":"Downloads"},"content":{"rendered":"\t\t<div data-elementor-type=\"wp-page\" data-elementor-id=\"8669\" class=\"elementor elementor-8669\">\n\t\t\t\t\t\t\t<div class=\"elementor-element elementor-element-1a4f017 e-con-full e-flex e-con\" data-id=\"1a4f017\" data-element_type=\"container\" data-settings=\"{&quot;content_width&quot;:&quot;full&quot;}\">\n\t\t\t\t<div class=\"elementor-element elementor-element-ecda195 elementor-widget elementor-widget-image\" data-id=\"ecda195\" data-element_type=\"widget\" data-widget_type=\"image.default\">\n\t\t\t\t<div class=\"elementor-widget-container\">\n\t\t\t<style>\/*! elementor - v3.13.2 - 11-05-2023 *\/\n.elementor-widget-image{text-align:center}.elementor-widget-image a{display:inline-block}.elementor-widget-image a img[src$=\".svg\"]{width:48px}.elementor-widget-image img{vertical-align:middle;display:inline-block}<\/style>\t\t\t\t\t\t\t\t\t\t\t\t<img decoding=\"async\" loading=\"lazy\" width=\"2560\" height=\"800\" src=\"https:\/\/aplast.ro\/wp-content\/uploads\/2025\/10\/banner-aplast-class-products-1.webp\" class=\"attachment-full size-full wp-image-5717\" alt=\"ferestre pvc si termopan albe Aplast in casa moderna\" srcset=\"https:\/\/aplast.ro\/wp-content\/uploads\/2025\/10\/banner-aplast-class-products-1.webp 2560w, https:\/\/aplast.ro\/wp-content\/uploads\/2025\/10\/banner-aplast-class-products-1-300x94.webp 300w, https:\/\/aplast.ro\/wp-content\/uploads\/2025\/10\/banner-aplast-class-products-1-1024x320.webp 1024w, https:\/\/aplast.ro\/wp-content\/uploads\/2025\/10\/banner-aplast-class-products-1-768x240.webp 768w, https:\/\/aplast.ro\/wp-content\/uploads\/2025\/10\/banner-aplast-class-products-1-1536x480.webp 1536w, https:\/\/aplast.ro\/wp-content\/uploads\/2025\/10\/banner-aplast-class-products-1-2048x640.webp 2048w, https:\/\/aplast.ro\/wp-content\/uploads\/2025\/10\/banner-aplast-class-products-1-1200x375.webp 1200w\" sizes=\"(max-width: 2560px) 100vw, 2560px\" \/>\t\t\t\t\t\t\t\t\t\t\t\t\t\t\t<\/div>\n\t\t\t\t<\/div>\n\t\t\t\t<\/div>\n\t\t<div class=\"elementor-element elementor-element-cfb9a01 e-con-boxed e-flex e-con\" data-id=\"cfb9a01\" data-element_type=\"container\" data-settings=\"{&quot;background_background&quot;:&quot;classic&quot;,&quot;content_width&quot;:&quot;boxed&quot;}\">\n\t\t\t\t\t<div class=\"e-con-inner\">\n\t\t\t\t<div class=\"elementor-element elementor-element-f94f2bb elementor-widget elementor-widget-heading\" data-id=\"f94f2bb\" data-element_type=\"widget\" data-widget_type=\"heading.default\">\n\t\t\t\t<div class=\"elementor-widget-container\">\n\t\t\t<style>\/*! elementor - v3.13.2 - 11-05-2023 *\/\n.elementor-heading-title{padding:0;margin:0;line-height:1}.elementor-widget-heading .elementor-heading-title[class*=elementor-size-]>a{color:inherit;font-size:inherit;line-height:inherit}.elementor-widget-heading .elementor-heading-title.elementor-size-small{font-size:15px}.elementor-widget-heading .elementor-heading-title.elementor-size-medium{font-size:19px}.elementor-widget-heading .elementor-heading-title.elementor-size-large{font-size:29px}.elementor-widget-heading .elementor-heading-title.elementor-size-xl{font-size:39px}.elementor-widget-heading .elementor-heading-title.elementor-size-xxl{font-size:59px}<\/style><h2 class=\"elementor-heading-title elementor-size-xxl\">Wir aktualisieren unsere technischen Ressourcen. <\/h2>\t\t<\/div>\n\t\t\t\t<\/div>\n\t\t\t\t<div class=\"elementor-element elementor-element-094cd97 elementor-widget elementor-widget-text-editor\" data-id=\"094cd97\" data-element_type=\"widget\" data-widget_type=\"text-editor.default\">\n\t\t\t\t<div class=\"elementor-widget-container\">\n\t\t\t<style>\/*! elementor - v3.13.2 - 11-05-2023 *\/\n.elementor-widget-text-editor.elementor-drop-cap-view-stacked .elementor-drop-cap{background-color:#69727d;color:#fff}.elementor-widget-text-editor.elementor-drop-cap-view-framed .elementor-drop-cap{color:#69727d;border:3px solid;background-color:transparent}.elementor-widget-text-editor:not(.elementor-drop-cap-view-default) .elementor-drop-cap{margin-top:8px}.elementor-widget-text-editor:not(.elementor-drop-cap-view-default) .elementor-drop-cap-letter{width:1em;height:1em}.elementor-widget-text-editor .elementor-drop-cap{float:left;text-align:center;line-height:1;font-size:50px}.elementor-widget-text-editor .elementor-drop-cap-letter{display:inline-block}<\/style>\t\t\t\t<p>Wir arbeiten an der Verbesserung unseres Download-Centers, um Ihnen die neuesten Aplast-Kataloge und technischen Datenbl\u00e4tter anzubieten. Wenn Sie dringend ein Datenblatt ben\u00f6tigen, f\u00fcllen Sie bitte das folgende Formular aus \u2013 unser Team wird Ihnen umgehend antworten.<\/p>\t\t\t\t\t\t<\/div>\n\t\t\t\t<\/div>\n\t\t\t\t<div class=\"elementor-element elementor-element-7961519 elementor-widget elementor-widget-text-editor\" data-id=\"7961519\" data-element_type=\"widget\" data-widget_type=\"text-editor.default\">\n\t\t\t\t<div class=\"elementor-widget-container\">\n\t\t\t\t\t\t\t<p>Entdecken Sie unsere Produkte<\/p>\t\t\t\t\t\t<\/div>\n\t\t\t\t<\/div>\n\t\t\t\t<div class=\"elementor-element elementor-element-d7c54b8 elementor-align-left elementor-widget elementor-widget-button\" data-id=\"d7c54b8\" data-element_type=\"widget\" data-widget_type=\"button.default\">\n\t\t\t\t<div class=\"elementor-widget-container\">\n\t\t\t\t\t<div class=\"elementor-button-wrapper\">\n\t\t\t<a href=\"https:\/\/aplast.ro\/de\/pvc-fenster\/\" class=\"elementor-button-link elementor-button elementor-size-md\" role=\"button\" id=\"btn-cerere-oferta-intro\">\n\t\t\t\t\t\t<span class=\"elementor-button-content-wrapper\">\n\t\t\t\t\t\t\t<span class=\"elementor-button-icon elementor-align-icon-right\">\n\t\t\t\t<i aria-hidden=\"true\" class=\"fas fa-arrow-right\"><\/i>\t\t\t<\/span>\n\t\t\t\t\t\t<span class=\"elementor-button-text\">PVC-Fenster ansehen<\/span>\n\t\t<\/span>\n\t\t\t\t\t<\/a>\n\t\t<\/div>\n\t\t\t\t<\/div>\n\t\t\t\t<\/div>\n\t\t\t\t\t<\/div>\n\t\t\t\t<\/div>\n\t\t<div class=\"elementor-element elementor-element-d9c5c8b e-con-boxed e-flex e-con\" data-id=\"d9c5c8b\" data-element_type=\"container\" data-settings=\"{&quot;content_width&quot;:&quot;boxed&quot;}\">\n\t\t\t\t\t<div class=\"e-con-inner\">\n\t\t\t\t<div class=\"elementor-element elementor-element-2782feb elementor-widget elementor-widget-heading\" data-id=\"2782feb\" data-element_type=\"widget\" data-widget_type=\"heading.default\">\n\t\t\t\t<div class=\"elementor-widget-container\">\n\t\t\t<h4 class=\"elementor-heading-title elementor-size-xxl\">Kontakt<\/h4>\t\t<\/div>\n\t\t\t\t<\/div>\n\t\t\t\t<div class=\"elementor-element elementor-element-352babd elementor-widget elementor-widget-text-editor\" data-id=\"352babd\" data-element_type=\"widget\" data-widget_type=\"text-editor.default\">\n\t\t\t\t<div class=\"elementor-widget-container\">\n\t\t\t\t\t\t\t<p>F\u00fcr Informationen zu unseren Produkten, Dienstleistungen oder Angeboten steht Ihnen das Aplast-Team gerne zur Verf\u00fcgung. Bitte f\u00fcllen Sie das folgende Formular aus und unsere Spezialisten werden Sie so schnell wie m\u00f6glich kontaktieren.<\/p>\t\t\t\t\t\t<\/div>\n\t\t\t\t<\/div>\n\t\t\t\t<div class=\"elementor-element elementor-element-7fbcf30 elementor-widget elementor-widget-shortcode\" data-id=\"7fbcf30\" data-element_type=\"widget\" data-widget_type=\"shortcode.default\">\n\t\t\t\t<div class=\"elementor-widget-container\">\n\t\t\t\t\t<div class=\"elementor-shortcode\"><div role=\"form\" class=\"wpcf7\" id=\"wpcf7-f2641-o1\" lang=\"en-US\" dir=\"ltr\">\n<div class=\"screen-reader-response\"><p role=\"status\" aria-live=\"polite\" aria-atomic=\"true\"><\/p> <ul><\/ul><\/div>\n<form action=\"\/de\/wp-json\/wp\/v2\/pages\/8669#wpcf7-f2641-o1\" method=\"post\" class=\"wpcf7-form init\" novalidate=\"novalidate\" data-status=\"init\">\n<div style=\"display: none;\">\n<input type=\"hidden\" name=\"_wpcf7\" value=\"2641\" \/>\n<input type=\"hidden\" name=\"_wpcf7_version\" value=\"5.6.4\" \/>\n<input type=\"hidden\" name=\"_wpcf7_locale\" value=\"en_US\" \/>\n<input type=\"hidden\" name=\"_wpcf7_unit_tag\" value=\"wpcf7-f2641-o1\" \/>\n<input type=\"hidden\" name=\"_wpcf7_container_post\" value=\"0\" \/>\n<input type=\"hidden\" name=\"_wpcf7_posted_data_hash\" value=\"\" \/>\n<input type=\"hidden\" name=\"_wpcf7_recaptcha_response\" value=\"\" \/>\n<\/div>\n<div class=\"form__row\">\n  <div class=\"form__col\"><span class=\"wpcf7-form-control-wrap\" data-name=\"your-name\"><input type=\"text\" name=\"your-name\" value=\"\" size=\"40\" class=\"wpcf7-form-control wpcf7-text wpcf7-validates-as-required\" aria-required=\"true\" aria-invalid=\"false\" placeholder=\"Name\" \/><\/span><\/div>\n  <div class=\"form__col\"><span class=\"wpcf7-form-control-wrap\" data-name=\"your-tel\"><input type=\"text\" name=\"your-tel\" value=\"\" size=\"40\" class=\"wpcf7-form-control wpcf7-text wpcf7-validates-as-required\" aria-required=\"true\" aria-invalid=\"false\" placeholder=\"Telefonnummer:\" \/><\/span><\/div>\n<\/div>\n<div class=\"form__row\">\n  <div class=\"form__col\"><span class=\"wpcf7-form-control-wrap\" data-name=\"your-email\"><input type=\"email\" name=\"your-email\" value=\"\" size=\"40\" class=\"wpcf7-form-control wpcf7-text wpcf7-email wpcf7-validates-as-required wpcf7-validates-as-email\" aria-required=\"true\" aria-invalid=\"false\" placeholder=\"E-mail\" \/><\/span><\/div>\n  <div class=\"form__col\"><span class=\"wpcf7-form-control-wrap\" data-name=\"country\"><select name=\"country\" class=\"wpcf7-form-control wpcf7-select\" aria-invalid=\"false\"><option value=\"\">Land:<\/option><option value=\"Rum\u00e4nien\">Rum\u00e4nien<\/option><option value=\"Italien\">Italien<\/option><option value=\"Frankreich\">Frankreich<\/option><option value=\"Deutschland\">Deutschland<\/option><option value=\"\u00d6sterreich\">\u00d6sterreich<\/option><option value=\"Belgien\">Belgien<\/option><option value=\"Tschechische Republik\">Tschechische Republik<\/option><option value=\"Slowakische Republik\">Slowakische Republik<\/option><option value=\"Slowenien\">Slowenien<\/option><option value=\"andere\">andere<\/option><\/select><\/span><\/div>\n<\/div>\n<div class=\"form__row\">\n  <div class=\"form__col form__col--full\"><span class=\"wpcf7-form-control-wrap\" data-name=\"message\"><textarea name=\"message\" cols=\"40\" rows=\"10\" class=\"wpcf7-form-control wpcf7-textarea\" aria-invalid=\"false\" placeholder=\"Nachricht\"><\/textarea><\/span><\/div>\n<\/div>\n<div class=\"form__row\">\n  <div class=\"form__col form__col--full\"><span class=\"wpcf7-form-control-wrap\" data-name=\"acceptance-169\"><span class=\"wpcf7-form-control wpcf7-acceptance\"><span class=\"wpcf7-list-item\"><label><input type=\"checkbox\" name=\"acceptance-169\" value=\"1\" aria-invalid=\"false\" \/><span class=\"wpcf7-list-item-label\">Ich stimme der <a href=\"https:\/\/aplast.ro\/de\/gdpr-bestimmungen\/\"><b>GDPR<\/b><\/a> und dem <a href=\"https:\/\/aplast.ro\/de\/kundeninformationshinweis\/\"><b>Kundeninformationshinweis zu<\/a><\/b><\/span><\/label><\/span><\/span><\/span><\/div>\n<\/div>\n<div class=\"form__row\">\n  <div class=\"form__col form__col--full recaptcha-container\" ><span class=\"wpcf7-form-control-wrap recaptcha\" data-name=\"recaptcha\"><span data-sitekey=\"6LeAHmwbAAAAADPoscUcQ9Do3QUJtf4gE04Mwgpr\" class=\"wpcf7-form-control g-recaptcha wpcf7-recaptcha\"><\/span>\r\n<noscript>\r\n\t<div class=\"grecaptcha-noscript\">\r\n\t\t<iframe loading=\"lazy\" src=\"https:\/\/www.google.com\/recaptcha\/api\/fallback?k=6LeAHmwbAAAAADPoscUcQ9Do3QUJtf4gE04Mwgpr\" frameborder=\"0\" scrolling=\"no\" width=\"310\" height=\"430\">\r\n\t\t<\/iframe>\r\n\t\t<textarea name=\"g-recaptcha-response\" rows=\"3\" cols=\"40\" placeholder=\"reCaptcha Response Here\">\r\n\t\t<\/textarea>\r\n\t<\/div>\r\n<\/noscript>\r\n<\/span><\/div>\n<\/div>\n<div class=\"form__row\">\n  <div class=\"form__col form__col--full text-center\"><input type=\"submit\" value=\"Senden\" class=\"wpcf7-form-control has-spinner wpcf7-submit\" \/><\/div>\n<\/div>\n\n<\/div><div class=\"wpcf7-response-output\" aria-hidden=\"true\"><\/div><\/form><\/div><\/div>\n\t\t\t\t<\/div>\n\t\t\t\t<\/div>\n\t\t\t\t\t<\/div>\n\t\t\t\t<\/div>\n\t\t\t\t\t\t\t<\/div>\n\t\t","protected":false},"excerpt":{"rendered":"<p>Wir aktualisieren unsere technischen Ressourcen. Wir arbeiten an der Verbesserung unseres Download-Centers, um Ihnen die neuesten Aplast-Kataloge und technischen Datenbl\u00e4tter anzubieten. Wenn Sie dringend ein Datenblatt ben\u00f6tigen, f\u00fcllen Sie bitte das folgende Formular aus \u2013 unser Team wird Ihnen umgehend antworten. Entdecken Sie unsere Produkte PVC-Fenster ansehen Kontakt F\u00fcr Informationen zu unseren Produkten, Dienstleistungen oder [&hellip;]<\/p>\n","protected":false},"author":3,"featured_media":0,"parent":0,"menu_order":78,"comment_status":"closed","ping_status":"closed","template":"elementor_header_footer","meta":{"footnotes":""},"yoast_head":"<!-- This site is optimized with the Yoast SEO plugin v19.9 - https:\/\/yoast.com\/wordpress\/plugins\/seo\/ -->\n<title>Downloads | Aplast Fenster und T\u00fcren<\/title>\n<meta name=\"description\" content=\"Besuchen Sie das Aplast Download-Center f\u00fcr Produktkataloge, technische Datenbl\u00e4tter und Garantiezertifikate. Unterlagen f\u00fcr Fenster und T\u00fcren.\" \/>\n<meta name=\"robots\" content=\"index, follow, max-snippet:-1, max-image-preview:large, max-video-preview:-1\" \/>\n<link rel=\"canonical\" href=\"https:\/\/aplast.ro\/de\/downloads\/\" \/>\n<meta property=\"og:locale\" content=\"de_DE\" \/>\n<meta property=\"og:type\" content=\"article\" \/>\n<meta property=\"og:title\" content=\"Downloads | Aplast Fenster und T\u00fcren\" \/>\n<meta property=\"og:description\" content=\"Besuchen Sie das Aplast Download-Center f\u00fcr Produktkataloge, technische Datenbl\u00e4tter und Garantiezertifikate. Unterlagen f\u00fcr Fenster und T\u00fcren.\" \/>\n<meta property=\"og:url\" content=\"https:\/\/aplast.ro\/de\/downloads\/\" \/>\n<meta property=\"og:site_name\" content=\"Aplast\" \/>\n<meta property=\"article:modified_time\" content=\"2026-03-26T08:37:24+00:00\" \/>\n<meta property=\"og:image\" content=\"https:\/\/aplast.ro\/wp-content\/uploads\/2025\/10\/banner-aplast-class-products-1.webp\" \/>\n<meta name=\"twitter:card\" content=\"summary_large_image\" \/>\n<script type=\"application\/ld+json\" class=\"yoast-schema-graph\">{\"@context\":\"https:\/\/schema.org\",\"@graph\":[{\"@type\":\"WebPage\",\"@id\":\"https:\/\/aplast.ro\/de\/downloads\/\",\"url\":\"https:\/\/aplast.ro\/de\/downloads\/\",\"name\":\"Downloads | Aplast Fenster und T\u00fcren\",\"isPartOf\":{\"@id\":\"https:\/\/aplast.ro\/#website\"},\"datePublished\":\"2026-03-26T08:35:20+00:00\",\"dateModified\":\"2026-03-26T08:37:24+00:00\",\"description\":\"Besuchen Sie das Aplast Download-Center f\u00fcr Produktkataloge, technische Datenbl\u00e4tter und Garantiezertifikate. Unterlagen f\u00fcr Fenster und T\u00fcren.\",\"breadcrumb\":{\"@id\":\"https:\/\/aplast.ro\/de\/downloads\/#breadcrumb\"},\"inLanguage\":\"de\",\"potentialAction\":[{\"@type\":\"ReadAction\",\"target\":[\"https:\/\/aplast.ro\/de\/downloads\/\"]}]},{\"@type\":\"BreadcrumbList\",\"@id\":\"https:\/\/aplast.ro\/de\/downloads\/#breadcrumb\",\"itemListElement\":[{\"@type\":\"ListItem\",\"position\":1,\"name\":\"Home\",\"item\":\"https:\/\/aplast.ro\/de\/\"},{\"@type\":\"ListItem\",\"position\":2,\"name\":\"Downloads\"}]},{\"@type\":\"WebSite\",\"@id\":\"https:\/\/aplast.ro\/#website\",\"url\":\"https:\/\/aplast.ro\/\",\"name\":\"Aplast\",\"description\":\"Ferestre \u0219i U\u0219i PVC &amp; Termopan\",\"publisher\":{\"@id\":\"https:\/\/aplast.ro\/#organization\"},\"potentialAction\":[{\"@type\":\"SearchAction\",\"target\":{\"@type\":\"EntryPoint\",\"urlTemplate\":\"https:\/\/aplast.ro\/?s={search_term_string}\"},\"query-input\":\"required name=search_term_string\"}],\"inLanguage\":\"de\"},{\"@type\":\"Organization\",\"@id\":\"https:\/\/aplast.ro\/#organization\",\"name\":\"Aplast\",\"url\":\"https:\/\/aplast.ro\/\",\"logo\":{\"@type\":\"ImageObject\",\"inLanguage\":\"de\",\"@id\":\"https:\/\/aplast.ro\/#\/schema\/logo\/image\/\",\"url\":\"https:\/\/aplast.ro\/wp-content\/uploads\/2023\/08\/logo-aplast.png\",\"contentUrl\":\"https:\/\/aplast.ro\/wp-content\/uploads\/2023\/08\/logo-aplast.png\",\"width\":213,\"height\":100,\"caption\":\"Aplast\"},\"image\":{\"@id\":\"https:\/\/aplast.ro\/#\/schema\/logo\/image\/\"}}]}<\/script>\n<!-- \/ Yoast SEO plugin. -->","yoast_head_json":{"title":"Downloads | Aplast Fenster und T\u00fcren","description":"Besuchen Sie das Aplast Download-Center f\u00fcr Produktkataloge, technische Datenbl\u00e4tter und Garantiezertifikate. Unterlagen f\u00fcr Fenster und T\u00fcren.","robots":{"index":"index","follow":"follow","max-snippet":"max-snippet:-1","max-image-preview":"max-image-preview:large","max-video-preview":"max-video-preview:-1"},"canonical":"https:\/\/aplast.ro\/de\/downloads\/","og_locale":"de_DE","og_type":"article","og_title":"Downloads | Aplast Fenster und T\u00fcren","og_description":"Besuchen Sie das Aplast Download-Center f\u00fcr Produktkataloge, technische Datenbl\u00e4tter und Garantiezertifikate. Unterlagen f\u00fcr Fenster und T\u00fcren.","og_url":"https:\/\/aplast.ro\/de\/downloads\/","og_site_name":"Aplast","article_modified_time":"2026-03-26T08:37:24+00:00","og_image":[{"url":"https:\/\/aplast.ro\/wp-content\/uploads\/2025\/10\/banner-aplast-class-products-1.webp"}],"twitter_card":"summary_large_image","schema":{"@context":"https:\/\/schema.org","@graph":[{"@type":"WebPage","@id":"https:\/\/aplast.ro\/de\/downloads\/","url":"https:\/\/aplast.ro\/de\/downloads\/","name":"Downloads | Aplast Fenster und T\u00fcren","isPartOf":{"@id":"https:\/\/aplast.ro\/#website"},"datePublished":"2026-03-26T08:35:20+00:00","dateModified":"2026-03-26T08:37:24+00:00","description":"Besuchen Sie das Aplast Download-Center f\u00fcr Produktkataloge, technische Datenbl\u00e4tter und Garantiezertifikate. Unterlagen f\u00fcr Fenster und T\u00fcren.","breadcrumb":{"@id":"https:\/\/aplast.ro\/de\/downloads\/#breadcrumb"},"inLanguage":"de","potentialAction":[{"@type":"ReadAction","target":["https:\/\/aplast.ro\/de\/downloads\/"]}]},{"@type":"BreadcrumbList","@id":"https:\/\/aplast.ro\/de\/downloads\/#breadcrumb","itemListElement":[{"@type":"ListItem","position":1,"name":"Home","item":"https:\/\/aplast.ro\/de\/"},{"@type":"ListItem","position":2,"name":"Downloads"}]},{"@type":"WebSite","@id":"https:\/\/aplast.ro\/#website","url":"https:\/\/aplast.ro\/","name":"Aplast","description":"Ferestre \u0219i U\u0219i PVC &amp; Termopan","publisher":{"@id":"https:\/\/aplast.ro\/#organization"},"potentialAction":[{"@type":"SearchAction","target":{"@type":"EntryPoint","urlTemplate":"https:\/\/aplast.ro\/?s={search_term_string}"},"query-input":"required name=search_term_string"}],"inLanguage":"de"},{"@type":"Organization","@id":"https:\/\/aplast.ro\/#organization","name":"Aplast","url":"https:\/\/aplast.ro\/","logo":{"@type":"ImageObject","inLanguage":"de","@id":"https:\/\/aplast.ro\/#\/schema\/logo\/image\/","url":"https:\/\/aplast.ro\/wp-content\/uploads\/2023\/08\/logo-aplast.png","contentUrl":"https:\/\/aplast.ro\/wp-content\/uploads\/2023\/08\/logo-aplast.png","width":213,"height":100,"caption":"Aplast"},"image":{"@id":"https:\/\/aplast.ro\/#\/schema\/logo\/image\/"}}]}},"_links":{"self":[{"href":"https:\/\/aplast.ro\/de\/wp-json\/wp\/v2\/pages\/8669"}],"collection":[{"href":"https:\/\/aplast.ro\/de\/wp-json\/wp\/v2\/pages"}],"about":[{"href":"https:\/\/aplast.ro\/de\/wp-json\/wp\/v2\/types\/page"}],"author":[{"embeddable":true,"href":"https:\/\/aplast.ro\/de\/wp-json\/wp\/v2\/users\/3"}],"replies":[{"embeddable":true,"href":"https:\/\/aplast.ro\/de\/wp-json\/wp\/v2\/comments?post=8669"}],"version-history":[{"count":4,"href":"https:\/\/aplast.ro\/de\/wp-json\/wp\/v2\/pages\/8669\/revisions"}],"predecessor-version":[{"id":8673,"href":"https:\/\/aplast.ro\/de\/wp-json\/wp\/v2\/pages\/8669\/revisions\/8673"}],"wp:attachment":[{"href":"https:\/\/aplast.ro\/de\/wp-json\/wp\/v2\/media?parent=8669"}],"curies":[{"name":"wp","href":"https:\/\/api.w.org\/{rel}","templated":true}]}}