{"id":7294,"date":"2025-11-07T12:27:20","date_gmt":"2025-11-07T10:27:20","guid":{"rendered":"https:\/\/aplast.ro\/?page_id=7294"},"modified":"2025-11-07T12:27:57","modified_gmt":"2025-11-07T10:27:57","slug":"thank-you","status":"publish","type":"page","link":"https:\/\/aplast.ro\/de\/thank-you\/","title":{"rendered":"Thank You"},"content":{"rendered":"\t\t<div data-elementor-type=\"wp-page\" data-elementor-id=\"7294\" class=\"elementor elementor-7294\">\n\t\t\t\t\t\t\t<div class=\"elementor-element elementor-element-9aa93c1 e-con-boxed e-flex e-con\" data-id=\"9aa93c1\" data-element_type=\"container\" data-settings=\"{&quot;content_width&quot;:&quot;boxed&quot;}\">\n\t\t\t\t\t<div class=\"e-con-inner\">\n\t\t\t\t<div class=\"elementor-element elementor-element-c8f5d0d elementor-view-default elementor-widget elementor-widget-icon\" data-id=\"c8f5d0d\" data-element_type=\"widget\" data-widget_type=\"icon.default\">\n\t\t\t\t<div class=\"elementor-widget-container\">\n\t\t\t\t\t<div class=\"elementor-icon-wrapper\">\n\t\t\t<div class=\"elementor-icon\">\n\t\t\t<i aria-hidden=\"true\" class=\"far fa-check-circle\"><\/i>\t\t\t<\/div>\n\t\t<\/div>\n\t\t\t\t<\/div>\n\t\t\t\t<\/div>\n\t\t\t\t<div class=\"elementor-element elementor-element-7f7b468 elementor-widget elementor-widget-heading\" data-id=\"7f7b468\" data-element_type=\"widget\" data-widget_type=\"heading.default\">\n\t\t\t\t<div class=\"elementor-widget-container\">\n\t\t\t<style>\/*! elementor - v3.13.2 - 11-05-2023 *\/\n.elementor-heading-title{padding:0;margin:0;line-height:1}.elementor-widget-heading .elementor-heading-title[class*=elementor-size-]>a{color:inherit;font-size:inherit;line-height:inherit}.elementor-widget-heading .elementor-heading-title.elementor-size-small{font-size:15px}.elementor-widget-heading .elementor-heading-title.elementor-size-medium{font-size:19px}.elementor-widget-heading .elementor-heading-title.elementor-size-large{font-size:29px}.elementor-widget-heading .elementor-heading-title.elementor-size-xl{font-size:39px}.elementor-widget-heading .elementor-heading-title.elementor-size-xxl{font-size:59px}<\/style><h2 class=\"elementor-heading-title elementor-size-xxl\">Vielen Dank!<\/h2>\t\t<\/div>\n\t\t\t\t<\/div>\n\t\t\t\t<div class=\"elementor-element elementor-element-6b3512e elementor-widget elementor-widget-text-editor\" data-id=\"6b3512e\" data-element_type=\"widget\" data-widget_type=\"text-editor.default\">\n\t\t\t\t<div class=\"elementor-widget-container\">\n\t\t\t<style>\/*! elementor - v3.13.2 - 11-05-2023 *\/\n.elementor-widget-text-editor.elementor-drop-cap-view-stacked .elementor-drop-cap{background-color:#69727d;color:#fff}.elementor-widget-text-editor.elementor-drop-cap-view-framed .elementor-drop-cap{color:#69727d;border:3px solid;background-color:transparent}.elementor-widget-text-editor:not(.elementor-drop-cap-view-default) .elementor-drop-cap{margin-top:8px}.elementor-widget-text-editor:not(.elementor-drop-cap-view-default) .elementor-drop-cap-letter{width:1em;height:1em}.elementor-widget-text-editor .elementor-drop-cap{float:left;text-align:center;line-height:1;font-size:50px}.elementor-widget-text-editor .elementor-drop-cap-letter{display:inline-block}<\/style>\t\t\t\t<p>Das Formular wurde erfolgreich \u00fcbermittelt. Ein Mitarbeiter unseres Unternehmens wird sich in K\u00fcrze mit Ihnen in Verbindung setzen, um Ihre Anfrage zu besprechen.<\/p><p>Wir freuen uns auf das Gespr\u00e4ch mit Ihnen!<\/p>\t\t\t\t\t\t<\/div>\n\t\t\t\t<\/div>\n\t\t\t\t\t<\/div>\n\t\t\t\t<\/div>\n\t\t\t\t\t\t\t<\/div>\n\t\t","protected":false},"excerpt":{"rendered":"<p>Vielen Dank! Das Formular wurde erfolgreich \u00fcbermittelt. Ein Mitarbeiter unseres Unternehmens wird sich in K\u00fcrze mit Ihnen in Verbindung setzen, um Ihre Anfrage zu besprechen. Wir freuen uns auf das Gespr\u00e4ch mit Ihnen!<\/p>\n","protected":false},"author":3,"featured_media":0,"parent":0,"menu_order":79,"comment_status":"closed","ping_status":"closed","template":"elementor_header_footer","meta":{"footnotes":""},"yoast_head":"<!-- This site is optimized with the Yoast SEO plugin v19.9 - https:\/\/yoast.com\/wordpress\/plugins\/seo\/ -->\n<title>Thank You | Aplast<\/title>\n<meta name=\"robots\" content=\"noindex, follow\" \/>\n<meta property=\"og:locale\" content=\"de_DE\" \/>\n<meta property=\"og:type\" content=\"article\" \/>\n<meta property=\"og:title\" content=\"Thank You | Aplast\" \/>\n<meta property=\"og:description\" content=\"Vielen Dank! Das Formular wurde erfolgreich \u00fcbermittelt. Ein Mitarbeiter unseres Unternehmens wird sich in K\u00fcrze mit Ihnen in Verbindung setzen, um Ihre Anfrage zu besprechen. Wir freuen uns auf das Gespr\u00e4ch mit Ihnen!\" \/>\n<meta property=\"og:url\" content=\"https:\/\/aplast.ro\/de\/thank-you\/\" \/>\n<meta property=\"og:site_name\" content=\"Aplast\" \/>\n<meta property=\"article:modified_time\" content=\"2025-11-07T10:27:57+00:00\" \/>\n<meta name=\"twitter:card\" content=\"summary_large_image\" \/>\n<script type=\"application\/ld+json\" class=\"yoast-schema-graph\">{\"@context\":\"https:\/\/schema.org\",\"@graph\":[{\"@type\":\"WebPage\",\"@id\":\"https:\/\/aplast.ro\/de\/thank-you\/\",\"url\":\"https:\/\/aplast.ro\/de\/thank-you\/\",\"name\":\"Thank You | Aplast\",\"isPartOf\":{\"@id\":\"https:\/\/aplast.ro\/#website\"},\"datePublished\":\"2025-11-07T10:27:20+00:00\",\"dateModified\":\"2025-11-07T10:27:57+00:00\",\"breadcrumb\":{\"@id\":\"https:\/\/aplast.ro\/de\/thank-you\/#breadcrumb\"},\"inLanguage\":\"de\",\"potentialAction\":[{\"@type\":\"ReadAction\",\"target\":[\"https:\/\/aplast.ro\/de\/thank-you\/\"]}]},{\"@type\":\"BreadcrumbList\",\"@id\":\"https:\/\/aplast.ro\/de\/thank-you\/#breadcrumb\",\"itemListElement\":[{\"@type\":\"ListItem\",\"position\":1,\"name\":\"Home\",\"item\":\"https:\/\/aplast.ro\/de\/\"},{\"@type\":\"ListItem\",\"position\":2,\"name\":\"Thank You\"}]},{\"@type\":\"WebSite\",\"@id\":\"https:\/\/aplast.ro\/#website\",\"url\":\"https:\/\/aplast.ro\/\",\"name\":\"Aplast\",\"description\":\"Ferestre \u0219i U\u0219i PVC &amp; Termopan\",\"publisher\":{\"@id\":\"https:\/\/aplast.ro\/#organization\"},\"potentialAction\":[{\"@type\":\"SearchAction\",\"target\":{\"@type\":\"EntryPoint\",\"urlTemplate\":\"https:\/\/aplast.ro\/?s={search_term_string}\"},\"query-input\":\"required name=search_term_string\"}],\"inLanguage\":\"de\"},{\"@type\":\"Organization\",\"@id\":\"https:\/\/aplast.ro\/#organization\",\"name\":\"Aplast\",\"url\":\"https:\/\/aplast.ro\/\",\"logo\":{\"@type\":\"ImageObject\",\"inLanguage\":\"de\",\"@id\":\"https:\/\/aplast.ro\/#\/schema\/logo\/image\/\",\"url\":\"https:\/\/aplast.ro\/wp-content\/uploads\/2023\/08\/logo-aplast.png\",\"contentUrl\":\"https:\/\/aplast.ro\/wp-content\/uploads\/2023\/08\/logo-aplast.png\",\"width\":213,\"height\":100,\"caption\":\"Aplast\"},\"image\":{\"@id\":\"https:\/\/aplast.ro\/#\/schema\/logo\/image\/\"}}]}<\/script>\n<!-- \/ Yoast SEO plugin. -->","yoast_head_json":{"title":"Thank You | Aplast","robots":{"index":"noindex","follow":"follow"},"og_locale":"de_DE","og_type":"article","og_title":"Thank You | Aplast","og_description":"Vielen Dank! Das Formular wurde erfolgreich \u00fcbermittelt. Ein Mitarbeiter unseres Unternehmens wird sich in K\u00fcrze mit Ihnen in Verbindung setzen, um Ihre Anfrage zu besprechen. Wir freuen uns auf das Gespr\u00e4ch mit Ihnen!","og_url":"https:\/\/aplast.ro\/de\/thank-you\/","og_site_name":"Aplast","article_modified_time":"2025-11-07T10:27:57+00:00","twitter_card":"summary_large_image","schema":{"@context":"https:\/\/schema.org","@graph":[{"@type":"WebPage","@id":"https:\/\/aplast.ro\/de\/thank-you\/","url":"https:\/\/aplast.ro\/de\/thank-you\/","name":"Thank You | Aplast","isPartOf":{"@id":"https:\/\/aplast.ro\/#website"},"datePublished":"2025-11-07T10:27:20+00:00","dateModified":"2025-11-07T10:27:57+00:00","breadcrumb":{"@id":"https:\/\/aplast.ro\/de\/thank-you\/#breadcrumb"},"inLanguage":"de","potentialAction":[{"@type":"ReadAction","target":["https:\/\/aplast.ro\/de\/thank-you\/"]}]},{"@type":"BreadcrumbList","@id":"https:\/\/aplast.ro\/de\/thank-you\/#breadcrumb","itemListElement":[{"@type":"ListItem","position":1,"name":"Home","item":"https:\/\/aplast.ro\/de\/"},{"@type":"ListItem","position":2,"name":"Thank You"}]},{"@type":"WebSite","@id":"https:\/\/aplast.ro\/#website","url":"https:\/\/aplast.ro\/","name":"Aplast","description":"Ferestre \u0219i U\u0219i PVC &amp; Termopan","publisher":{"@id":"https:\/\/aplast.ro\/#organization"},"potentialAction":[{"@type":"SearchAction","target":{"@type":"EntryPoint","urlTemplate":"https:\/\/aplast.ro\/?s={search_term_string}"},"query-input":"required name=search_term_string"}],"inLanguage":"de"},{"@type":"Organization","@id":"https:\/\/aplast.ro\/#organization","name":"Aplast","url":"https:\/\/aplast.ro\/","logo":{"@type":"ImageObject","inLanguage":"de","@id":"https:\/\/aplast.ro\/#\/schema\/logo\/image\/","url":"https:\/\/aplast.ro\/wp-content\/uploads\/2023\/08\/logo-aplast.png","contentUrl":"https:\/\/aplast.ro\/wp-content\/uploads\/2023\/08\/logo-aplast.png","width":213,"height":100,"caption":"Aplast"},"image":{"@id":"https:\/\/aplast.ro\/#\/schema\/logo\/image\/"}}]}},"_links":{"self":[{"href":"https:\/\/aplast.ro\/de\/wp-json\/wp\/v2\/pages\/7294"}],"collection":[{"href":"https:\/\/aplast.ro\/de\/wp-json\/wp\/v2\/pages"}],"about":[{"href":"https:\/\/aplast.ro\/de\/wp-json\/wp\/v2\/types\/page"}],"author":[{"embeddable":true,"href":"https:\/\/aplast.ro\/de\/wp-json\/wp\/v2\/users\/3"}],"replies":[{"embeddable":true,"href":"https:\/\/aplast.ro\/de\/wp-json\/wp\/v2\/comments?post=7294"}],"version-history":[{"count":4,"href":"https:\/\/aplast.ro\/de\/wp-json\/wp\/v2\/pages\/7294\/revisions"}],"predecessor-version":[{"id":7298,"href":"https:\/\/aplast.ro\/de\/wp-json\/wp\/v2\/pages\/7294\/revisions\/7298"}],"wp:attachment":[{"href":"https:\/\/aplast.ro\/de\/wp-json\/wp\/v2\/media?parent=7294"}],"curies":[{"name":"wp","href":"https:\/\/api.w.org\/{rel}","templated":true}]}}