{"id":3211,"date":"2022-11-07T14:33:13","date_gmt":"2022-11-07T12:33:13","guid":{"rendered":"https:\/\/aplast.ro\/?page_id=3211"},"modified":"2022-11-07T14:33:13","modified_gmt":"2022-11-07T12:33:13","slug":"kundeninformationshinweis","status":"publish","type":"page","link":"https:\/\/aplast.ro\/de\/kundeninformationshinweis\/","title":{"rendered":"Kundeninformationshinweis"},"content":{"rendered":"<p><strong>APLAST WOOD INDUSTRY SRL. (\u201cAPLAST\u201d)<\/strong> ist sich der Bedeutung Ihrer personenbezogenen Daten bewusst und verpflichtet sich daher, die Rechtm\u00e4\u00dfigkeit der Verarbeitung dieser Daten durch uns zu gew\u00e4hrleisten.<\/p>\n<ol>\n<li><strong>Verarbeitung von personenbezogenen Daten<\/strong><\/li>\n<\/ol>\n<p>APLAST und seine Vertragspartner verarbeiten die zur Verf\u00fcgung gestellten personenbezogenen Daten in \u00dcbereinstimmung mit den Bestimmungen der EU-Verordnung 679\/2016 \u00fcber den Schutz personenbezogener Daten (GDPR) zum Zweck der Verwaltung und Durchf\u00fchrung des Vertrags\/der Bestellung, der Verwaltung der Gesch\u00e4ftsbeziehung mit dem Kunden sowie zu anderen Zwecken, um die vertraglichen Verpflichtungen zu erf\u00fcllen, die das Unternehmen gegen\u00fcber seinen Kunden hat.<\/p>\n<ol start=\"2\">\n<li><strong>Zugang zu pers\u00f6nlichen Daten<\/strong><\/li>\n<\/ol>\n<p>Der Zugang zu Ihren Daten ist auf befugtes Personal gem\u00e4\u00df den in Absatz 1 genannten Zwecken und auf Personal zur Verwaltung der IT-Systeme beschr\u00e4nkt. Das Unternehmen erf\u00fcllt die Anforderungen der DSGVO, indem es die Daten auf dem neuesten Stand h\u00e4lt, die Daten sicher speichert und vernichtet, die f\u00fcr die Verarbeitung erforderliche Mindestmenge an personenbezogenen Daten erfasst und die Daten vor Verlust, Missbrauch, Offenlegung oder unbefugtem Zugriff sch\u00fctzt. Das Unternehmen ergreift geeignete technische Ma\u00dfnahmen zum Schutz personenbezogener Daten.<\/p>\n<ol start=\"3\">\n<li><strong>Zweck der Datenerhebung<\/strong><\/li>\n<\/ol>\n<p>Wenn Sie uns personenbezogene Daten zur Verf\u00fcgung stellen, k\u00f6nnen diese telefonisch, per E-Mail, pers\u00f6nlich oder \u00fcber die Website www.aplast.ro erhoben werden.\u00a0 APLAST darf sie f\u00fcr die nachfolgend genannten Zwecke verwenden, sofern nichts anderes angegeben ist:<\/p>\n<ul>\n<li>um die von Ihnen telefonisch, online oder in den Gesch\u00e4ftsr\u00e4umen des Unternehmens angeforderten oder gekauften Dienstleistungen zu bearbeiten und um Ihnen zus\u00e4tzliche Informationen \u00fcber diese Dienstleistungen zukommen zu lassen;<\/li>\n<li>Bearbeitung von Angebotsanfragen;<\/li>\n<li>Bereitstellung der von Ihnen angeforderten\/gekauften Produkte\/Dienstleistungen;<\/li>\n<li>um sicherzustellen, dass die Website auf Ihre Bed\u00fcrfnisse zugeschnitten ist;<\/li>\n<li>die Rechnungsstellung f\u00fcr die von Ihnen bestellten Dienstleistungen;<\/li>\n<li>\u00dcbermittlung personenbezogener Daten an die Vertragspartner von APLAST;<\/li>\n<li>zur \u00dcbermittlung von Angeboten, Werbe- und Marketingbotschaften;<\/li>\n<li>Erstellung verschiedener Berichte f\u00fcr die Durchf\u00fchrung der APLAST-Aktivit\u00e4ten.<\/li>\n<\/ul>\n<p>&nbsp;<\/p>\n<p>APLAST kann personenbezogene Daten an Dritte weitergeben, wenn dies gesetzlich vorgeschrieben ist oder im guten Glauben, dass solche Handlungen notwendig sind, um gesetzliche Anforderungen zu erf\u00fcllen; die Eigentumsrechte von APLAST und der Website www.aplast.ro zu sch\u00fctzen und zu verteidigen; in Notf\u00e4llen zu handeln, um die pers\u00f6nliche Sicherheit von Mitarbeitern, Produkt- oder Dienstleistungsnutzern zu sch\u00fctzen.<\/p>\n<p>Wenn APLAST aufgefordert wird oder die Erlaubnis erh\u00e4lt, pers\u00f6nliche Daten zu \u00fcbermitteln, werden nur die Daten weitergegeben, die f\u00fcr die strikte Erf\u00fcllung des Zwecks erforderlich sind.<\/p>\n<p>Personenbezogene Daten k\u00f6nnen ohne Ihre Zustimmung im Falle von Rechtsstreitigkeiten\/Betrugsf\u00e4llen an die entsprechenden Institutionen weitergegeben werden.<\/p>\n<p>&nbsp;<\/p>\n<ol start=\"5\">\n<li><strong>Verwendung der gesammelten Daten.<\/strong><\/li>\n<\/ol>\n<p>APLAST kann die bei der Verarbeitung anfallenden Daten f\u00fcr folgende Zwecke verwenden:<\/p>\n<ul>\n<li>Werbung, Promotion, Angebot der von APLAST angebotenen Dienstleistungen;<\/li>\n<li>Informationen f\u00fcr ihre eigenen Zwecke zu produzieren;<\/li>\n<li>Berichte\/Analysen zu erstellen;<\/li>\n<\/ul>\n<ol start=\"6\">\n<li><strong>Wie lange wird APLAST diese Informationen speichern?<\/strong><\/li>\n<\/ol>\n<p>APLAST speichert diese Informationen in einer sicheren und gesch\u00fctzten Umgebung f\u00fcr die Dauer ihrer T\u00e4tigkeit, solange wir der Meinung sind, dass die Informationen uns helfen k\u00f6nnen, besser zu verstehen, wie wir Ihnen dienen k\u00f6nnen und Ihre W\u00fcnsche respektieren, es sei denn, Sie fordern uns aus legitimen Gr\u00fcnden auf, die Verarbeitung Ihrer Daten einzustellen. Dar\u00fcber hinaus kann das geltende Recht uns dazu verpflichten, Informationen f\u00fcr einen bestimmten Zeitraum aufzubewahren.<\/p>\n<ol start=\"7\">\n<li><strong>Ihre Rechte<\/strong><\/li>\n<\/ol>\n<p>In Bezug auf die Verarbeitung personenbezogener Daten haben Sie folgende Rechte: das Recht auf Zugang und Berichtigung, L\u00f6schung oder Einschr\u00e4nkung der Verarbeitung der gesammelten Daten, das Recht auf Information, das Recht, der Verarbeitung Ihrer Daten zu Marketingzwecken zu widersprechen.<\/p>\n<p>Sie k\u00f6nnen diese Rechte auf folgende Weise aus\u00fcben: Senden Sie eine E-Mail an <strong>resurseumane@aplast.com<\/strong> oder senden Sie eine schriftliche Anfrage an APLAST WOOD INDUSTRY SRL, Comuna Ceptura de Jos, Cladirea Aplast, jud. Prohova.\u00a0 Das Unternehmen wird die angeforderten Informationen innerhalb von 30 Tagen nach Eingang des Antrags \u00fcbermitteln.<\/p>\n<ol start=\"8\">\n<li><strong>Daten\u00fcbertragung<\/strong><\/li>\n<\/ol>\n<p>Das Unternehmen kann Ihre personenbezogenen Daten an andere Anbieter weitergeben, um die unter Punkt 1 genannten Zwecke zu erf\u00fcllen.<\/p>\n<p><strong>Kundenzustimmung:<\/strong><\/p>\n<p><strong>\u25a1 <\/strong>ich stimme der verarbeitung meiner oben genannten pers\u00f6nlichen daten zu<\/p>\n<p><strong>\u25a1<\/strong>\u00a0 Ich bin mit der Verarbeitung meiner oben genannten personenbezogenen Daten nicht einverstanden<\/p>\n<p>&nbsp;<\/p>\n<p>Name und Vorname:_________________ Datum:_______________\u00a0\u00a0\u00a0\u00a0\u00a0\u00a0 Unterschrift:_______________________<\/p>\n<p>&nbsp;<\/p>\n<p>&nbsp;<\/p>\n","protected":false},"excerpt":{"rendered":"<p>APLAST WOOD INDUSTRY SRL. (\u201cAPLAST\u201d) ist sich der Bedeutung Ihrer personenbezogenen Daten bewusst und verpflichtet sich daher, die Rechtm\u00e4\u00dfigkeit der Verarbeitung dieser Daten durch uns zu gew\u00e4hrleisten. Verarbeitung von personenbezogenen Daten APLAST und seine Vertragspartner verarbeiten die zur Verf\u00fcgung gestellten personenbezogenen Daten in \u00dcbereinstimmung mit den Bestimmungen der EU-Verordnung 679\/2016 \u00fcber den Schutz personenbezogener Daten [&hellip;]<\/p>\n","protected":false},"author":3,"featured_media":0,"parent":0,"menu_order":87,"comment_status":"closed","ping_status":"closed","template":"","meta":{"footnotes":""},"yoast_head":"<!-- This site is optimized with the Yoast SEO plugin v19.9 - https:\/\/yoast.com\/wordpress\/plugins\/seo\/ -->\n<title>Kundeninformationshinweis | Aplast<\/title>\n<meta name=\"robots\" content=\"noindex, follow\" \/>\n<meta property=\"og:locale\" content=\"de_DE\" \/>\n<meta property=\"og:type\" content=\"article\" \/>\n<meta property=\"og:title\" content=\"Kundeninformationshinweis | Aplast\" \/>\n<meta property=\"og:description\" content=\"APLAST WOOD INDUSTRY SRL. (\u201cAPLAST\u201d) ist sich der Bedeutung Ihrer personenbezogenen Daten bewusst und verpflichtet sich daher, die Rechtm\u00e4\u00dfigkeit der Verarbeitung dieser Daten durch uns zu gew\u00e4hrleisten. Verarbeitung von personenbezogenen Daten APLAST und seine Vertragspartner verarbeiten die zur Verf\u00fcgung gestellten personenbezogenen Daten in \u00dcbereinstimmung mit den Bestimmungen der EU-Verordnung 679\/2016 \u00fcber den Schutz personenbezogener Daten [&hellip;]\" \/>\n<meta property=\"og:url\" content=\"https:\/\/aplast.ro\/de\/kundeninformationshinweis\/\" \/>\n<meta property=\"og:site_name\" content=\"Aplast\" \/>\n<meta name=\"twitter:card\" content=\"summary_large_image\" \/>\n<script type=\"application\/ld+json\" class=\"yoast-schema-graph\">{\"@context\":\"https:\/\/schema.org\",\"@graph\":[{\"@type\":\"WebPage\",\"@id\":\"https:\/\/aplast.ro\/de\/kundeninformationshinweis\/\",\"url\":\"https:\/\/aplast.ro\/de\/kundeninformationshinweis\/\",\"name\":\"Kundeninformationshinweis | Aplast\",\"isPartOf\":{\"@id\":\"https:\/\/aplast.ro\/#website\"},\"datePublished\":\"2022-11-07T12:33:13+00:00\",\"dateModified\":\"2022-11-07T12:33:13+00:00\",\"breadcrumb\":{\"@id\":\"https:\/\/aplast.ro\/de\/kundeninformationshinweis\/#breadcrumb\"},\"inLanguage\":\"de\",\"potentialAction\":[{\"@type\":\"ReadAction\",\"target\":[\"https:\/\/aplast.ro\/de\/kundeninformationshinweis\/\"]}]},{\"@type\":\"BreadcrumbList\",\"@id\":\"https:\/\/aplast.ro\/de\/kundeninformationshinweis\/#breadcrumb\",\"itemListElement\":[{\"@type\":\"ListItem\",\"position\":1,\"name\":\"Home\",\"item\":\"https:\/\/aplast.ro\/de\/\"},{\"@type\":\"ListItem\",\"position\":2,\"name\":\"Kundeninformationshinweis\"}]},{\"@type\":\"WebSite\",\"@id\":\"https:\/\/aplast.ro\/#website\",\"url\":\"https:\/\/aplast.ro\/\",\"name\":\"Aplast\",\"description\":\"Ferestre \u0219i U\u0219i PVC &amp; Termopan\",\"publisher\":{\"@id\":\"https:\/\/aplast.ro\/#organization\"},\"potentialAction\":[{\"@type\":\"SearchAction\",\"target\":{\"@type\":\"EntryPoint\",\"urlTemplate\":\"https:\/\/aplast.ro\/?s={search_term_string}\"},\"query-input\":\"required name=search_term_string\"}],\"inLanguage\":\"de\"},{\"@type\":\"Organization\",\"@id\":\"https:\/\/aplast.ro\/#organization\",\"name\":\"Aplast\",\"url\":\"https:\/\/aplast.ro\/\",\"logo\":{\"@type\":\"ImageObject\",\"inLanguage\":\"de\",\"@id\":\"https:\/\/aplast.ro\/#\/schema\/logo\/image\/\",\"url\":\"https:\/\/aplast.ro\/wp-content\/uploads\/2023\/08\/logo-aplast.png\",\"contentUrl\":\"https:\/\/aplast.ro\/wp-content\/uploads\/2023\/08\/logo-aplast.png\",\"width\":213,\"height\":100,\"caption\":\"Aplast\"},\"image\":{\"@id\":\"https:\/\/aplast.ro\/#\/schema\/logo\/image\/\"}}]}<\/script>\n<!-- \/ Yoast SEO plugin. -->","yoast_head_json":{"title":"Kundeninformationshinweis | Aplast","robots":{"index":"noindex","follow":"follow"},"og_locale":"de_DE","og_type":"article","og_title":"Kundeninformationshinweis | Aplast","og_description":"APLAST WOOD INDUSTRY SRL. (\u201cAPLAST\u201d) ist sich der Bedeutung Ihrer personenbezogenen Daten bewusst und verpflichtet sich daher, die Rechtm\u00e4\u00dfigkeit der Verarbeitung dieser Daten durch uns zu gew\u00e4hrleisten. Verarbeitung von personenbezogenen Daten APLAST und seine Vertragspartner verarbeiten die zur Verf\u00fcgung gestellten personenbezogenen Daten in \u00dcbereinstimmung mit den Bestimmungen der EU-Verordnung 679\/2016 \u00fcber den Schutz personenbezogener Daten [&hellip;]","og_url":"https:\/\/aplast.ro\/de\/kundeninformationshinweis\/","og_site_name":"Aplast","twitter_card":"summary_large_image","schema":{"@context":"https:\/\/schema.org","@graph":[{"@type":"WebPage","@id":"https:\/\/aplast.ro\/de\/kundeninformationshinweis\/","url":"https:\/\/aplast.ro\/de\/kundeninformationshinweis\/","name":"Kundeninformationshinweis | Aplast","isPartOf":{"@id":"https:\/\/aplast.ro\/#website"},"datePublished":"2022-11-07T12:33:13+00:00","dateModified":"2022-11-07T12:33:13+00:00","breadcrumb":{"@id":"https:\/\/aplast.ro\/de\/kundeninformationshinweis\/#breadcrumb"},"inLanguage":"de","potentialAction":[{"@type":"ReadAction","target":["https:\/\/aplast.ro\/de\/kundeninformationshinweis\/"]}]},{"@type":"BreadcrumbList","@id":"https:\/\/aplast.ro\/de\/kundeninformationshinweis\/#breadcrumb","itemListElement":[{"@type":"ListItem","position":1,"name":"Home","item":"https:\/\/aplast.ro\/de\/"},{"@type":"ListItem","position":2,"name":"Kundeninformationshinweis"}]},{"@type":"WebSite","@id":"https:\/\/aplast.ro\/#website","url":"https:\/\/aplast.ro\/","name":"Aplast","description":"Ferestre \u0219i U\u0219i PVC &amp; Termopan","publisher":{"@id":"https:\/\/aplast.ro\/#organization"},"potentialAction":[{"@type":"SearchAction","target":{"@type":"EntryPoint","urlTemplate":"https:\/\/aplast.ro\/?s={search_term_string}"},"query-input":"required name=search_term_string"}],"inLanguage":"de"},{"@type":"Organization","@id":"https:\/\/aplast.ro\/#organization","name":"Aplast","url":"https:\/\/aplast.ro\/","logo":{"@type":"ImageObject","inLanguage":"de","@id":"https:\/\/aplast.ro\/#\/schema\/logo\/image\/","url":"https:\/\/aplast.ro\/wp-content\/uploads\/2023\/08\/logo-aplast.png","contentUrl":"https:\/\/aplast.ro\/wp-content\/uploads\/2023\/08\/logo-aplast.png","width":213,"height":100,"caption":"Aplast"},"image":{"@id":"https:\/\/aplast.ro\/#\/schema\/logo\/image\/"}}]}},"_links":{"self":[{"href":"https:\/\/aplast.ro\/de\/wp-json\/wp\/v2\/pages\/3211"}],"collection":[{"href":"https:\/\/aplast.ro\/de\/wp-json\/wp\/v2\/pages"}],"about":[{"href":"https:\/\/aplast.ro\/de\/wp-json\/wp\/v2\/types\/page"}],"author":[{"embeddable":true,"href":"https:\/\/aplast.ro\/de\/wp-json\/wp\/v2\/users\/3"}],"replies":[{"embeddable":true,"href":"https:\/\/aplast.ro\/de\/wp-json\/wp\/v2\/comments?post=3211"}],"version-history":[{"count":1,"href":"https:\/\/aplast.ro\/de\/wp-json\/wp\/v2\/pages\/3211\/revisions"}],"predecessor-version":[{"id":3213,"href":"https:\/\/aplast.ro\/de\/wp-json\/wp\/v2\/pages\/3211\/revisions\/3213"}],"wp:attachment":[{"href":"https:\/\/aplast.ro\/de\/wp-json\/wp\/v2\/media?parent=3211"}],"curies":[{"name":"wp","href":"https:\/\/api.w.org\/{rel}","templated":true}]}}