{"id":2331,"date":"2021-04-15T16:21:14","date_gmt":"2021-04-15T13:21:14","guid":{"rendered":"http:\/\/dev.quart.ro\/aplast\/?page_id=2331"},"modified":"2024-08-21T22:39:16","modified_gmt":"2024-08-21T19:39:16","slug":"gdpr-bestimmungen","status":"publish","type":"page","link":"https:\/\/aplast.ro\/de\/gdpr-bestimmungen\/","title":{"rendered":"GDPR-Bestimmungen"},"content":{"rendered":"<p><strong>EINLEITUNG:<\/strong><\/p>\n<p>Ab dem 25. Mai 2018 gilt die\u00a0<a href=\"http:\/\/www.dataprotection.ro\/servlet\/ViewDocument?id=1262\">Verordnung (EU) 2016\/679 zum Schutz nat\u00fcrlicher Personen bei der Verarbeitung personenbezogener Daten, zum freien Datenverkehr und zur Aufhebung der Richtlinie 95\/46\/EG (Datenschutz-Grundverordnung). ) nachfolgend \u201eDSGVO-Verordnung\u201cgenannt.<\/a><\/p>\n<p>Wir bitten Sie die Informationen in diesem Dokument einzusehen, da es die Unternehmenspolitik von Aplast Wood Industry\u00a0 SRL in Bezug auf die Verarbeitung personenbezogener Daten zum Ausdruck bringt.<\/p>\n<p>Bei Aplast Wood Industry\u00a0 SRL verarbeiten wir personenbezogene Daten ausschlie\u00dflich im Rahmen der gesetzlichen Bestimmungen zum Schutz personenbezogener Daten.<\/p>\n<p><strong>DEFINITION:<\/strong><\/p>\n<ul>\n<li><strong>Betreiber<\/strong>= Der f\u00fcr die Datenverarbeitung verantwortliche Betreiber im Sinne der DSGVO-Verordnung ist Aplast Wood Industry\u00a0 SRL mit Sitz in Dorf Ceptura de Jos, Gemeinde Ceptura, Geb\u00e4ude Aplast Wood Industry\u00a0 SRL, Kreis Prahova, eingetragen im Handelsregister in Prahova unter der Nr. J29\/2033\/18.07.2022, Steuernummer RO26856598, im Folgenden \u201eBetreiber\u201c oder \u201eAplast Wood Industry\u00a0 SRL\u201c genannt.<\/li>\n<li><strong>Kontaktdaten des Datenschutzverantwortlichen<\/strong> (DPO)\u00a0= Die Adresse, an die Auskunftsersuchen bez\u00fcglich der Verarbeitung personenbezogener Daten gesendet werden k\u00f6nnen: in Village Ceptura de Jos, Gemeinde Ceptura, Cladirea Aplast, Kreis Prahova, &#8211; zu H\u00e4nden des DATENSCHUTZBEAUFTRAGTEN oder an die E-Mail-Adresse:\u00a0resurseumane@aplast.com<\/li>\n<li><strong>Betroffene Person im Sinne der DSGVO-Verordnung<\/strong> = identifizierte oder identifizierbare nat\u00fcrliche Person (die direkt oder indirekt identifiziert werden kann, insbesondere durch Bezugnahme auf ein Identifizierungselement: Name, Identifikationsnummer, Standortdaten, eine Online-Kennung oder auf eine \/mehrere spezifische Elemente, die f\u00fcr seine physische, physiologische, genetische, psychologische, wirtschaftliche, kulturelle oder soziale Identit\u00e4t spezifisch sind). Bei der betroffenen Person kann es sich sowohl um den Bewerber f\u00fcr eine vom Betreiber angebotene Dienstleistung als auch um jede andere nat\u00fcrliche Person handeln, deren personenbezogene Daten an den Betreiber \u00fcbermittelt werden (z der Website des Betreibers usw.).<\/li>\n<li><strong>Kategorien der verarbeiteten Daten<\/strong> = Personenbezogene Daten (Vorname, Nachname, Geburtsdatum, Adresse, CNP, CI-Serie und -Nummer\/Personalausweis, Telefonnummer und E-Mail-Adresse etc.) werden von uns nur im Einzelfall verarbeitet in dem Sie diese Daten in einer Spalte auf der Website eingeben oder uns per E-Mail zusenden.<\/li>\n<li>\u00a0Die Verarbeitung personenbezogener Daten ist jeder Vorgang oder jede Reihe von Vorg\u00e4ngen, die an personenbezogenen Daten oder S\u00e4tzen personenbezogener Daten durchgef\u00fchrt werden, mit oder ohne Verwendung automatischer Mittel, wie z. Nutzung, Offenlegung durch \u00dcbermittlung, Verbreitung oder anderweitige Zurverf\u00fcgungstellung, Abgleich oder Kombination, Einschr\u00e4nkung, L\u00f6schung oder Vernichtung.<\/li>\n<\/ul>\n<ol>\n<li><strong> ZWECKE UND RECHTSGRUNDLAGE DER VERARBEITUNG IHRER DATEN:<\/strong><\/li>\n<\/ol>\n<p>Gem\u00e4\u00df der Verordnung (EU) 2016\/679 und verwandten Gesetzen sind die Zwecke, f\u00fcr die wir Ihre personenbezogenen Daten verarbeiten, eng mit der Beziehung zwischen APLAST und der betroffenen Person verbunden. Die Informationen, die Sie uns zur Verf\u00fcgung stellen, werden streng vertraulich und ausschlie\u00dflich f\u00fcr die Zwecke behandelt, f\u00fcr die sie erhoben wurden.<\/p>\n<p>Nachfolgend finden Sie die Einzelheiten zu den Zwecken, f\u00fcr die wir Daten verarbeiten, und die Rechtsgrundlage:<\/p>\n<p><strong>1.1. Vertragsabschluss und Verwaltung der Kundenbeziehung:<\/strong><\/p>\n<ol>\n<li><em>Webseitenzugriff:<\/em><\/li>\n<\/ol>\n<p>Bei jedem Zugriff eines Nutzers auf eine Seite aus unserem Angebot und bei jedem Abruf einer Datei werden Zugriffsdaten durch uns und teilweise durch Dritte in Form von Protokolldateien gespeichert. Zu jedem Datensatz geh\u00f6ren: die Internetseite, von der aus Sie auf unsere Seite zugreifen, die IP-Adresse, das Datum und die Uhrzeit des Zugriffs, die Anfrage des Clients, der http-Antwortcode, die \u00fcbertragene Datenmenge, Informationen \u00fcber den Browser und das Betriebssystem von Ihnen verwendet.<\/p>\n<ol>\n<li><em>Geographische Lagenermittlung:<\/em><\/li>\n<\/ol>\n<p>Mit Hilfe der IP-Adresse ist es technisch m\u00f6glich, den Standort des Internetnutzers zu bestimmen. Um die Angebote und Artikel des n\u00e4chstgelegenen Aplast Wood Industry\u00a0 SRL-Shops direkt einsehen zu k\u00f6nnen, wird die IP-Adresse gespeichert und zur geografischen Standortbestimmung verwendet. Nach dem Ende der aktuellen Sitzung wird die IP-Adresse bei uns nicht zu Zwecken der geografischen Lokalisierung gespeichert.<\/p>\n<p>Anmerkung: Bestimmte Verkehrsdaten (wie IP-Adressen oder andere Kennungen der Ger\u00e4te, mit denen Sie auf unsere Website zugreifen) k\u00f6nnen unter bestimmten Umst\u00e4nden personenbezogene Daten sein und werden von uns als solche behandelt.<\/p>\n<ol>\n<li><em>Kundenkontodaten in Aplast-Anwendungen:<\/em><\/li>\n<\/ol>\n<p>Wenn Sie ein neues Kundenkonto in Aplast-Anwendungen anlegen, werden Ihre Daten in der APLAST-Datenbank gespeichert. Sie k\u00f6nnen jederzeit die L\u00f6schung Ihrer Daten und Ihres Kundenkontos beantragen. Wenn Sie eine Angebotsanfrage auf unserer Website stellen, werden die Daten zum Zweck der erfolgreichen Verkaufsabwicklung verarbeitet.<\/p>\n<ol>\n<li><em>Daten f\u00fcr eine Bestellung:<\/em><\/li>\n<\/ol>\n<p>Die gespeicherten personenbezogenen Daten werden zum Zwecke der Vertragsabwicklung und der Bearbeitung Ihrer Anfragen genutzt. Nach Abschluss des Vertrages oder Ihrer Anfrage werden Ihre Daten unter Ber\u00fccksichtigung der steuer- und handelsrechtlichen Aufbewahrungsfristen und ggf. f\u00fcr einen Zeitraum, der zum Schutz der Rechte des Betreibers erforderlich ist, gespeichert.<\/p>\n<p>\u27a2 RECHTSGR\u00dcNDE:\u00a0das berechtigte Interesse des Betreibers, Online-Betrug zu verhindern und die allgemeine Funktionalit\u00e4t der Website zu gew\u00e4hrleisten, die Erf\u00fcllung eines Vertrags und gegebenenfalls die Einwilligung der betroffenen Person.<\/p>\n<p><strong>1.2. Einstellungsaktivit\u00e4ten:<\/strong><\/p>\n<ul>\n<li>Um Ihre Bewerbung f\u00fcr eine der bei Aplast Wood Industry\u00a0 SRLverf\u00fcgbaren Stellen schnell einzureichen, k\u00f6nnen Sie unseren daf\u00fcr eingerichteten Online-Bereich nutzen.<\/li>\n<li>Wir verwenden Ihre Daten und Unterlagen ausschlie\u00dflich zur Bearbeitung Ihrer Bewerbung, d.h. um eine geeignete Stelle bei APLAST zu finden. Sie werden in unserer Datenbank gespeichert, vor unbefugtem Zugriff gesch\u00fctzt und in \u00dcbereinstimmung mit den geltenden Rechtsvorschriften \u00fcber die Verarbeitung personenbezogener Daten verarbeitet.<\/li>\n<\/ul>\n<p>\u27a2 RECHTSGRUNDLAGE:\u00a0Zustimmung der betroffenen Person.<\/p>\n<ol start=\"2\">\n<li><strong> IHRE RECHTE ALS BETROFFENE PERSON IN BEZUG AUF DIE VERARBEITUNG DER \u00dcBERMITTELTEN PERSONENBEZOGENEN DATEN:<\/strong><\/li>\n<\/ol>\n<p>2.1. Rechte der betroffenen Person und wie sie ausge\u00fcbt werden k\u00f6nnen<\/p>\n<p>Gem\u00e4\u00df der GDPR-Verordnung haben Sie als betroffene Person eine Reihe von Rechten, n\u00e4mlich:<\/p>\n<ol>\n<li><strong>Recht auf Information und Zugang <\/strong>zu personenbezogenen Daten: das Recht, eine Best\u00e4tigung dar\u00fcber zu erhalten, ob Sie betreffende personenbezogene Daten verarbeitet werden oder nicht, und gegebenenfalls Zugang zu diesen Daten zu erhalten.<\/li>\n<li><strong>Berichtigungsrecht<\/strong>:\u00a0das Recht, vom Betreiber zu verlangen, dass unrichtige personenbezogene Daten \u00fcber Sie unverz\u00fcglich berichtigt und\/oder unvollst\u00e4ndige personenbezogene Daten vervollst\u00e4ndigt werden, mit der Ma\u00dfgabe, dass diese \u00c4nderungen im Falle eines Online-Kontos pers\u00f6nlich im Bearbeitungsbereich der Kontodaten vorgenommen werden k\u00f6nnen.<\/li>\n<li><strong>Datenl\u00f6schungsrecht<\/strong> (&#8222;Recht auf Vergessenwerden&#8220;): das Recht, die L\u00f6schung der Sie betreffenden personenbezogenen Daten ohne unn\u00f6tige Verz\u00f6gerung zu erwirken, wenn bestimmte in der DSGVO genannte Gr\u00fcnde vorliegen.<\/li>\n<li><strong>Bearbeitungsbegrenzungsrecht<\/strong>:\u00a0das Recht, in bestimmten F\u00e4llen eine Einschr\u00e4nkung der Verarbeitung zu erwirken.<\/li>\n<li><strong>Daten\u00fcbertragungsrecht<\/strong>:\u00a0das Recht, Ihre personenbezogenen Daten zu erhalten und sie an einen anderen f\u00fcr die Verarbeitung Verantwortlichen zu \u00fcbermitteln.<\/li>\n<li><strong>Widerspruchsrecht:<\/strong>das Recht, der Verarbeitung Ihrer personenbezogenen Daten gem\u00e4\u00df der GDPR-Verordnung jederzeit zu widersprechen.<\/li>\n<li>das Recht, keiner ausschlie\u00dflich auf einer automatisierten Verarbeitung &#8211; einschlie\u00dflich Profiling &#8211; beruhenden Entscheidung unterworfen zu werden, die f\u00fcr Sie rechtliche Folgen nach sich zieht oder Sie in \u00e4hnlicher Weise erheblich beeintr\u00e4chtigt.<\/li>\n<li>Das Recht, eine Beschwerde bei der Nationalen Aufsichtsbeh\u00f6rde f\u00fcr die Verarbeitung personenbezogener Daten (ANSPDCP) einzureichen, wenn Sie der Meinung sind, dass Ihre Daten nicht in \u00dcbereinstimmung mit dem Gesetz verarbeitet wurden.<\/li>\n<\/ol>\n<p>\u27a2 Wie Sie diese Rechte aus\u00fcben k\u00f6nnen?<\/p>\n<p>Um die oben genannten Rechte auszu\u00fcben, senden Sie bitte einen schriftlichen, datierten und unterzeichneten Antrag an die E-Mail-Adresse resurseumane@aplast.com oder an die Postanschrift: Gemeinde Ceptura de Jos, Geb\u00e4ude Aplast, Kreis Prahova zu H\u00e4nden des Datenschutzbeauftragten.<\/p>\n<p>\u27a2 In wie viel Zeit reagieren wir auf Ihre Anregungen?<\/p>\n<p>Innerhalb einer Frist von h\u00f6chstens einem Monat, gerechnet ab dem Eingang Ihres Antrags, werden Sie \u00fcber die ergriffenen Ma\u00dfnahmen oder gegebenenfalls \u00fcber die Gr\u00fcnde, warum die beantragten Ma\u00dfnahmen nicht durchgef\u00fchrt werden k\u00f6nnen, unterrichtet.<\/p>\n<p>Anmerkung: Bitte beachten Sie, dass wir, um einem Antrag auf Zugang zu personenbezogenen Daten nachzukommen, alle angemessenen Schritte unternehmen werden, um die Identit\u00e4t der betroffenen Person zu \u00fcberpr\u00fcfen.<\/p>\n<p>Gem\u00e4\u00df der DSGVO kann die oben genannte Antwortzeit um bis zu zwei Monate verl\u00e4ngert werden, wenn dies unter Ber\u00fccksichtigung der Komplexit\u00e4t und der Anzahl der Anfragen erforderlich ist, und wir werden Sie gegebenenfalls dar\u00fcber informieren.<\/p>\n<ol start=\"3\">\n<li><strong> DIE EMPF\u00c4NGER ODER KATEGORIEN VON EMPF\u00c4NGERN DER PERSONENBEZOGENEN DATEN:<\/strong><\/li>\n<\/ol>\n<p>Die Empf\u00e4nger, die personenbezogene Daten innerhalb der Europ\u00e4ischen Union verarbeiten, sind verpflichtet, dieselben Rechtsvorschriften einzuhalten und das gleiche Schutzniveau zu bieten wie der f\u00fcr die Verarbeitung Verantwortliche.<\/p>\n<p>3.1. Daten\u00fcbermittlung zum Auftragsabwicklungzwecke<\/p>\n<p>Die von APLAST gespeicherten personenbezogenen Daten werden zum Zwecke der Auftragsabwicklung\/Lieferung an unsere Kooperationspartner \u00fcbermittelt. So werden Ihre Daten beispielsweise an Transport- oder Kurierunternehmen weitergegeben, wenn Sie sich f\u00fcr die Lieferung Ihrer Bestellung mit Transport entscheiden.<\/p>\n<p>3.2. Weiterleitung an \u00f6ffentliche Einrichtungen, Gerichte sowie an Beh\u00f6rden, die f\u00fcr die Ermittlung von Straftaten zust\u00e4ndig sind<\/p>\n<p>In besonderen F\u00e4llen, wenn dies gesetzlich vorgeschrieben ist, kann APLAST den zust\u00e4ndigen Institutionen Auskunft \u00fcber personenbezogene Daten erteilen.<\/p>\n<p><strong>3.3. Weiterleitung an Dritte<\/strong><\/p>\n<p>Um Ihnen ein m\u00f6glichst angenehmes Online-Erlebnis zu bieten, arbeiten wir st\u00e4ndig an der Verbesserung\/Wartung der von uns verwendeten Software.<\/p>\n<p>3.4<strong>. Daten\u00fcbermittlung an Organisationen au\u00dferhalb der EU<\/strong><\/p>\n<p>In Ausnahmef\u00e4llen k\u00f6nnen Ihre Daten auch an Stellen au\u00dferhalb der Europ\u00e4ischen Union \u00fcbermittelt oder von diesen eingesehen werden, auch in L\u00e4ndern, denen die EU kein angemessenes Schutzniveau f\u00fcr personenbezogene Daten zuerkennt. Diese Situationen treten insbesondere dann auf, wenn es um die Nutzung von Online-Plattformen\/Programmen\/Tools f\u00fcr die Auftragsabwicklung, Werbung oder die damit verbundene IT-Infrastruktur geht. Wenn beispielsweise die Infrastruktur von Amazon Web Services oder Anwendungen von Google oder Microsoft genutzt werden, k\u00f6nnen die Muttergesellschaften im Herkunftsland darauf zugreifen, obwohl sich die Infrastruktur als solche in der Europ\u00e4ischen Union befindet. In allen diesen F\u00e4llen ergreift APLAST die erforderlichen Ma\u00dfnahmen, um den Schutz Ihrer Daten zu gew\u00e4hrleisten, wie z. B. Standardvertragsklauseln, die von europ\u00e4ischen Einrichtungen herausgegeben werden, oder einschl\u00e4gige, in der Europ\u00e4ischen Union anerkannte Zertifizierungen.<\/p>\n<ol start=\"4\">\n<li><strong> Gesetzliche Grundlage<\/strong><\/li>\n<\/ol>\n<p>F\u00fcr weitere Einzelheiten k\u00f6nnen Sie die Rechtsgrundlage einsehen:<\/p>\n<ul>\n<li>Verordnung (EU) 2016\/679 zum Schutz nat\u00fcrlicher Personen bei der Verarbeitung personenbezogener Daten und zum freien Datenverkehr und zur Aufhebung der Richtlinie 95\/46\/EG (Datenschutz-Grundverordnung) (abrufbar unter\u00a0<a href=\"https:\/\/www.dataprotection.ro\/servlet\/ViewDocument?id=1262\">Verordnung_nr_679_2016<\/a>).<\/li>\n<li>Gesetz Nr. 506\/2004 \u00fcber die Verarbeitung personenbezogener Daten und den Schutz der Privatsph\u00e4re im Bereich der elektronischen Kommunikation.<\/li>\n<\/ul>\n<p>Die Unternehmensleitung verpflichtet sich, daf\u00fcr zu sorgen, dass diese Datenschutzpolitik von allen Mitarbeitern eingehalten wird, indem sie interne Verfahren einf\u00fchrt, die speziell auf die Vorschriften zum Schutz personenbezogener Daten in \u00dcbereinstimmung mit der Rechtsgrundlage f\u00fcr ihre Verarbeitung zugeschnitten sind.<\/p>\n<p>&nbsp;<\/p>\n","protected":false},"excerpt":{"rendered":"<p>EINLEITUNG: Ab dem 25. Mai 2018 gilt die\u00a0Verordnung (EU) 2016\/679 zum Schutz nat\u00fcrlicher Personen bei der Verarbeitung personenbezogener Daten, zum freien Datenverkehr und zur Aufhebung der Richtlinie 95\/46\/EG (Datenschutz-Grundverordnung). ) nachfolgend \u201eDSGVO-Verordnung\u201cgenannt. Wir bitten Sie die Informationen in diesem Dokument einzusehen, da es die Unternehmenspolitik von Aplast Wood Industry\u00a0 SRL in Bezug auf die Verarbeitung [&hellip;]<\/p>\n","protected":false},"author":2,"featured_media":1413,"parent":0,"menu_order":106,"comment_status":"closed","ping_status":"closed","template":"","meta":{"footnotes":""},"yoast_head":"<!-- This site is optimized with the Yoast SEO plugin v19.9 - https:\/\/yoast.com\/wordpress\/plugins\/seo\/ -->\n<title>GDPR-Bestimmungen | Aplast<\/title>\n<meta name=\"robots\" content=\"noindex, follow\" \/>\n<meta property=\"og:locale\" content=\"de_DE\" \/>\n<meta property=\"og:type\" content=\"article\" \/>\n<meta property=\"og:title\" content=\"GDPR-Bestimmungen | Aplast\" \/>\n<meta property=\"og:description\" content=\"EINLEITUNG: Ab dem 25. Mai 2018 gilt die\u00a0Verordnung (EU) 2016\/679 zum Schutz nat\u00fcrlicher Personen bei der Verarbeitung personenbezogener Daten, zum freien Datenverkehr und zur Aufhebung der Richtlinie 95\/46\/EG (Datenschutz-Grundverordnung). ) nachfolgend \u201eDSGVO-Verordnung\u201cgenannt. Wir bitten Sie die Informationen in diesem Dokument einzusehen, da es die Unternehmenspolitik von Aplast Wood Industry\u00a0 SRL in Bezug auf die Verarbeitung [&hellip;]\" \/>\n<meta property=\"og:url\" content=\"https:\/\/aplast.ro\/de\/gdpr-bestimmungen\/\" \/>\n<meta property=\"og:site_name\" content=\"Aplast\" \/>\n<meta property=\"article:modified_time\" content=\"2024-08-21T19:39:16+00:00\" \/>\n<meta property=\"og:image\" content=\"https:\/\/aplast.ro\/wp-content\/uploads\/2020\/08\/conf.jpg\" \/>\n\t<meta property=\"og:image:width\" content=\"1920\" \/>\n\t<meta property=\"og:image:height\" content=\"400\" \/>\n\t<meta property=\"og:image:type\" content=\"image\/jpeg\" \/>\n<meta name=\"twitter:card\" content=\"summary_large_image\" \/>\n<meta name=\"twitter:label1\" content=\"Gesch\u00e4tzte Lesezeit\" \/>\n\t<meta name=\"twitter:data1\" content=\"7\u00a0Minuten\" \/>\n<script type=\"application\/ld+json\" class=\"yoast-schema-graph\">{\"@context\":\"https:\/\/schema.org\",\"@graph\":[{\"@type\":\"WebPage\",\"@id\":\"https:\/\/aplast.ro\/de\/gdpr-bestimmungen\/\",\"url\":\"https:\/\/aplast.ro\/de\/gdpr-bestimmungen\/\",\"name\":\"GDPR-Bestimmungen | Aplast\",\"isPartOf\":{\"@id\":\"https:\/\/aplast.ro\/#website\"},\"datePublished\":\"2021-04-15T13:21:14+00:00\",\"dateModified\":\"2024-08-21T19:39:16+00:00\",\"breadcrumb\":{\"@id\":\"https:\/\/aplast.ro\/de\/gdpr-bestimmungen\/#breadcrumb\"},\"inLanguage\":\"de\",\"potentialAction\":[{\"@type\":\"ReadAction\",\"target\":[\"https:\/\/aplast.ro\/de\/gdpr-bestimmungen\/\"]}]},{\"@type\":\"BreadcrumbList\",\"@id\":\"https:\/\/aplast.ro\/de\/gdpr-bestimmungen\/#breadcrumb\",\"itemListElement\":[{\"@type\":\"ListItem\",\"position\":1,\"name\":\"Home\",\"item\":\"https:\/\/aplast.ro\/de\/\"},{\"@type\":\"ListItem\",\"position\":2,\"name\":\"GDPR-Bestimmungen\"}]},{\"@type\":\"WebSite\",\"@id\":\"https:\/\/aplast.ro\/#website\",\"url\":\"https:\/\/aplast.ro\/\",\"name\":\"Aplast\",\"description\":\"Ferestre \u0219i U\u0219i PVC &amp; Termopan\",\"publisher\":{\"@id\":\"https:\/\/aplast.ro\/#organization\"},\"potentialAction\":[{\"@type\":\"SearchAction\",\"target\":{\"@type\":\"EntryPoint\",\"urlTemplate\":\"https:\/\/aplast.ro\/?s={search_term_string}\"},\"query-input\":\"required name=search_term_string\"}],\"inLanguage\":\"de\"},{\"@type\":\"Organization\",\"@id\":\"https:\/\/aplast.ro\/#organization\",\"name\":\"Aplast\",\"url\":\"https:\/\/aplast.ro\/\",\"logo\":{\"@type\":\"ImageObject\",\"inLanguage\":\"de\",\"@id\":\"https:\/\/aplast.ro\/#\/schema\/logo\/image\/\",\"url\":\"https:\/\/aplast.ro\/wp-content\/uploads\/2023\/08\/logo-aplast.png\",\"contentUrl\":\"https:\/\/aplast.ro\/wp-content\/uploads\/2023\/08\/logo-aplast.png\",\"width\":213,\"height\":100,\"caption\":\"Aplast\"},\"image\":{\"@id\":\"https:\/\/aplast.ro\/#\/schema\/logo\/image\/\"}}]}<\/script>\n<!-- \/ Yoast SEO plugin. -->","yoast_head_json":{"title":"GDPR-Bestimmungen | Aplast","robots":{"index":"noindex","follow":"follow"},"og_locale":"de_DE","og_type":"article","og_title":"GDPR-Bestimmungen | Aplast","og_description":"EINLEITUNG: Ab dem 25. Mai 2018 gilt die\u00a0Verordnung (EU) 2016\/679 zum Schutz nat\u00fcrlicher Personen bei der Verarbeitung personenbezogener Daten, zum freien Datenverkehr und zur Aufhebung der Richtlinie 95\/46\/EG (Datenschutz-Grundverordnung). ) nachfolgend \u201eDSGVO-Verordnung\u201cgenannt. Wir bitten Sie die Informationen in diesem Dokument einzusehen, da es die Unternehmenspolitik von Aplast Wood Industry\u00a0 SRL in Bezug auf die Verarbeitung [&hellip;]","og_url":"https:\/\/aplast.ro\/de\/gdpr-bestimmungen\/","og_site_name":"Aplast","article_modified_time":"2024-08-21T19:39:16+00:00","og_image":[{"width":1920,"height":400,"url":"https:\/\/aplast.ro\/wp-content\/uploads\/2020\/08\/conf.jpg","type":"image\/jpeg"}],"twitter_card":"summary_large_image","twitter_misc":{"Gesch\u00e4tzte Lesezeit":"7\u00a0Minuten"},"schema":{"@context":"https:\/\/schema.org","@graph":[{"@type":"WebPage","@id":"https:\/\/aplast.ro\/de\/gdpr-bestimmungen\/","url":"https:\/\/aplast.ro\/de\/gdpr-bestimmungen\/","name":"GDPR-Bestimmungen | Aplast","isPartOf":{"@id":"https:\/\/aplast.ro\/#website"},"datePublished":"2021-04-15T13:21:14+00:00","dateModified":"2024-08-21T19:39:16+00:00","breadcrumb":{"@id":"https:\/\/aplast.ro\/de\/gdpr-bestimmungen\/#breadcrumb"},"inLanguage":"de","potentialAction":[{"@type":"ReadAction","target":["https:\/\/aplast.ro\/de\/gdpr-bestimmungen\/"]}]},{"@type":"BreadcrumbList","@id":"https:\/\/aplast.ro\/de\/gdpr-bestimmungen\/#breadcrumb","itemListElement":[{"@type":"ListItem","position":1,"name":"Home","item":"https:\/\/aplast.ro\/de\/"},{"@type":"ListItem","position":2,"name":"GDPR-Bestimmungen"}]},{"@type":"WebSite","@id":"https:\/\/aplast.ro\/#website","url":"https:\/\/aplast.ro\/","name":"Aplast","description":"Ferestre \u0219i U\u0219i PVC &amp; Termopan","publisher":{"@id":"https:\/\/aplast.ro\/#organization"},"potentialAction":[{"@type":"SearchAction","target":{"@type":"EntryPoint","urlTemplate":"https:\/\/aplast.ro\/?s={search_term_string}"},"query-input":"required name=search_term_string"}],"inLanguage":"de"},{"@type":"Organization","@id":"https:\/\/aplast.ro\/#organization","name":"Aplast","url":"https:\/\/aplast.ro\/","logo":{"@type":"ImageObject","inLanguage":"de","@id":"https:\/\/aplast.ro\/#\/schema\/logo\/image\/","url":"https:\/\/aplast.ro\/wp-content\/uploads\/2023\/08\/logo-aplast.png","contentUrl":"https:\/\/aplast.ro\/wp-content\/uploads\/2023\/08\/logo-aplast.png","width":213,"height":100,"caption":"Aplast"},"image":{"@id":"https:\/\/aplast.ro\/#\/schema\/logo\/image\/"}}]}},"_links":{"self":[{"href":"https:\/\/aplast.ro\/de\/wp-json\/wp\/v2\/pages\/2331"}],"collection":[{"href":"https:\/\/aplast.ro\/de\/wp-json\/wp\/v2\/pages"}],"about":[{"href":"https:\/\/aplast.ro\/de\/wp-json\/wp\/v2\/types\/page"}],"author":[{"embeddable":true,"href":"https:\/\/aplast.ro\/de\/wp-json\/wp\/v2\/users\/2"}],"replies":[{"embeddable":true,"href":"https:\/\/aplast.ro\/de\/wp-json\/wp\/v2\/comments?post=2331"}],"version-history":[{"count":6,"href":"https:\/\/aplast.ro\/de\/wp-json\/wp\/v2\/pages\/2331\/revisions"}],"predecessor-version":[{"id":3318,"href":"https:\/\/aplast.ro\/de\/wp-json\/wp\/v2\/pages\/2331\/revisions\/3318"}],"wp:featuredmedia":[{"embeddable":true,"href":"https:\/\/aplast.ro\/de\/wp-json\/wp\/v2\/media\/1413"}],"wp:attachment":[{"href":"https:\/\/aplast.ro\/de\/wp-json\/wp\/v2\/media?parent=2331"}],"curies":[{"name":"wp","href":"https:\/\/api.w.org\/{rel}","templated":true}]}}