{"id":2329,"date":"2021-04-15T16:20:14","date_gmt":"2021-04-15T13:20:14","guid":{"rendered":"http:\/\/dev.quart.ro\/aplast\/?page_id=2329"},"modified":"2024-08-21T22:35:18","modified_gmt":"2024-08-21T19:35:18","slug":"cookie-richtlinie","status":"publish","type":"page","link":"https:\/\/aplast.ro\/de\/cookie-richtlinie\/","title":{"rendered":"Cookie-Richtlinie"},"content":{"rendered":"<p class=\"p1\">1. Die Website www.aplast.ro verwendet Cookies, die das ordnungsgem\u00e4\u00dfe Funktionieren der Website gew\u00e4hrleisten, aber auch Cookies, die sowohl dazu dienen, den Benutzern so relevante Informationen wie m\u00f6glich bereitzustellen, als auch die Dienste, um die bereitgestellten Informationen entsprechend dieser Richtlinie an Ihre Bed\u00fcrfnisse anzupassen.<\/p>\n<p class=\"p1\">Diese Richtlinie bezieht sich auf die Cookies, die gegebenenfalls auf den von \u201eAplast Wood Industry SRL\u201c betriebenen Websites und Anwendungen verwendet werden.<\/p>\n<p class=\"p1\">Cookies werden f\u00fcr folgende Zwecke verwendet:<\/p>\n<p class=\"p1\">&#8211; Betrieb der Website<\/p>\n<p class=\"p1\">&#8211; Analyse des Verhaltens der Website-Besucher<\/p>\n<p class=\"p1\">&#8211; F\u00fcr Werbung<\/p>\n<p class=\"p1\">Diese Richtlinie wird erg\u00e4nzt durch die Richtlinie zum Schutz personenbezogener Daten und die Nutzungsbedingungen der Website von \u201eAplast\u201c, die Sie unbedingt lesen sollten, einschlie\u00dflich zus\u00e4tzlicher n\u00fctzlicher Informationen, einschlie\u00dflich der Person, die f\u00fcr \u201eAplast\u201c zum Schutz personenbezogener Daten verantwortlich sind, alle Zwecke der Datenverarbeitung durch &#8222;Aplast Wood Industry SRL&#8220;, Ihre Rechte sowie deren Ausnahmen und Einschr\u00e4nkungen.<\/p>\n<p class=\"p1\">Der ordnungsgem\u00e4\u00dfe Schutz personenbezogener Daten ist ein wichtiges Ziel von \u201eAplast Wood Industry SRL\u201c. Es ist unser Anliegen, die Umsetzung in diesem Bereich so transparent wie m\u00f6glich zu gestalten. Bei Fragen wenden Sie sich bitte an office@aplast.com.<\/p>\n<p class=\"p1\">2. Was sind Cookies?<\/p>\n<p class=\"p1\">Ein Cookie ist eine kleine Datei, die aus Buchstaben und Zahlen besteht und auf einem Computer, einem mobilen Endger\u00e4t oder einem anderen Ger\u00e4t eines Benutzers gespeichert wird, der auf das Internet zugreift. Das Cookie wird durch die Anforderung installiert, die vom Benutzerterminal an einen Server von &#8222;Aplast&#8220; gesendet wird.<\/p>\n<p class=\"p1\">Das Gesetz sieht vor, dass wir Cookies auf dem Ger\u00e4t des Benutzers speichern d\u00fcrfen, wenn diese f\u00fcr den Betrieb dieser Website unbedingt erforderlich sind. F\u00fcr alle anderen Arten von Cookies ben\u00f6tigen wir die Erlaubnis der Benutzer. Daher k\u00f6nnen Sie Ihre Einwilligung jederzeit \u00e4ndern oder widerrufen, indem Sie die Box f\u00fcr die Cookie-Module auf unserer Website deaktivieren.<\/p>\n<p class=\"p1\">3. Wof\u00fcr werden Cookies verwendet?<\/p>\n<p class=\"p1\">Diese Dateien erm\u00f6glichen es haupts\u00e4chlich, das Terminal des Benutzers zu erkennen und den Inhalt auf relevante Weise zu pr\u00e4sentieren, angepasst an die Vorlieben des Benutzers. Cookies bieten Benutzern ein angenehmes Surferlebnis und unterst\u00fctzen die Bem\u00fchungen von \u201eAplast\u201c, benutzerfreundlichere Dienste bereitzustellen, zum Beispiel: Pr\u00e4ferenzen f\u00fcr Online-Datenschutz, Warenkorb oder relevante Werbung. Sie werden auch zur Erstellung aggregierter anonymer Statistiken verwendet, die uns helfen zu verstehen, wie ein Benutzer von unseren Webseiten profitiert, und die es uns erm\u00f6glichen, seine Struktur und ihren Inhalt zu verbessern, ohne dass der Benutzer pers\u00f6nlich identifiziert werden kann.<\/p>\n<p class=\"p1\">4. Welche Cookies verwenden wir?<\/p>\n<p class=\"p1\">Wir verwenden zwei Arten von Cookies, Pro-Sitzung-Cookies und persistente Cookies. Pro-Sitzung-Cookies sind tempor\u00e4re Dateien, die bis zum Ende der Sitzung oder beim Schlie\u00dfen der Anwendung im Terminal des Benutzers verbleiben. Persistente, feste Cookies verbleiben auf dem Benutzerterminal f\u00fcr einen Zeitraum, der durch die Cookie-Parameter bestimmt wird, oder bis sie vom Benutzer manuell gel\u00f6scht werden.<\/p>\n<p class=\"p1\">Wir haben unsere Cookies in die folgenden Kategorien eingeteilt, um auf die Notwendigkeit ihrer Existenz hinzuweisen:<\/p>\n<p class=\"p1\">1. Unbedingt erforderlich (Funktionsf\u00e4higkeit) &#8211; Die erforderlichen Cookies helfen dabei, eine Website nutzbar zu machen, indem sie grundlegende Funktionen wie die Seitennavigation und den Zugriff auf sichere Bereiche der Website aktivieren. Die Site kann ohne diese Cookies nicht in optimalen Parametern funktionieren.<\/p>\n<p class=\"p1\">2. Einstellungen &#8211; Mit bevorzugten Cookies kann eine Website Informationen speichern, die sich durch das Verhalten oder Aussehen der Website \u00e4ndern, z. B. Ihre bevorzugte Sprache oder Region.<\/p>\n<p class=\"p1\">3. Statistiken &#8211; Statistische Cookies helfen Websitebesitzern zu verstehen, wie Besucher mit Websites interagieren, indem sie anonym Informationen sammeln und melden.<\/p>\n<p class=\"p1\">4. Marketing &#8211; Marketing-Cookies werden verwendet, um Benutzer von einer Website zur anderen zu verfolgen. Ziel ist es, relevante und ansprechende Anzeigen f\u00fcr einzelne Nutzer zu schalten, damit diese f\u00fcr Werbetreibende und an der Werbung beteiligte Dritte wertvoller sind. Wir verwenden diese Informationen dann, um Anzeigen und Seiten von Interesse anzuzeigen, die Art und Weise unserer Kommunikation zu individualisieren oder den Inhalt der von uns gesendeten Mitteilungen zu individualisieren. Wenn er es vorzieht, kann der Benutzer sie abw\u00e4hlen. Inhaltsindividualisierung bedeutet, dass sie Informationen enth\u00e4lt, die das Interesse des Benutzers am Inhalt unserer Seiten oder Angebote oder Werbeaktionen widerspiegeln, deshalb von Interesse sein k\u00f6nnen, um die Art und Weise zu verbessern, wie wir auf Ihre Bed\u00fcrfnisse reagieren.<\/p>\n<p class=\"p1\">5. Wie werden Cookies von dieser Website verwendet?<\/p>\n<p class=\"p1\">Streng notwendige Cookies und \/ oder \u00e4hnliche Technologien sind f\u00fcr das ordnungsgem\u00e4\u00dfe Funktionieren der Website unerl\u00e4sslich. Sie werden auf Ihrem Ger\u00e4t gesetzt, wenn Sie auf die Website zugreifen oder die auf der Website durchgef\u00fchrten Aktionen ausf\u00fchren. Sie k\u00f6nnen Ihren Browser so einstellen, dass Cookies blockiert werden. In diesem Fall funktionieren bestimmte Bereiche der Website jedoch nicht ordnungsgem\u00e4\u00df.<\/p>\n<p class=\"p1\">Wir verwenden Cookies, um Kundenk\u00e4ufe und die auf der Website ergriffenen Ma\u00dfnahmen zu \u00fcberwachen. Cookies erm\u00f6glichen dem Benutzer auch den Zugriff auf Dienste wie die Verfolgung der Bestellung, die \u00dcberpr\u00fcfung seines Kontos oder den Erhalt zus\u00e4tzlicher Vorteile.<\/p>\n<p class=\"p1\">Unsere Cookies speichern keine pers\u00f6nlichen Daten wie Name oder Bankdaten. Sie erm\u00f6glichen es uns nur, Informationen zu finden, mit denen wir die Browserdaten mit den pers\u00f6nlichen Daten des Benutzers verkn\u00fcpfen k\u00f6nnen, wenn er sich f\u00fcr einen Dienst registriert. In einigen Situationen verwenden wir daher dauerhafte Cookies. Wir nehmen den Schutz Ihrer pers\u00f6nlichen Daten ernst &#8211; wir \u00fcberwachen und verbessern stets, wie wir Sie sch\u00fctzen k\u00f6nnen. Jedes Mal, wenn der Benutzer auf die Site zugreift, wird die folgende Meldung angezeigt:<\/p>\n<p class=\"p1\"><i>\u201eDiese Seite verwendet Cookies. Wir verwenden Cookies, um Inhalte und Anzeigen zu personalisieren, Funktionen f\u00fcr soziale Netzwerke bereitzustellen und den Datenverkehr zu analysieren. Wenn Sie unsere Website weiterhin nutzen, stimmen Sie den Richtlinien zur Verwendung von Cookies zu. Ihre Zustimmung gilt f\u00fcr folgende Domains: \u201eaplast.com\u201c.<\/i><\/p>\n<p class=\"p2\"><span class=\"Apple-converted-space\">\u00a0<\/span><\/p>\n<p class=\"p1\">6. Enthalten Cookies personenbezogene Daten?<\/p>\n<p class=\"p1\">F\u00fcr Cookies m\u00fcssen keine pers\u00f6nlichen Daten verwendet werden, und in vielen F\u00e4llen werden Internetnutzer nicht pers\u00f6nlich identifiziert. Es gibt jedoch Situationen, in denen personenbezogene Daten mithilfe von Cookies erfasst werden k\u00f6nnen, um bestimmte Funktionen f\u00fcr den Benutzer zu vereinfachen oder dem Benutzer ein Erlebnis zu bieten, das besser an seine Vorlieben angepasst ist. Solche Daten werden so verschl\u00fcsselt, dass Unbefugte nicht darauf zugreifen k\u00f6nnen.<\/p>\n<p class=\"p1\">7. Cookies blockieren.<\/p>\n<p class=\"p1\">Wenn der Benutzer Cookies blockieren m\u00f6chte, werden einige Funktionen der Website deaktiviert. Dies kann zu bestimmten Fehlfunktionen oder Fehlern bei der Nutzung unserer Website f\u00fchren. Das Blockieren von Cookies kann beispielsweise Folgendes verhindern: &#8211; Online-Eink\u00e4ufe<\/p>\n<p class=\"p1\">&#8211; Authentifizierung im Benutzerkonto<\/p>\n<p class=\"p1\">Die meisten Browser akzeptieren Cookies standardm\u00e4\u00dfig, Sie k\u00f6nnen jedoch die Einstellungen \u00e4ndern, um einige oder alle Ihrer Cookies zu blockieren.<\/p>\n<p class=\"p1\">Die Entscheidung, Cookies zu behalten oder zu l\u00f6schen, liegt bei jedem Benutzer. Bevor Sie diesbez\u00fcglich Ma\u00dfnahmen ergreifen, empfehlen wir Ihnen, einige Dinge zu beachten:<\/p>\n<p class=\"p1\">Der Zweck von Cookies besteht darin, das Surferlebnis der Benutzer zu verbessern und uns durch statistische Daten zu helfen, die nach Besuchen der Website www.aplast.com gesammelt wurden, um die von uns angebotenen Produkte und Dienstleistungen zu verbessern. Diese Dateien stellen keine Bedrohung f\u00fcr die Datensicherheit der Benutzer dar. Sie greifen nicht auf Informationen zu oder \u00fcbertragen solche, die auf der Festplatte ihres Computers oder Telefons gespeichert sind.<\/p>\n<p class=\"p1\">Ihre Gr\u00f6\u00dfe ist vernachl\u00e4ssigbar, ohne die Leistung des Computers oder Telefons zu ver\u00e4ndern, auf dem sie gespeichert sind. Ein m\u00f6gliches L\u00f6schen dieser Dateien kann zu Schwierigkeiten beim Navigieren auf der Website www.aplast.com f\u00fchren und die M\u00f6glichkeiten der Benutzer einschr\u00e4nken, den Inhalt anzuzeigen. Wir empfehlen Benutzern, diese Dateien nicht zu l\u00f6schen, da das L\u00f6schen, Deaktivieren oder Verweigern der Registrierung auf Ihrem Computer oder Telefon implizit die Art und Weise beeinflusst, wie Sie im Internet surfen, wodurch die Leistung der von Ihnen besuchten Websites eingeschr\u00e4nkt wird. Benutzer sollten sich auch dar\u00fcber im Klaren sein, dass das L\u00f6schen von Cookies dazu f\u00fchrt, dass Werbung nicht mehr auf ihre Interessen zugeschnitten ist. Um online einkaufen zu k\u00f6nnen oder sich \u00fcber die Produkte \/ Dienstleistungen von \u201eAplast\u201c zu informieren, m\u00fcssen Cookies im Internetbrowser aktiviert werden. Auf diese Einstellungen kann in der Regel im Bereich \u201eOptionen\u201c oder im Men\u00fc \u201eEinstellungen\u201c des Browsers zugegriffen werden.<\/p>\n<p class=\"p1\">8. Verwalten der Einstellungen f\u00fcr die Platzierung von Cookies.<\/p>\n<p class=\"p1\">Im Allgemeinen k\u00f6nnen Sie mit einer Anwendung, die f\u00fcr den Zugriff auf Webseiten verwendet wird, standardm\u00e4\u00dfig Cookies und\/oder \u00e4hnliche Technologien auf dem Terminal speichern. Diese werden f\u00fcr die in der folgenden Tabelle beschriebenen Zeitr\u00e4ume gespeichert. Diese Einstellungen k\u00f6nnen so ge\u00e4ndert werden, dass die automatische Verwaltung von Cookies vom Webbrowser blockiert wird oder der Benutzer jedes Mal informiert wird, wenn Cookies an sein Terminal gesendet werden.<\/p>\n<p class=\"p1\">Detaillierte Informationen zu den M\u00f6glichkeiten und M\u00f6glichkeiten der Verwaltung von Cookies finden Sie im Einstellungsbereich der Anwendung (Webbrowser). Die Einschr\u00e4nkung der Verwendung von Cookies kann bestimmte Funktionen der Website beeintr\u00e4chtigen.<\/p>\n<p class=\"p1\">9. Warum sind Cookies f\u00fcr das Internet wichtig?<\/p>\n<p class=\"p1\">Cookies und\/oder \u00e4hnliche Technologien sind ein zentraler Punkt f\u00fcr den effizienten Betrieb des Internets und tragen dazu bei, ein Benutzer-freundliches Surferlebnis zu generieren, das auf die Vorlieben und Interessen jedes Benutzers zugeschnitten ist. Das Ablehnen oder Deaktivieren von Cookies kann dazu f\u00fchren, dass einige Websites oder Teile von Websites nicht mehr verwendet werden k\u00f6nnen.<\/p>\n<p class=\"p1\">Das Deaktivieren von Cookies bedeutet nicht, dass der Benutzer keine gesetzeskonforme Online-Werbung mehr erh\u00e4lt, sondern nur, dass er seine Pr\u00e4ferenzen und Interessen, die durch das Surfverhalten hervorgehoben werden, nicht mehr ber\u00fccksichtigt werden k\u00f6nnen.<\/p>\n<p class=\"p1\">Beispiele f\u00fcr wichtige Verwendungen von Cookies (die f\u00fcr keinen Benutzer erforderlich sind, um sich \u00fcber ein Konto zu authentifizieren):<\/p>\n<p class=\"p1\">\u2022 Inhalte und Dienstleistungen, die an die Vorlieben der Benutzer angepasst sind &#8211; Kategorien von Produkten und Dienstleistungen.<\/p>\n<p class=\"p1\">\u2022 Angebote, die an die Interessen der Nutzer angepasst sind<\/p>\n<p class=\"p1\">\u2022 Speichern von Passw\u00f6rtern<\/p>\n<p class=\"p1\">\u2022 Beibehaltung von Kinderschutzfiltern f\u00fcr Internetinhalte (Optionen f\u00fcr den Familienmodus, sichere Suchfunktionen).<\/p>\n<p class=\"p1\">\u2022 Begrenzen Sie die H\u00e4ufigkeit der Anzeigenschaltung &#8211; Begrenzen Sie die Anzahl der Impressionen einer Anzeige f\u00fcr einen bestimmten Nutzer auf einer Website.<\/p>\n<p class=\"p1\">\u2022 Bereitstellung benutzerrelevanter Werbung.<\/p>\n<p class=\"p1\">\u2022 Messen, Optimieren und Anpassen von Analysefunktionen &#8211; z. B. Best\u00e4tigen eines bestimmten Verkehrsaufkommens auf einer Website, welche Art von Inhalten angezeigt wird und wie ein Benutzer eine Website erreicht (z. B. \u00fcber Suchmaschinen, direkt, von anderen Websites usw.). Websites f\u00fchren diese Analysen hinsichtlich ihrer Verwendung durch, um ihre Dienste zum Nutzen der Benutzer zu verbessern.<\/p>\n<p class=\"p1\">10. Sicherheits- und Datenschutzprobleme.<\/p>\n<p class=\"p1\">Im Allgemeinen verf\u00fcgen Browser \u00fcber integrierte Datenschutzeinstellungen, die eine unterschiedliche Akzeptanz von Cookies, die G\u00fcltigkeitsdauer und das automatische L\u00f6schen nach dem Besuch einer bestimmten Website durch den Benutzer erm\u00f6glichen.<\/p>\n<p class=\"p1\">Weitere Sicherheitsaspekte im Zusammenhang mit Cookies:<\/p>\n<p class=\"p1\">\u2022 Passen Sie die Browsereinstellungen f\u00fcr Cookies an, um ein komfortables Ma\u00df an Sicherheit f\u00fcr die Verwendung von Cookies f\u00fcr Benutzer widerzuspiegeln.<\/p>\n<p class=\"p1\">\u2022 Wenn der Benutzer die einzige Person ist, die den Computer verwendet, kann er auf Wunsch lange Ablaufdaten f\u00fcr die Speicherung des Browserverlaufs und der pers\u00f6nlichen Zugriffsdaten festlegen.<\/p>\n<p class=\"p1\">\u2022 Wenn zwei oder mehr Personen denselben Computer verwenden, kann der Browser so eingestellt werden, dass bei jedem Schlie\u00dfen des Browsers einzelne Browserdaten gel\u00f6scht werden. Auf diese Weise k\u00f6nnen Sie auf die Websites zugreifen, auf denen Cookies platziert werden, und Besuchsinformationen am Ende der Browsersitzung l\u00f6schen.<\/p>\n<p class=\"p1\">11. N\u00fctzliche Links und zus\u00e4tzliche Informationen.<\/p>\n<p class=\"p1\">In der folgenden Tabelle werden die auf der Website verwendeten Cookies einschlie\u00dflich ihrer Rolle beschrieben. Wir werden diese Cookies nicht anders als in dieser Cookie-Richtlinie angegeben verwenden.<\/p>\n","protected":false},"excerpt":{"rendered":"<p>1. Die Website www.aplast.ro verwendet Cookies, die das ordnungsgem\u00e4\u00dfe Funktionieren der Website gew\u00e4hrleisten, aber auch Cookies, die sowohl dazu dienen, den Benutzern so relevante Informationen wie m\u00f6glich bereitzustellen, als auch die Dienste, um die bereitgestellten Informationen entsprechend dieser Richtlinie an Ihre Bed\u00fcrfnisse anzupassen. Diese Richtlinie bezieht sich auf die Cookies, die gegebenenfalls auf den von [&hellip;]<\/p>\n","protected":false},"author":2,"featured_media":1421,"parent":0,"menu_order":98,"comment_status":"closed","ping_status":"closed","template":"","meta":{"footnotes":""},"yoast_head":"<!-- This site is optimized with the Yoast SEO plugin v19.9 - https:\/\/yoast.com\/wordpress\/plugins\/seo\/ -->\n<title>Cookie-Richtlinie | Aplast<\/title>\n<meta name=\"robots\" content=\"noindex, follow\" \/>\n<meta property=\"og:locale\" content=\"de_DE\" \/>\n<meta property=\"og:type\" content=\"article\" \/>\n<meta property=\"og:title\" content=\"Cookie-Richtlinie | Aplast\" \/>\n<meta property=\"og:description\" content=\"1. Die Website www.aplast.ro verwendet Cookies, die das ordnungsgem\u00e4\u00dfe Funktionieren der Website gew\u00e4hrleisten, aber auch Cookies, die sowohl dazu dienen, den Benutzern so relevante Informationen wie m\u00f6glich bereitzustellen, als auch die Dienste, um die bereitgestellten Informationen entsprechend dieser Richtlinie an Ihre Bed\u00fcrfnisse anzupassen. Diese Richtlinie bezieht sich auf die Cookies, die gegebenenfalls auf den von [&hellip;]\" \/>\n<meta property=\"og:url\" content=\"https:\/\/aplast.ro\/de\/cookie-richtlinie\/\" \/>\n<meta property=\"og:site_name\" content=\"Aplast\" \/>\n<meta property=\"article:modified_time\" content=\"2024-08-21T19:35:18+00:00\" \/>\n<meta property=\"og:image\" content=\"https:\/\/aplast.ro\/wp-content\/uploads\/2020\/08\/gdpr.jpg\" \/>\n\t<meta property=\"og:image:width\" content=\"1920\" \/>\n\t<meta property=\"og:image:height\" content=\"400\" \/>\n\t<meta property=\"og:image:type\" content=\"image\/jpeg\" \/>\n<meta name=\"twitter:card\" content=\"summary_large_image\" \/>\n<meta name=\"twitter:label1\" content=\"Gesch\u00e4tzte Lesezeit\" \/>\n\t<meta name=\"twitter:data1\" content=\"8\u00a0Minuten\" \/>\n<script type=\"application\/ld+json\" class=\"yoast-schema-graph\">{\"@context\":\"https:\/\/schema.org\",\"@graph\":[{\"@type\":\"WebPage\",\"@id\":\"https:\/\/aplast.ro\/de\/cookie-richtlinie\/\",\"url\":\"https:\/\/aplast.ro\/de\/cookie-richtlinie\/\",\"name\":\"Cookie-Richtlinie | Aplast\",\"isPartOf\":{\"@id\":\"https:\/\/aplast.ro\/#website\"},\"datePublished\":\"2021-04-15T13:20:14+00:00\",\"dateModified\":\"2024-08-21T19:35:18+00:00\",\"breadcrumb\":{\"@id\":\"https:\/\/aplast.ro\/de\/cookie-richtlinie\/#breadcrumb\"},\"inLanguage\":\"de\",\"potentialAction\":[{\"@type\":\"ReadAction\",\"target\":[\"https:\/\/aplast.ro\/de\/cookie-richtlinie\/\"]}]},{\"@type\":\"BreadcrumbList\",\"@id\":\"https:\/\/aplast.ro\/de\/cookie-richtlinie\/#breadcrumb\",\"itemListElement\":[{\"@type\":\"ListItem\",\"position\":1,\"name\":\"Home\",\"item\":\"https:\/\/aplast.ro\/de\/\"},{\"@type\":\"ListItem\",\"position\":2,\"name\":\"Cookie-Richtlinie\"}]},{\"@type\":\"WebSite\",\"@id\":\"https:\/\/aplast.ro\/#website\",\"url\":\"https:\/\/aplast.ro\/\",\"name\":\"Aplast\",\"description\":\"Ferestre \u0219i U\u0219i PVC &amp; Termopan\",\"publisher\":{\"@id\":\"https:\/\/aplast.ro\/#organization\"},\"potentialAction\":[{\"@type\":\"SearchAction\",\"target\":{\"@type\":\"EntryPoint\",\"urlTemplate\":\"https:\/\/aplast.ro\/?s={search_term_string}\"},\"query-input\":\"required name=search_term_string\"}],\"inLanguage\":\"de\"},{\"@type\":\"Organization\",\"@id\":\"https:\/\/aplast.ro\/#organization\",\"name\":\"Aplast\",\"url\":\"https:\/\/aplast.ro\/\",\"logo\":{\"@type\":\"ImageObject\",\"inLanguage\":\"de\",\"@id\":\"https:\/\/aplast.ro\/#\/schema\/logo\/image\/\",\"url\":\"https:\/\/aplast.ro\/wp-content\/uploads\/2023\/08\/logo-aplast.png\",\"contentUrl\":\"https:\/\/aplast.ro\/wp-content\/uploads\/2023\/08\/logo-aplast.png\",\"width\":213,\"height\":100,\"caption\":\"Aplast\"},\"image\":{\"@id\":\"https:\/\/aplast.ro\/#\/schema\/logo\/image\/\"}}]}<\/script>\n<!-- \/ Yoast SEO plugin. -->","yoast_head_json":{"title":"Cookie-Richtlinie | Aplast","robots":{"index":"noindex","follow":"follow"},"og_locale":"de_DE","og_type":"article","og_title":"Cookie-Richtlinie | Aplast","og_description":"1. Die Website www.aplast.ro verwendet Cookies, die das ordnungsgem\u00e4\u00dfe Funktionieren der Website gew\u00e4hrleisten, aber auch Cookies, die sowohl dazu dienen, den Benutzern so relevante Informationen wie m\u00f6glich bereitzustellen, als auch die Dienste, um die bereitgestellten Informationen entsprechend dieser Richtlinie an Ihre Bed\u00fcrfnisse anzupassen. Diese Richtlinie bezieht sich auf die Cookies, die gegebenenfalls auf den von [&hellip;]","og_url":"https:\/\/aplast.ro\/de\/cookie-richtlinie\/","og_site_name":"Aplast","article_modified_time":"2024-08-21T19:35:18+00:00","og_image":[{"width":1920,"height":400,"url":"https:\/\/aplast.ro\/wp-content\/uploads\/2020\/08\/gdpr.jpg","type":"image\/jpeg"}],"twitter_card":"summary_large_image","twitter_misc":{"Gesch\u00e4tzte Lesezeit":"8\u00a0Minuten"},"schema":{"@context":"https:\/\/schema.org","@graph":[{"@type":"WebPage","@id":"https:\/\/aplast.ro\/de\/cookie-richtlinie\/","url":"https:\/\/aplast.ro\/de\/cookie-richtlinie\/","name":"Cookie-Richtlinie | Aplast","isPartOf":{"@id":"https:\/\/aplast.ro\/#website"},"datePublished":"2021-04-15T13:20:14+00:00","dateModified":"2024-08-21T19:35:18+00:00","breadcrumb":{"@id":"https:\/\/aplast.ro\/de\/cookie-richtlinie\/#breadcrumb"},"inLanguage":"de","potentialAction":[{"@type":"ReadAction","target":["https:\/\/aplast.ro\/de\/cookie-richtlinie\/"]}]},{"@type":"BreadcrumbList","@id":"https:\/\/aplast.ro\/de\/cookie-richtlinie\/#breadcrumb","itemListElement":[{"@type":"ListItem","position":1,"name":"Home","item":"https:\/\/aplast.ro\/de\/"},{"@type":"ListItem","position":2,"name":"Cookie-Richtlinie"}]},{"@type":"WebSite","@id":"https:\/\/aplast.ro\/#website","url":"https:\/\/aplast.ro\/","name":"Aplast","description":"Ferestre \u0219i U\u0219i PVC &amp; Termopan","publisher":{"@id":"https:\/\/aplast.ro\/#organization"},"potentialAction":[{"@type":"SearchAction","target":{"@type":"EntryPoint","urlTemplate":"https:\/\/aplast.ro\/?s={search_term_string}"},"query-input":"required name=search_term_string"}],"inLanguage":"de"},{"@type":"Organization","@id":"https:\/\/aplast.ro\/#organization","name":"Aplast","url":"https:\/\/aplast.ro\/","logo":{"@type":"ImageObject","inLanguage":"de","@id":"https:\/\/aplast.ro\/#\/schema\/logo\/image\/","url":"https:\/\/aplast.ro\/wp-content\/uploads\/2023\/08\/logo-aplast.png","contentUrl":"https:\/\/aplast.ro\/wp-content\/uploads\/2023\/08\/logo-aplast.png","width":213,"height":100,"caption":"Aplast"},"image":{"@id":"https:\/\/aplast.ro\/#\/schema\/logo\/image\/"}}]}},"_links":{"self":[{"href":"https:\/\/aplast.ro\/de\/wp-json\/wp\/v2\/pages\/2329"}],"collection":[{"href":"https:\/\/aplast.ro\/de\/wp-json\/wp\/v2\/pages"}],"about":[{"href":"https:\/\/aplast.ro\/de\/wp-json\/wp\/v2\/types\/page"}],"author":[{"embeddable":true,"href":"https:\/\/aplast.ro\/de\/wp-json\/wp\/v2\/users\/2"}],"replies":[{"embeddable":true,"href":"https:\/\/aplast.ro\/de\/wp-json\/wp\/v2\/comments?post=2329"}],"version-history":[{"count":3,"href":"https:\/\/aplast.ro\/de\/wp-json\/wp\/v2\/pages\/2329\/revisions"}],"predecessor-version":[{"id":3314,"href":"https:\/\/aplast.ro\/de\/wp-json\/wp\/v2\/pages\/2329\/revisions\/3314"}],"wp:featuredmedia":[{"embeddable":true,"href":"https:\/\/aplast.ro\/de\/wp-json\/wp\/v2\/media\/1421"}],"wp:attachment":[{"href":"https:\/\/aplast.ro\/de\/wp-json\/wp\/v2\/media?parent=2329"}],"curies":[{"name":"wp","href":"https:\/\/api.w.org\/{rel}","templated":true}]}}